{"id":7168,"date":"2025-09-22T14:27:07","date_gmt":"2025-09-22T12:27:07","guid":{"rendered":"https:\/\/toufflers.fr\/?page_id=7168"},"modified":"2025-09-22T14:27:07","modified_gmt":"2025-09-22T12:27:07","slug":"garderie-ecole-publique","status":"publish","type":"page","link":"https:\/\/toufflers.fr\/index.php\/garderie-ecole-publique\/","title":{"rendered":"Garderie \u00e9cole publique"},"content":{"rendered":"<p><strong>Accueil p\u00e9riscolaire du matin et du soir <u>(\u00e9coles publiques uniquement)<\/u><\/strong><\/p>\n<p>L\u2019accueil p\u00e9riscolaire accueille les enfants, les lundis, mardis, jeudis, et vendredis des semaines scolaires, d\u00e8s leur scolarisation jusqu\u2019au CM2. L\u2019accueil se d\u00e9roule le matin et le soir apr\u00e8s l\u2019\u00e9cole. Les enfants doivent \u00eatre \u00e0 jour de leurs vaccinations.<\/p>\n<p><strong>Inscriptions<\/strong><\/p>\n<p>Les inscriptions se font sur <a href=\"https:\/\/toufflers.myperischool.fr\/\"><em>MyP\u00e9rischool<\/em><\/a> :<\/p>\n<ul>\n<li>En ligne : jusqu\u2019\u00e0 la veille \u00e0 minuit<\/li>\n<li>\u00c0 la mairie : le samedi matin, de 8h \u00e0 11h15, pour la semaine suivante<\/li>\n<\/ul>\n<p>\ud83d\udce7 Contact\u00a0: <a href=\"mailto:regies@toufflers.fr\">regies@toufflers.fr<\/a><\/p>\n<p><strong>Fonctionnement et lieux d\u2019accueil<\/strong><\/p>\n<p>Ces temps sont des moments de loisirs et de d\u00e9tente, et sont consacr\u00e9s \u00e0 des activit\u00e9s ludiques adapt\u00e9es aux enfants. C\u2019est pourquoi, nous proposons aux enfants des activit\u00e9s vari\u00e9es : jeux de construction, jeux de soci\u00e9t\u00e9, jeux libres, dessins, jeux sportifs\u2026<\/p>\n<p>&nbsp;<\/p>\n<table width=\"689\">\n<thead>\n<tr>\n<td width=\"139\"><strong>Cr\u00e9neau<\/strong><\/td>\n<td width=\"253\"><strong>\u00c9cole Louis Aragon (TPS \u00e0 GS)<\/strong><\/td>\n<td><strong>\u00c9cole Jacques Pr\u00e9vert (CP au CM2)<\/strong><\/td>\n<\/tr>\n<\/thead>\n<tbody>\n<tr>\n<td width=\"139\"><strong>Matin : 7h30 &#8211; 8h20<\/strong><\/td>\n<td width=\"253\">Arriv\u00e9e des enfants avant 8h15 dans la salle d\u2019accueil<\/td>\n<td>Arriv\u00e9e des enfants avant 8h15 dans le hall de l\u2019\u00e9cole Jacques Pr\u00e9vert<\/td>\n<\/tr>\n<tr>\n<td width=\"139\"><strong>Soir : 16h30 &#8211; 17h30<\/strong><\/td>\n<td width=\"253\">Les parents viennent chercher les enfants avant 17h30 \u00e0 la salle d\u2019accueil ou dans la cour (en fonction de la m\u00e9t\u00e9o et des activit\u00e9s). Go\u00fbter possible, fourni par les familles<\/td>\n<td>Les parents viennent chercher les enfants avant 17h30 \u00e0 la porte du hall de l\u2019\u00e9cole Jacques Pr\u00e9vert (pas de soutien scolaire). Go\u00fbter possible, fourni par les familles<\/td>\n<\/tr>\n<tr>\n<td width=\"139\"><strong>Soir : 17h30 &#8211; 18h30<\/strong><\/td>\n<td width=\"253\">Les parents viennent chercher les enfants entre 17h30 et 18h30. \u00e0 la salle d\u2019accueil ou dans la cour (en fonction de la m\u00e9t\u00e9o et des activit\u00e9s)<\/td>\n<td>Les enfants sont transf\u00e9r\u00e9s \u00e0 <strong>l\u2019\u00e9cole Louis Aragon<\/strong>. Les parents viennent chercher les enfants entre 17h35 et 18h30 \u00e0 la salle d\u2019accueil ou dans la cour de l\u2019\u00e9cole Aragon (en fonction de la m\u00e9t\u00e9o et des activit\u00e9s)<\/td>\n<\/tr>\n<\/tbody>\n<\/table>\n<p>&nbsp;<\/p>\n<p><strong>Informations importantes<\/strong><\/p>\n<p>L\u2019inscription \u00e0 ces activit\u00e9s implique l\u2019acceptation du r\u00e8glement municipal. Le respect des horaires est essentiel. En cas de non-inscription, des frais administratifs de 1 \u20ac par cr\u00e9neau non r\u00e9serv\u00e9 dans les d\u00e9lais seront ajout\u00e9.<\/p>\n<p>Cet accueil est d\u00e9clar\u00e9 et agr\u00e9\u00e9 aupr\u00e8s de Jeunesse et Sports, et b\u00e9n\u00e9ficie du soutien financier de la CAF.<\/p>\n<p>\ud83d\udce7 Contact :\u00a0 07.49.46.83.67\u00a0\u00a0\u00a0\u00a0\u00a0\u00a0\u00a0\u00a0\u00a0\u00a0 <a href=\"mailto:sandie@toufflers.fr\">sandie@toufflers.fr<\/a><\/p>\n<p>&nbsp;<\/p>\n","protected":false},"excerpt":{"rendered":"<p>Accueil p\u00e9riscolaire du matin et du soir (\u00e9coles publiques uniquement) L\u2019accueil p\u00e9riscolaire accueille les enfants, les lundis, mardis, jeudis, et vendredis des semaines scolaires, d\u00e8s leur scolarisation jusqu\u2019au CM2. L\u2019accueil se d\u00e9roule le matin et le soir apr\u00e8s l\u2019\u00e9cole. Les enfants doivent \u00eatre \u00e0 jour de leurs vaccinations. Inscriptions Les inscriptions se font sur MyP\u00e9rischool : En ligne : jusqu\u2019\u00e0 [&hellip;]<\/p>\n","protected":false},"author":2,"featured_media":0,"parent":0,"menu_order":0,"comment_status":"closed","ping_status":"closed","template":"","meta":{"footnotes":""},"class_list":["post-7168","page","type-page","status-publish","hentry"],"yoast_head":"<!-- This site is optimized with the Yoast SEO plugin v27.3 - https:\/\/yoast.com\/product\/yoast-seo-wordpress\/ -->\n<title>Garderie \u00e9cole publique - Toufflers<\/title>\n<meta name=\"robots\" content=\"index, follow, max-snippet:-1, max-image-preview:large, max-video-preview:-1\" \/>\n<link rel=\"canonical\" href=\"https:\/\/toufflers.fr\/index.php\/garderie-ecole-publique\/\" \/>\n<meta property=\"og:locale\" content=\"fr_FR\" \/>\n<meta property=\"og:type\" content=\"article\" \/>\n<meta property=\"og:title\" content=\"Garderie \u00e9cole publique - Toufflers\" \/>\n<meta property=\"og:description\" content=\"Accueil p\u00e9riscolaire du matin et du soir (\u00e9coles publiques uniquement) L\u2019accueil p\u00e9riscolaire accueille les enfants, les lundis, mardis, jeudis, et vendredis des semaines scolaires, d\u00e8s leur scolarisation jusqu\u2019au CM2. L\u2019accueil se d\u00e9roule le matin et le soir apr\u00e8s l\u2019\u00e9cole. Les enfants doivent \u00eatre \u00e0 jour de leurs vaccinations. Inscriptions Les inscriptions se font sur MyP\u00e9rischool : En ligne : jusqu\u2019\u00e0 [&hellip;]\" \/>\n<meta property=\"og:url\" content=\"https:\/\/toufflers.fr\/index.php\/garderie-ecole-publique\/\" \/>\n<meta property=\"og:site_name\" content=\"Toufflers\" \/>\n<meta property=\"article:publisher\" content=\"https:\/\/www.facebook.com\/people\/Mairie-de-Toufflers\/100064872632846\/?fref=ts\" \/>\n<meta name=\"twitter:card\" content=\"summary_large_image\" \/>\n<meta name=\"twitter:label1\" content=\"Dur\u00e9e de lecture estim\u00e9e\" \/>\n\t<meta name=\"twitter:data1\" content=\"2 minutes\" \/>\n<script type=\"application\/ld+json\" class=\"yoast-schema-graph\">{\"@context\":\"https:\\\/\\\/schema.org\",\"@graph\":[{\"@type\":\"WebPage\",\"@id\":\"https:\\\/\\\/toufflers.fr\\\/index.php\\\/garderie-ecole-publique\\\/\",\"url\":\"https:\\\/\\\/toufflers.fr\\\/index.php\\\/garderie-ecole-publique\\\/\",\"name\":\"Garderie \u00e9cole publique - Toufflers\",\"isPartOf\":{\"@id\":\"https:\\\/\\\/toufflers.fr\\\/#website\"},\"datePublished\":\"2025-09-22T12:27:07+00:00\",\"breadcrumb\":{\"@id\":\"https:\\\/\\\/toufflers.fr\\\/index.php\\\/garderie-ecole-publique\\\/#breadcrumb\"},\"inLanguage\":\"fr-FR\",\"potentialAction\":[{\"@type\":\"ReadAction\",\"target\":[\"https:\\\/\\\/toufflers.fr\\\/index.php\\\/garderie-ecole-publique\\\/\"]}]},{\"@type\":\"BreadcrumbList\",\"@id\":\"https:\\\/\\\/toufflers.fr\\\/index.php\\\/garderie-ecole-publique\\\/#breadcrumb\",\"itemListElement\":[{\"@type\":\"ListItem\",\"position\":1,\"name\":\"Accueil\",\"item\":\"https:\\\/\\\/toufflers.fr\\\/\"},{\"@type\":\"ListItem\",\"position\":2,\"name\":\"Garderie \u00e9cole publique\"}]},{\"@type\":\"WebSite\",\"@id\":\"https:\\\/\\\/toufflers.fr\\\/#website\",\"url\":\"https:\\\/\\\/toufflers.fr\\\/\",\"name\":\"Toufflers\",\"description\":\"\",\"publisher\":{\"@id\":\"https:\\\/\\\/toufflers.fr\\\/#organization\"},\"potentialAction\":[{\"@type\":\"SearchAction\",\"target\":{\"@type\":\"EntryPoint\",\"urlTemplate\":\"https:\\\/\\\/toufflers.fr\\\/?s={search_term_string}\"},\"query-input\":{\"@type\":\"PropertyValueSpecification\",\"valueRequired\":true,\"valueName\":\"search_term_string\"}}],\"inLanguage\":\"fr-FR\"},{\"@type\":\"Organization\",\"@id\":\"https:\\\/\\\/toufflers.fr\\\/#organization\",\"name\":\"Toufflers\",\"url\":\"https:\\\/\\\/toufflers.fr\\\/\",\"logo\":{\"@type\":\"ImageObject\",\"inLanguage\":\"fr-FR\",\"@id\":\"https:\\\/\\\/toufflers.fr\\\/#\\\/schema\\\/logo\\\/image\\\/\",\"url\":\"https:\\\/\\\/toufflers.fr\\\/wp-content\\\/uploads\\\/2024\\\/02\\\/Logo-site.png\",\"contentUrl\":\"https:\\\/\\\/toufflers.fr\\\/wp-content\\\/uploads\\\/2024\\\/02\\\/Logo-site.png\",\"width\":2560,\"height\":721,\"caption\":\"Toufflers\"},\"image\":{\"@id\":\"https:\\\/\\\/toufflers.fr\\\/#\\\/schema\\\/logo\\\/image\\\/\"},\"sameAs\":[\"https:\\\/\\\/www.facebook.com\\\/people\\\/Mairie-de-Toufflers\\\/100064872632846\\\/?fref=ts\"]}]}<\/script>\n<!-- \/ Yoast SEO plugin. -->","yoast_head_json":{"title":"Garderie \u00e9cole publique - Toufflers","robots":{"index":"index","follow":"follow","max-snippet":"max-snippet:-1","max-image-preview":"max-image-preview:large","max-video-preview":"max-video-preview:-1"},"canonical":"https:\/\/toufflers.fr\/index.php\/garderie-ecole-publique\/","og_locale":"fr_FR","og_type":"article","og_title":"Garderie \u00e9cole publique - Toufflers","og_description":"Accueil p\u00e9riscolaire du matin et du soir (\u00e9coles publiques uniquement) L\u2019accueil p\u00e9riscolaire accueille les enfants, les lundis, mardis, jeudis, et vendredis des semaines scolaires, d\u00e8s leur scolarisation jusqu\u2019au CM2. L\u2019accueil se d\u00e9roule le matin et le soir apr\u00e8s l\u2019\u00e9cole. Les enfants doivent \u00eatre \u00e0 jour de leurs vaccinations. Inscriptions Les inscriptions se font sur MyP\u00e9rischool : En ligne : jusqu\u2019\u00e0 [&hellip;]","og_url":"https:\/\/toufflers.fr\/index.php\/garderie-ecole-publique\/","og_site_name":"Toufflers","article_publisher":"https:\/\/www.facebook.com\/people\/Mairie-de-Toufflers\/100064872632846\/?fref=ts","twitter_card":"summary_large_image","twitter_misc":{"Dur\u00e9e de lecture estim\u00e9e":"2 minutes"},"schema":{"@context":"https:\/\/schema.org","@graph":[{"@type":"WebPage","@id":"https:\/\/toufflers.fr\/index.php\/garderie-ecole-publique\/","url":"https:\/\/toufflers.fr\/index.php\/garderie-ecole-publique\/","name":"Garderie \u00e9cole publique - Toufflers","isPartOf":{"@id":"https:\/\/toufflers.fr\/#website"},"datePublished":"2025-09-22T12:27:07+00:00","breadcrumb":{"@id":"https:\/\/toufflers.fr\/index.php\/garderie-ecole-publique\/#breadcrumb"},"inLanguage":"fr-FR","potentialAction":[{"@type":"ReadAction","target":["https:\/\/toufflers.fr\/index.php\/garderie-ecole-publique\/"]}]},{"@type":"BreadcrumbList","@id":"https:\/\/toufflers.fr\/index.php\/garderie-ecole-publique\/#breadcrumb","itemListElement":[{"@type":"ListItem","position":1,"name":"Accueil","item":"https:\/\/toufflers.fr\/"},{"@type":"ListItem","position":2,"name":"Garderie \u00e9cole publique"}]},{"@type":"WebSite","@id":"https:\/\/toufflers.fr\/#website","url":"https:\/\/toufflers.fr\/","name":"Toufflers","description":"","publisher":{"@id":"https:\/\/toufflers.fr\/#organization"},"potentialAction":[{"@type":"SearchAction","target":{"@type":"EntryPoint","urlTemplate":"https:\/\/toufflers.fr\/?s={search_term_string}"},"query-input":{"@type":"PropertyValueSpecification","valueRequired":true,"valueName":"search_term_string"}}],"inLanguage":"fr-FR"},{"@type":"Organization","@id":"https:\/\/toufflers.fr\/#organization","name":"Toufflers","url":"https:\/\/toufflers.fr\/","logo":{"@type":"ImageObject","inLanguage":"fr-FR","@id":"https:\/\/toufflers.fr\/#\/schema\/logo\/image\/","url":"https:\/\/toufflers.fr\/wp-content\/uploads\/2024\/02\/Logo-site.png","contentUrl":"https:\/\/toufflers.fr\/wp-content\/uploads\/2024\/02\/Logo-site.png","width":2560,"height":721,"caption":"Toufflers"},"image":{"@id":"https:\/\/toufflers.fr\/#\/schema\/logo\/image\/"},"sameAs":["https:\/\/www.facebook.com\/people\/Mairie-de-Toufflers\/100064872632846\/?fref=ts"]}]}},"_links":{"self":[{"href":"https:\/\/toufflers.fr\/index.php\/wp-json\/wp\/v2\/pages\/7168","targetHints":{"allow":["GET"]}}],"collection":[{"href":"https:\/\/toufflers.fr\/index.php\/wp-json\/wp\/v2\/pages"}],"about":[{"href":"https:\/\/toufflers.fr\/index.php\/wp-json\/wp\/v2\/types\/page"}],"author":[{"embeddable":true,"href":"https:\/\/toufflers.fr\/index.php\/wp-json\/wp\/v2\/users\/2"}],"replies":[{"embeddable":true,"href":"https:\/\/toufflers.fr\/index.php\/wp-json\/wp\/v2\/comments?post=7168"}],"version-history":[{"count":1,"href":"https:\/\/toufflers.fr\/index.php\/wp-json\/wp\/v2\/pages\/7168\/revisions"}],"predecessor-version":[{"id":7169,"href":"https:\/\/toufflers.fr\/index.php\/wp-json\/wp\/v2\/pages\/7168\/revisions\/7169"}],"wp:attachment":[{"href":"https:\/\/toufflers.fr\/index.php\/wp-json\/wp\/v2\/media?parent=7168"}],"curies":[{"name":"wp","href":"https:\/\/api.w.org\/{rel}","templated":true}]}}