{"id":4623,"date":"2022-04-19T10:04:41","date_gmt":"2022-04-19T08:04:41","guid":{"rendered":"https:\/\/toufflers.fr\/?page_id=4623"},"modified":"2026-04-19T17:29:52","modified_gmt":"2026-04-19T15:29:52","slug":"creer-son-compte-myperischool","status":"publish","type":"page","link":"https:\/\/toufflers.fr\/index.php\/creer-son-compte-myperischool\/","title":{"rendered":"Cr\u00e9er son compte MyPerischool"},"content":{"rendered":"<p align=\"center\"><span style=\"color: #ff6600;\"><strong><u><span style=\"font-size: 25px;\" data-fusion-font=\"true\">CR\u00c9ER MON COMPTE MYPERISCHOOL<\/span><\/u><\/strong><\/span><\/p>\n<p align=\"center\"><img loading=\"lazy\" decoding=\"async\" class=\"alignnone size-full wp-image-4627\" src=\"https:\/\/toufflers.fr\/wp-content\/uploads\/2022\/04\/MyPerischool.png\" alt=\"\" width=\"299\" height=\"299\" \/><\/p>\n<p align=\"center\"><strong><span style=\"color: #ff6600;\">Les inscriptions \u00e0 la restauration scolaire, aux centres de loisirs, aux mercredis r\u00e9cr\u00e9atifs (et la garderie des \u00e9coles publiques) se font via le logiciel Myp\u00e9rischool.<\/span><\/strong><\/p>\n<p align=\"center\">Pour ces activit\u00e9s, vous devez <strong>obligatoirement cr\u00e9er un compte <\/strong>sur le site d\u00e9di\u00e9 : <b><a style=\"color: #00c7d6;\" href=\"https:\/\/toufflers.myperischool.fr\/\" target=\"_blank\" rel=\"noopener\">https:\/\/toufflers.myperischool.fr\/<\/a><\/b> (site s\u00e9curis\u00e9).<\/p>\n<p align=\"center\">Pour cela, vous aurez besoin de vous rendre sur le site, et y inscrire le code commune qui est : <strong>FLERS59<\/strong>. Une fois les \u00e9l\u00e9ments renseign\u00e9s (nom \u2013 pr\u00e9nom &#8211; date de naissance &#8211; adresse etc..), <strong>vous devrez d\u00e9poser votre avis d\u2019imposition.<\/strong> Une fois votre avis valid\u00e9 par nos services, <strong>vous devrez vous reconnecter pour y ajouter votre justificatif de domicile (facture d\u2019eau \u2013 gaz-\u00e9lectricit\u00e9), ainsi que le carnet de vaccination de votre enfant (uniquement les pages des vaccins obligatoires).<\/strong><\/p>\n<p align=\"center\"><strong><em><span style=\"color: #b70153;\">Sans le d\u00e9p\u00f4t et la validation de ces documents, vous ne pourrez pas inscrire votre enfant aux activit\u00e9s.<\/span><\/em><\/strong><\/p>\n<p align=\"center\"><strong>Les inscriptions doivent se faire pour les cantines et les mercredis r\u00e9cr\u00e9atifs la semaine pr\u00e9c\u00e9dente au plus tard (jusqu\u2019au vendredi soir minuit sur internet ou le samedi matin en mairie de 8h \u00e0 11h15). Pour les garderies des \u00e9coles publiques du matin et du soir l\u2019inscription peut se faire la veille pour le lendemain uniquement depuis le logiciel. <\/strong><\/p>\n<p align=\"center\"><a href=\"https:\/\/youtu.be\/zGswwr-M7Zw\" target=\"_blank\" rel=\"noopener\"><strong>&gt; Mode d&#8217;emploi en vid\u00e9o<\/strong><\/a><\/p>\n","protected":false},"excerpt":{"rendered":"<p>CR\u00c9ER MON COMPTE MYPERISCHOOL Les inscriptions \u00e0 la restauration scolaire, aux centres de loisirs, aux mercredis r\u00e9cr\u00e9atifs (et la garderie des \u00e9coles publiques) se font via le logiciel Myp\u00e9rischool. Pour ces activit\u00e9s, vous devez obligatoirement cr\u00e9er un compte sur le site d\u00e9di\u00e9 : https:\/\/toufflers.myperischool.fr\/ (site s\u00e9curis\u00e9). Pour cela, vous aurez besoin de vous rendre sur le site, et y inscrire [&hellip;]<\/p>\n","protected":false},"author":1,"featured_media":0,"parent":0,"menu_order":0,"comment_status":"closed","ping_status":"closed","template":"","meta":{"footnotes":""},"class_list":["post-4623","page","type-page","status-publish","hentry"],"yoast_head":"<!-- This site is optimized with the Yoast SEO plugin v27.4 - https:\/\/yoast.com\/product\/yoast-seo-wordpress\/ -->\n<title>Cr\u00e9er son compte MyPerischool - Toufflers<\/title>\n<meta name=\"robots\" content=\"index, follow, max-snippet:-1, max-image-preview:large, max-video-preview:-1\" \/>\n<link rel=\"canonical\" href=\"https:\/\/toufflers.fr\/index.php\/creer-son-compte-myperischool\/\" \/>\n<meta property=\"og:locale\" content=\"fr_FR\" \/>\n<meta property=\"og:type\" content=\"article\" \/>\n<meta property=\"og:title\" content=\"Cr\u00e9er son compte MyPerischool - Toufflers\" \/>\n<meta property=\"og:description\" content=\"CR\u00c9ER MON COMPTE MYPERISCHOOL Les inscriptions \u00e0 la restauration scolaire, aux centres de loisirs, aux mercredis r\u00e9cr\u00e9atifs (et la garderie des \u00e9coles publiques) se font via le logiciel Myp\u00e9rischool. Pour ces activit\u00e9s, vous devez obligatoirement cr\u00e9er un compte sur le site d\u00e9di\u00e9 : https:\/\/toufflers.myperischool.fr\/ (site s\u00e9curis\u00e9). Pour cela, vous aurez besoin de vous rendre sur le site, et y inscrire [&hellip;]\" \/>\n<meta property=\"og:url\" content=\"https:\/\/toufflers.fr\/index.php\/creer-son-compte-myperischool\/\" \/>\n<meta property=\"og:site_name\" content=\"Toufflers\" \/>\n<meta property=\"article:publisher\" content=\"https:\/\/www.facebook.com\/people\/Mairie-de-Toufflers\/100064872632846\/?fref=ts\" \/>\n<meta property=\"article:modified_time\" content=\"2026-04-19T15:29:52+00:00\" \/>\n<meta name=\"twitter:card\" content=\"summary_large_image\" \/>\n<meta name=\"twitter:label1\" content=\"Dur\u00e9e de lecture estim\u00e9e\" \/>\n\t<meta name=\"twitter:data1\" content=\"2 minutes\" \/>\n<script type=\"application\/ld+json\" class=\"yoast-schema-graph\">{\"@context\":\"https:\\\/\\\/schema.org\",\"@graph\":[{\"@type\":\"WebPage\",\"@id\":\"https:\\\/\\\/toufflers.fr\\\/index.php\\\/creer-son-compte-myperischool\\\/\",\"url\":\"https:\\\/\\\/toufflers.fr\\\/index.php\\\/creer-son-compte-myperischool\\\/\",\"name\":\"Cr\u00e9er son compte MyPerischool - Toufflers\",\"isPartOf\":{\"@id\":\"https:\\\/\\\/toufflers.fr\\\/#website\"},\"primaryImageOfPage\":{\"@id\":\"https:\\\/\\\/toufflers.fr\\\/index.php\\\/creer-son-compte-myperischool\\\/#primaryimage\"},\"image\":{\"@id\":\"https:\\\/\\\/toufflers.fr\\\/index.php\\\/creer-son-compte-myperischool\\\/#primaryimage\"},\"thumbnailUrl\":\"https:\\\/\\\/toufflers.fr\\\/wp-content\\\/uploads\\\/2022\\\/04\\\/MyPerischool.png\",\"datePublished\":\"2022-04-19T08:04:41+00:00\",\"dateModified\":\"2026-04-19T15:29:52+00:00\",\"breadcrumb\":{\"@id\":\"https:\\\/\\\/toufflers.fr\\\/index.php\\\/creer-son-compte-myperischool\\\/#breadcrumb\"},\"inLanguage\":\"fr-FR\",\"potentialAction\":[{\"@type\":\"ReadAction\",\"target\":[\"https:\\\/\\\/toufflers.fr\\\/index.php\\\/creer-son-compte-myperischool\\\/\"]}]},{\"@type\":\"ImageObject\",\"inLanguage\":\"fr-FR\",\"@id\":\"https:\\\/\\\/toufflers.fr\\\/index.php\\\/creer-son-compte-myperischool\\\/#primaryimage\",\"url\":\"https:\\\/\\\/toufflers.fr\\\/wp-content\\\/uploads\\\/2022\\\/04\\\/MyPerischool.png\",\"contentUrl\":\"https:\\\/\\\/toufflers.fr\\\/wp-content\\\/uploads\\\/2022\\\/04\\\/MyPerischool.png\"},{\"@type\":\"BreadcrumbList\",\"@id\":\"https:\\\/\\\/toufflers.fr\\\/index.php\\\/creer-son-compte-myperischool\\\/#breadcrumb\",\"itemListElement\":[{\"@type\":\"ListItem\",\"position\":1,\"name\":\"Accueil\",\"item\":\"https:\\\/\\\/toufflers.fr\\\/\"},{\"@type\":\"ListItem\",\"position\":2,\"name\":\"Cr\u00e9er son compte MyPerischool\"}]},{\"@type\":\"WebSite\",\"@id\":\"https:\\\/\\\/toufflers.fr\\\/#website\",\"url\":\"https:\\\/\\\/toufflers.fr\\\/\",\"name\":\"Toufflers\",\"description\":\"\",\"publisher\":{\"@id\":\"https:\\\/\\\/toufflers.fr\\\/#organization\"},\"potentialAction\":[{\"@type\":\"SearchAction\",\"target\":{\"@type\":\"EntryPoint\",\"urlTemplate\":\"https:\\\/\\\/toufflers.fr\\\/?s={search_term_string}\"},\"query-input\":{\"@type\":\"PropertyValueSpecification\",\"valueRequired\":true,\"valueName\":\"search_term_string\"}}],\"inLanguage\":\"fr-FR\"},{\"@type\":\"Organization\",\"@id\":\"https:\\\/\\\/toufflers.fr\\\/#organization\",\"name\":\"Toufflers\",\"url\":\"https:\\\/\\\/toufflers.fr\\\/\",\"logo\":{\"@type\":\"ImageObject\",\"inLanguage\":\"fr-FR\",\"@id\":\"https:\\\/\\\/toufflers.fr\\\/#\\\/schema\\\/logo\\\/image\\\/\",\"url\":\"https:\\\/\\\/toufflers.fr\\\/wp-content\\\/uploads\\\/2024\\\/02\\\/Logo-site.png\",\"contentUrl\":\"https:\\\/\\\/toufflers.fr\\\/wp-content\\\/uploads\\\/2024\\\/02\\\/Logo-site.png\",\"width\":2560,\"height\":721,\"caption\":\"Toufflers\"},\"image\":{\"@id\":\"https:\\\/\\\/toufflers.fr\\\/#\\\/schema\\\/logo\\\/image\\\/\"},\"sameAs\":[\"https:\\\/\\\/www.facebook.com\\\/people\\\/Mairie-de-Toufflers\\\/100064872632846\\\/?fref=ts\"]}]}<\/script>\n<!-- \/ Yoast SEO plugin. -->","yoast_head_json":{"title":"Cr\u00e9er son compte MyPerischool - Toufflers","robots":{"index":"index","follow":"follow","max-snippet":"max-snippet:-1","max-image-preview":"max-image-preview:large","max-video-preview":"max-video-preview:-1"},"canonical":"https:\/\/toufflers.fr\/index.php\/creer-son-compte-myperischool\/","og_locale":"fr_FR","og_type":"article","og_title":"Cr\u00e9er son compte MyPerischool - Toufflers","og_description":"CR\u00c9ER MON COMPTE MYPERISCHOOL Les inscriptions \u00e0 la restauration scolaire, aux centres de loisirs, aux mercredis r\u00e9cr\u00e9atifs (et la garderie des \u00e9coles publiques) se font via le logiciel Myp\u00e9rischool. Pour ces activit\u00e9s, vous devez obligatoirement cr\u00e9er un compte sur le site d\u00e9di\u00e9 : https:\/\/toufflers.myperischool.fr\/ (site s\u00e9curis\u00e9). Pour cela, vous aurez besoin de vous rendre sur le site, et y inscrire [&hellip;]","og_url":"https:\/\/toufflers.fr\/index.php\/creer-son-compte-myperischool\/","og_site_name":"Toufflers","article_publisher":"https:\/\/www.facebook.com\/people\/Mairie-de-Toufflers\/100064872632846\/?fref=ts","article_modified_time":"2026-04-19T15:29:52+00:00","twitter_card":"summary_large_image","twitter_misc":{"Dur\u00e9e de lecture estim\u00e9e":"2 minutes"},"schema":{"@context":"https:\/\/schema.org","@graph":[{"@type":"WebPage","@id":"https:\/\/toufflers.fr\/index.php\/creer-son-compte-myperischool\/","url":"https:\/\/toufflers.fr\/index.php\/creer-son-compte-myperischool\/","name":"Cr\u00e9er son compte MyPerischool - Toufflers","isPartOf":{"@id":"https:\/\/toufflers.fr\/#website"},"primaryImageOfPage":{"@id":"https:\/\/toufflers.fr\/index.php\/creer-son-compte-myperischool\/#primaryimage"},"image":{"@id":"https:\/\/toufflers.fr\/index.php\/creer-son-compte-myperischool\/#primaryimage"},"thumbnailUrl":"https:\/\/toufflers.fr\/wp-content\/uploads\/2022\/04\/MyPerischool.png","datePublished":"2022-04-19T08:04:41+00:00","dateModified":"2026-04-19T15:29:52+00:00","breadcrumb":{"@id":"https:\/\/toufflers.fr\/index.php\/creer-son-compte-myperischool\/#breadcrumb"},"inLanguage":"fr-FR","potentialAction":[{"@type":"ReadAction","target":["https:\/\/toufflers.fr\/index.php\/creer-son-compte-myperischool\/"]}]},{"@type":"ImageObject","inLanguage":"fr-FR","@id":"https:\/\/toufflers.fr\/index.php\/creer-son-compte-myperischool\/#primaryimage","url":"https:\/\/toufflers.fr\/wp-content\/uploads\/2022\/04\/MyPerischool.png","contentUrl":"https:\/\/toufflers.fr\/wp-content\/uploads\/2022\/04\/MyPerischool.png"},{"@type":"BreadcrumbList","@id":"https:\/\/toufflers.fr\/index.php\/creer-son-compte-myperischool\/#breadcrumb","itemListElement":[{"@type":"ListItem","position":1,"name":"Accueil","item":"https:\/\/toufflers.fr\/"},{"@type":"ListItem","position":2,"name":"Cr\u00e9er son compte MyPerischool"}]},{"@type":"WebSite","@id":"https:\/\/toufflers.fr\/#website","url":"https:\/\/toufflers.fr\/","name":"Toufflers","description":"","publisher":{"@id":"https:\/\/toufflers.fr\/#organization"},"potentialAction":[{"@type":"SearchAction","target":{"@type":"EntryPoint","urlTemplate":"https:\/\/toufflers.fr\/?s={search_term_string}"},"query-input":{"@type":"PropertyValueSpecification","valueRequired":true,"valueName":"search_term_string"}}],"inLanguage":"fr-FR"},{"@type":"Organization","@id":"https:\/\/toufflers.fr\/#organization","name":"Toufflers","url":"https:\/\/toufflers.fr\/","logo":{"@type":"ImageObject","inLanguage":"fr-FR","@id":"https:\/\/toufflers.fr\/#\/schema\/logo\/image\/","url":"https:\/\/toufflers.fr\/wp-content\/uploads\/2024\/02\/Logo-site.png","contentUrl":"https:\/\/toufflers.fr\/wp-content\/uploads\/2024\/02\/Logo-site.png","width":2560,"height":721,"caption":"Toufflers"},"image":{"@id":"https:\/\/toufflers.fr\/#\/schema\/logo\/image\/"},"sameAs":["https:\/\/www.facebook.com\/people\/Mairie-de-Toufflers\/100064872632846\/?fref=ts"]}]}},"_links":{"self":[{"href":"https:\/\/toufflers.fr\/index.php\/wp-json\/wp\/v2\/pages\/4623","targetHints":{"allow":["GET"]}}],"collection":[{"href":"https:\/\/toufflers.fr\/index.php\/wp-json\/wp\/v2\/pages"}],"about":[{"href":"https:\/\/toufflers.fr\/index.php\/wp-json\/wp\/v2\/types\/page"}],"author":[{"embeddable":true,"href":"https:\/\/toufflers.fr\/index.php\/wp-json\/wp\/v2\/users\/1"}],"replies":[{"embeddable":true,"href":"https:\/\/toufflers.fr\/index.php\/wp-json\/wp\/v2\/comments?post=4623"}],"version-history":[{"count":1,"href":"https:\/\/toufflers.fr\/index.php\/wp-json\/wp\/v2\/pages\/4623\/revisions"}],"predecessor-version":[{"id":6110,"href":"https:\/\/toufflers.fr\/index.php\/wp-json\/wp\/v2\/pages\/4623\/revisions\/6110"}],"wp:attachment":[{"href":"https:\/\/toufflers.fr\/index.php\/wp-json\/wp\/v2\/media?parent=4623"}],"curies":[{"name":"wp","href":"https:\/\/api.w.org\/{rel}","templated":true}]}}