{"id":4594,"date":"2022-04-01T17:14:08","date_gmt":"2022-04-01T15:14:08","guid":{"rendered":"https:\/\/toufflers.fr\/?page_id=4594"},"modified":"2026-04-19T17:29:52","modified_gmt":"2026-04-19T15:29:52","slug":"maison-de-lemploi","status":"publish","type":"page","link":"https:\/\/toufflers.fr\/index.php\/accueil\/ma-commune\/maison-de-lemploi\/","title":{"rendered":"MAISON DE L&#8217;EMPLOI"},"content":{"rendered":"[spb_text_block animation=&#8221;none&#8221; animation_delay=&#8221;0&#8243; simplified_controls=&#8221;yes&#8221; custom_css_percentage=&#8221;no&#8221; padding_vertical=&#8221;0&#8243; padding_horizontal=&#8221;0&#8243; margin_vertical=&#8221;0&#8243; custom_css=&#8221;margin-top: 0px;margin-bottom: 0px;&#8221; border_size=&#8221;0&#8243; border_styling_global=&#8221;default&#8221; width=&#8221;1\/1&#8243; el_position=&#8221;first last&#8221;]\n<p><a href=\"https:\/\/www.mde-valdemarque.fr\/\" target=\"_blank\" rel=\"noopener\"><strong>La Maison de l\u2019Emploi Val de Marque <\/strong><\/a>est une structure de proximit\u00e9 <strong>pour les entreprises<\/strong> qui propose un accompagnement afin de faciliter les d\u00e9marches, trouver le(s) bon(s) candidat(s) et optimiser au maximum leurs recrutements. Elle contribue ainsi au d\u00e9veloppement \u00e9conomique local en r\u00e9pondant \u00e0 l\u2019ensemble des besoins RH des entreprises, \u00e0 travers la Gestion Pr\u00e9visionnelle des Emplois et des Comp\u00e9tences (GPEC) territoriale et son offre de service aux entreprises.<\/p>\n<p><strong><u>Coordonn\u00e9es :<\/u><\/strong><\/p>\n<p>Responsable : Christine Zeriah<br \/>\nAdresse : Maison de l\u2019Emploi et des Services Publics, Parvis Berthelot \u00e0 Hem<br \/>\nT\u00e9l. 03 20 66 70 15<br \/>\nOuverture au public :<\/p>\n<p>Du lundi au jeudi : de 8h30 \u00e0 12h30 et de 13h30 \u00e0 16h30.<br \/>\nLe vendredi : de 8h30 \u00e0 12h \u2013 ferm\u00e9 l\u2019apr\u00e8s-midi.<\/p>\n<p>Site web : <strong><a href=\"http:\/\/www.mde-valdemarque.fr\" target=\"_blank\" rel=\"noopener noreferrer\">www.mde-valdemarque.fr<\/a> <\/strong>(pr\u00e9-inscription possible \u00e0 la Mission Locale et au PLIE, via un formulaire en ligne, rubrique \u00ab Inscription \u00e0 la Mission Locale \/ Inscription au PLIE \u00bb)<br \/>\nFacebook :<a href=\"https:\/\/www.facebook.com\/emploi.valdemarque\" target=\"_blank\" rel=\"noopener\"><strong> www.facebook.com\/missionlocale.valdemarque<\/strong><\/a><\/p>\n[\/spb_text_block]\n","protected":false},"excerpt":{"rendered":"<p>[spb_text_block animation=&#8221;none&#8221; animation_delay=&#8221;0&#8243; simplified_controls=&#8221;yes&#8221; custom_css_percentage=&#8221;no&#8221; padding_vertical=&#8221;0&#8243; padding_horizontal=&#8221;0&#8243; margin_vertical=&#8221;0&#8243; custom_css=&#8221;margin-top: 0px;margin-bottom: 0px;&#8221; border_size=&#8221;0&#8243; border_styling_global=&#8221;default&#8221; width=&#8221;1\/1&#8243; el_position=&#8221;first last&#8221;] La Maison de l\u2019Emploi Val de Marque est une structure de proximit\u00e9 pour les entreprises qui propose un accompagnement afin de faciliter les d\u00e9marches, trouver le(s) bon(s) candidat(s) et optimiser au maximum leurs recrutements. Elle contribue ainsi au d\u00e9veloppement \u00e9conomique local en r\u00e9pondant \u00e0 [&hellip;]<\/p>\n","protected":false},"author":1,"featured_media":0,"parent":5670,"menu_order":0,"comment_status":"closed","ping_status":"closed","template":"","meta":{"footnotes":""},"class_list":["post-4594","page","type-page","status-publish","hentry"],"yoast_head":"<!-- This site is optimized with the Yoast SEO plugin v27.4 - https:\/\/yoast.com\/product\/yoast-seo-wordpress\/ -->\n<title>MAISON DE L&#039;EMPLOI - Toufflers<\/title>\n<meta name=\"robots\" content=\"index, follow, max-snippet:-1, max-image-preview:large, max-video-preview:-1\" \/>\n<link rel=\"canonical\" href=\"https:\/\/toufflers.fr\/index.php\/accueil\/ma-commune\/maison-de-lemploi\/\" \/>\n<meta property=\"og:locale\" content=\"fr_FR\" \/>\n<meta property=\"og:type\" content=\"article\" \/>\n<meta property=\"og:title\" content=\"MAISON DE L&#039;EMPLOI - Toufflers\" \/>\n<meta property=\"og:description\" content=\"[spb_text_block animation=&#8221;none&#8221; animation_delay=&#8221;0&#8243; simplified_controls=&#8221;yes&#8221; custom_css_percentage=&#8221;no&#8221; padding_vertical=&#8221;0&#8243; padding_horizontal=&#8221;0&#8243; margin_vertical=&#8221;0&#8243; custom_css=&#8221;margin-top: 0px;margin-bottom: 0px;&#8221; border_size=&#8221;0&#8243; border_styling_global=&#8221;default&#8221; width=&#8221;1\/1&#8243; el_position=&#8221;first last&#8221;] La Maison de l\u2019Emploi Val de Marque est une structure de proximit\u00e9 pour les entreprises qui propose un accompagnement afin de faciliter les d\u00e9marches, trouver le(s) bon(s) candidat(s) et optimiser au maximum leurs recrutements. Elle contribue ainsi au d\u00e9veloppement \u00e9conomique local en r\u00e9pondant \u00e0 [&hellip;]\" \/>\n<meta property=\"og:url\" content=\"https:\/\/toufflers.fr\/index.php\/accueil\/ma-commune\/maison-de-lemploi\/\" \/>\n<meta property=\"og:site_name\" content=\"Toufflers\" \/>\n<meta property=\"article:publisher\" content=\"https:\/\/www.facebook.com\/people\/Mairie-de-Toufflers\/100064872632846\/?fref=ts\" \/>\n<meta property=\"article:modified_time\" content=\"2026-04-19T15:29:52+00:00\" \/>\n<meta name=\"twitter:card\" content=\"summary_large_image\" \/>\n<meta name=\"twitter:label1\" content=\"Dur\u00e9e de lecture estim\u00e9e\" \/>\n\t<meta name=\"twitter:data1\" content=\"1 minute\" \/>\n<script type=\"application\/ld+json\" class=\"yoast-schema-graph\">{\"@context\":\"https:\\\/\\\/schema.org\",\"@graph\":[{\"@type\":\"WebPage\",\"@id\":\"https:\\\/\\\/toufflers.fr\\\/index.php\\\/accueil\\\/ma-commune\\\/maison-de-lemploi\\\/\",\"url\":\"https:\\\/\\\/toufflers.fr\\\/index.php\\\/accueil\\\/ma-commune\\\/maison-de-lemploi\\\/\",\"name\":\"MAISON DE L'EMPLOI - Toufflers\",\"isPartOf\":{\"@id\":\"https:\\\/\\\/toufflers.fr\\\/#website\"},\"datePublished\":\"2022-04-01T15:14:08+00:00\",\"dateModified\":\"2026-04-19T15:29:52+00:00\",\"breadcrumb\":{\"@id\":\"https:\\\/\\\/toufflers.fr\\\/index.php\\\/accueil\\\/ma-commune\\\/maison-de-lemploi\\\/#breadcrumb\"},\"inLanguage\":\"fr-FR\",\"potentialAction\":[{\"@type\":\"ReadAction\",\"target\":[\"https:\\\/\\\/toufflers.fr\\\/index.php\\\/accueil\\\/ma-commune\\\/maison-de-lemploi\\\/\"]}]},{\"@type\":\"BreadcrumbList\",\"@id\":\"https:\\\/\\\/toufflers.fr\\\/index.php\\\/accueil\\\/ma-commune\\\/maison-de-lemploi\\\/#breadcrumb\",\"itemListElement\":[{\"@type\":\"ListItem\",\"position\":1,\"name\":\"Accueil\",\"item\":\"https:\\\/\\\/toufflers.fr\\\/\"},{\"@type\":\"ListItem\",\"position\":2,\"name\":\"Accueil\",\"item\":\"https:\\\/\\\/toufflers.fr\\\/\"},{\"@type\":\"ListItem\",\"position\":3,\"name\":\"Ma commune\",\"item\":\"https:\\\/\\\/toufflers.fr\\\/index.php\\\/accueil\\\/ma-commune\\\/\"},{\"@type\":\"ListItem\",\"position\":4,\"name\":\"MAISON DE L&#8217;EMPLOI\"}]},{\"@type\":\"WebSite\",\"@id\":\"https:\\\/\\\/toufflers.fr\\\/#website\",\"url\":\"https:\\\/\\\/toufflers.fr\\\/\",\"name\":\"Toufflers\",\"description\":\"\",\"publisher\":{\"@id\":\"https:\\\/\\\/toufflers.fr\\\/#organization\"},\"potentialAction\":[{\"@type\":\"SearchAction\",\"target\":{\"@type\":\"EntryPoint\",\"urlTemplate\":\"https:\\\/\\\/toufflers.fr\\\/?s={search_term_string}\"},\"query-input\":{\"@type\":\"PropertyValueSpecification\",\"valueRequired\":true,\"valueName\":\"search_term_string\"}}],\"inLanguage\":\"fr-FR\"},{\"@type\":\"Organization\",\"@id\":\"https:\\\/\\\/toufflers.fr\\\/#organization\",\"name\":\"Toufflers\",\"url\":\"https:\\\/\\\/toufflers.fr\\\/\",\"logo\":{\"@type\":\"ImageObject\",\"inLanguage\":\"fr-FR\",\"@id\":\"https:\\\/\\\/toufflers.fr\\\/#\\\/schema\\\/logo\\\/image\\\/\",\"url\":\"https:\\\/\\\/toufflers.fr\\\/wp-content\\\/uploads\\\/2024\\\/02\\\/Logo-site.png\",\"contentUrl\":\"https:\\\/\\\/toufflers.fr\\\/wp-content\\\/uploads\\\/2024\\\/02\\\/Logo-site.png\",\"width\":2560,\"height\":721,\"caption\":\"Toufflers\"},\"image\":{\"@id\":\"https:\\\/\\\/toufflers.fr\\\/#\\\/schema\\\/logo\\\/image\\\/\"},\"sameAs\":[\"https:\\\/\\\/www.facebook.com\\\/people\\\/Mairie-de-Toufflers\\\/100064872632846\\\/?fref=ts\"]}]}<\/script>\n<!-- \/ Yoast SEO plugin. -->","yoast_head_json":{"title":"MAISON DE L'EMPLOI - Toufflers","robots":{"index":"index","follow":"follow","max-snippet":"max-snippet:-1","max-image-preview":"max-image-preview:large","max-video-preview":"max-video-preview:-1"},"canonical":"https:\/\/toufflers.fr\/index.php\/accueil\/ma-commune\/maison-de-lemploi\/","og_locale":"fr_FR","og_type":"article","og_title":"MAISON DE L'EMPLOI - Toufflers","og_description":"[spb_text_block animation=&#8221;none&#8221; animation_delay=&#8221;0&#8243; simplified_controls=&#8221;yes&#8221; custom_css_percentage=&#8221;no&#8221; padding_vertical=&#8221;0&#8243; padding_horizontal=&#8221;0&#8243; margin_vertical=&#8221;0&#8243; custom_css=&#8221;margin-top: 0px;margin-bottom: 0px;&#8221; border_size=&#8221;0&#8243; border_styling_global=&#8221;default&#8221; width=&#8221;1\/1&#8243; el_position=&#8221;first last&#8221;] La Maison de l\u2019Emploi Val de Marque est une structure de proximit\u00e9 pour les entreprises qui propose un accompagnement afin de faciliter les d\u00e9marches, trouver le(s) bon(s) candidat(s) et optimiser au maximum leurs recrutements. Elle contribue ainsi au d\u00e9veloppement \u00e9conomique local en r\u00e9pondant \u00e0 [&hellip;]","og_url":"https:\/\/toufflers.fr\/index.php\/accueil\/ma-commune\/maison-de-lemploi\/","og_site_name":"Toufflers","article_publisher":"https:\/\/www.facebook.com\/people\/Mairie-de-Toufflers\/100064872632846\/?fref=ts","article_modified_time":"2026-04-19T15:29:52+00:00","twitter_card":"summary_large_image","twitter_misc":{"Dur\u00e9e de lecture estim\u00e9e":"1 minute"},"schema":{"@context":"https:\/\/schema.org","@graph":[{"@type":"WebPage","@id":"https:\/\/toufflers.fr\/index.php\/accueil\/ma-commune\/maison-de-lemploi\/","url":"https:\/\/toufflers.fr\/index.php\/accueil\/ma-commune\/maison-de-lemploi\/","name":"MAISON DE L'EMPLOI - Toufflers","isPartOf":{"@id":"https:\/\/toufflers.fr\/#website"},"datePublished":"2022-04-01T15:14:08+00:00","dateModified":"2026-04-19T15:29:52+00:00","breadcrumb":{"@id":"https:\/\/toufflers.fr\/index.php\/accueil\/ma-commune\/maison-de-lemploi\/#breadcrumb"},"inLanguage":"fr-FR","potentialAction":[{"@type":"ReadAction","target":["https:\/\/toufflers.fr\/index.php\/accueil\/ma-commune\/maison-de-lemploi\/"]}]},{"@type":"BreadcrumbList","@id":"https:\/\/toufflers.fr\/index.php\/accueil\/ma-commune\/maison-de-lemploi\/#breadcrumb","itemListElement":[{"@type":"ListItem","position":1,"name":"Accueil","item":"https:\/\/toufflers.fr\/"},{"@type":"ListItem","position":2,"name":"Accueil","item":"https:\/\/toufflers.fr\/"},{"@type":"ListItem","position":3,"name":"Ma commune","item":"https:\/\/toufflers.fr\/index.php\/accueil\/ma-commune\/"},{"@type":"ListItem","position":4,"name":"MAISON DE L&#8217;EMPLOI"}]},{"@type":"WebSite","@id":"https:\/\/toufflers.fr\/#website","url":"https:\/\/toufflers.fr\/","name":"Toufflers","description":"","publisher":{"@id":"https:\/\/toufflers.fr\/#organization"},"potentialAction":[{"@type":"SearchAction","target":{"@type":"EntryPoint","urlTemplate":"https:\/\/toufflers.fr\/?s={search_term_string}"},"query-input":{"@type":"PropertyValueSpecification","valueRequired":true,"valueName":"search_term_string"}}],"inLanguage":"fr-FR"},{"@type":"Organization","@id":"https:\/\/toufflers.fr\/#organization","name":"Toufflers","url":"https:\/\/toufflers.fr\/","logo":{"@type":"ImageObject","inLanguage":"fr-FR","@id":"https:\/\/toufflers.fr\/#\/schema\/logo\/image\/","url":"https:\/\/toufflers.fr\/wp-content\/uploads\/2024\/02\/Logo-site.png","contentUrl":"https:\/\/toufflers.fr\/wp-content\/uploads\/2024\/02\/Logo-site.png","width":2560,"height":721,"caption":"Toufflers"},"image":{"@id":"https:\/\/toufflers.fr\/#\/schema\/logo\/image\/"},"sameAs":["https:\/\/www.facebook.com\/people\/Mairie-de-Toufflers\/100064872632846\/?fref=ts"]}]}},"_links":{"self":[{"href":"https:\/\/toufflers.fr\/index.php\/wp-json\/wp\/v2\/pages\/4594","targetHints":{"allow":["GET"]}}],"collection":[{"href":"https:\/\/toufflers.fr\/index.php\/wp-json\/wp\/v2\/pages"}],"about":[{"href":"https:\/\/toufflers.fr\/index.php\/wp-json\/wp\/v2\/types\/page"}],"author":[{"embeddable":true,"href":"https:\/\/toufflers.fr\/index.php\/wp-json\/wp\/v2\/users\/1"}],"replies":[{"embeddable":true,"href":"https:\/\/toufflers.fr\/index.php\/wp-json\/wp\/v2\/comments?post=4594"}],"version-history":[{"count":5,"href":"https:\/\/toufflers.fr\/index.php\/wp-json\/wp\/v2\/pages\/4594\/revisions"}],"predecessor-version":[{"id":6692,"href":"https:\/\/toufflers.fr\/index.php\/wp-json\/wp\/v2\/pages\/4594\/revisions\/6692"}],"up":[{"embeddable":true,"href":"https:\/\/toufflers.fr\/index.php\/wp-json\/wp\/v2\/pages\/5670"}],"wp:attachment":[{"href":"https:\/\/toufflers.fr\/index.php\/wp-json\/wp\/v2\/media?parent=4594"}],"curies":[{"name":"wp","href":"https:\/\/api.w.org\/{rel}","templated":true}]}}