{"id":4589,"date":"2022-04-01T10:51:45","date_gmt":"2022-04-01T08:51:45","guid":{"rendered":"https:\/\/toufflers.fr\/?page_id=4589"},"modified":"2024-04-25T14:43:53","modified_gmt":"2024-04-25T12:43:53","slug":"plie","status":"publish","type":"page","link":"https:\/\/toufflers.fr\/index.php\/plie\/","title":{"rendered":"PLIE VAL DE MARQUE"},"content":{"rendered":"<p><span style=\"color: #333333; font-size: 20px;\" data-fusion-font=\"true\">Le PLIE s\u2019adresse quant \u00e0 lui aux <\/span><strong style=\"color: #333333; font-size: 20px;\" data-fusion-font=\"true\">demandeurs d\u2019emploi de 26 ans<\/strong><span style=\"color: #333333; font-size: 20px;\" data-fusion-font=\"true\"> et plus rencontrant des difficult\u00e9s pour retrouver un travail. Les personnes int\u00e9ress\u00e9es doivent \u00eatre disponibles et motiv\u00e9es, il est important que cette d\u00e9marche soit volontaire. Le PLIE propose un accompagnement renforc\u00e9 et personnalis\u00e9 avec des rendez-vous tous les 15 jours afin de trouver l\u2019emploi qui correspond \u00e0 l\u2019usager. Le r\u00e9f\u00e9rent unique construit avec le participant un parcours d\u2019insertion professionnelle adapt\u00e9 en fonction de la situation et des comp\u00e9tences de la personne, en utilisant l\u2019ensemble des outils propres au PLIE Val de Marque. Une fois le niveau d\u2019employabilit\u00e9 atteint, le participant sera soutenu dans sa d\u00e9marche par la charg\u00e9e de relations entreprise du PLIE qui effectuera une prospection cibl\u00e9e en fonction des m\u00e9tiers recherch\u00e9s.<\/span><\/p>\n<p>Pour les b\u00e9n\u00e9ficiaires accompagn\u00e9s par la Mission Locale et le PLIE, le GIP AGIRE Val de Marque met \u00e0 disposition un <strong>EIF (Espace Info-Formation)<\/strong> en autonomie ou avec l\u2019aide d\u2019un animateur. Le public b\u00e9n\u00e9ficie d\u2019outils multim\u00e9dias, de documentation pour sa recherche d\u2019information sur l\u2019emploi et la formation. Une aide pour la r\u00e9daction et mise en page de leur CV et lettre de motivation est \u00e9galement possible sur rendez-vous.<\/p>\n<section id=\"content\">\n<div id=\"post-2508\" class=\"post-2508 page type-page status-publish hentry\">\n<div class=\"post-content\">\n<div class=\"fusion-fullwidth fullwidth-box fusion-builder-row-1 nonhundred-percent-fullwidth non-hundred-percent-height-scrolling\">\n<div class=\"fusion-builder-row fusion-row\">\n<div class=\"fusion-layout-column fusion_builder_column fusion-builder-column-0 fusion_builder_column_1_1 1_1 fusion-one-full fusion-column-first fusion-column-last\">\n<div class=\"fusion-column-wrapper fusion-flex-column-wrapper-legacy\">\n<div class=\"fusion-text fusion-text-1\">\n<div class=\"entry-content clearfix\">\n<div id=\"modal-ready\">\n<p><span style=\"color: #333333;\">Site web : <\/span><strong><a style=\"color: #333333;\" href=\"http:\/\/www.mde-valdemarque.fr\" target=\"_blank\" rel=\"noopener noreferrer\">www.mde-valdemarque.fr<\/a> <\/strong><span style=\"color: #333333;\">(pr\u00e9-inscription possible \u00e0 la Mission Locale et au PLIE, via un formulaire en ligne, rubrique \u00ab Inscription \u00e0 la Mission Locale \/ Inscription au PLIE \u00bb)<\/span><br \/>\n<span style=\"color: #333333;\"><br \/>\nFacebook :<\/span><strong> <a style=\"color: #333333;\" href=\"http:\/\/www.facebook.com\/missionlocale.valdemarque\" target=\"_blank\" rel=\"noopener noreferrer\">www.facebook.com\/missionlocale.valdemarque<\/a><\/strong><\/p>\n<p><a href=\"https:\/\/twitter.com\/Emploi_ValdM\"><span style=\"color: #000000;\">https:\/\/twitter.com\/Emploi_ValdM<\/span><\/a><\/p>\n<\/div>\n<\/div>\n<\/div>\n<\/div>\n<\/div>\n<\/div>\n<\/div>\n<\/div>\n<\/div>\n<\/section>\n","protected":false},"excerpt":{"rendered":"<p>Le PLIE s\u2019adresse quant \u00e0 lui aux demandeurs d\u2019emploi de 26 ans et plus rencontrant des difficult\u00e9s pour retrouver un travail. Les personnes int\u00e9ress\u00e9es doivent \u00eatre disponibles et motiv\u00e9es, il est important que cette d\u00e9marche soit volontaire. Le PLIE propose un accompagnement renforc\u00e9 et personnalis\u00e9 avec des rendez-vous tous les 15 jours afin de trouver l\u2019emploi qui correspond \u00e0 l\u2019usager. [&hellip;]<\/p>\n","protected":false},"author":1,"featured_media":0,"parent":0,"menu_order":0,"comment_status":"closed","ping_status":"closed","template":"","meta":{"footnotes":""},"class_list":["post-4589","page","type-page","status-publish","hentry"],"yoast_head":"<!-- This site is optimized with the Yoast SEO plugin v27.3 - https:\/\/yoast.com\/product\/yoast-seo-wordpress\/ -->\n<title>PLIE VAL DE MARQUE - Toufflers<\/title>\n<meta name=\"robots\" content=\"index, follow, max-snippet:-1, max-image-preview:large, max-video-preview:-1\" \/>\n<link rel=\"canonical\" href=\"https:\/\/toufflers.fr\/index.php\/plie\/\" \/>\n<meta property=\"og:locale\" content=\"fr_FR\" \/>\n<meta property=\"og:type\" content=\"article\" \/>\n<meta property=\"og:title\" content=\"PLIE VAL DE MARQUE - Toufflers\" \/>\n<meta property=\"og:description\" content=\"Le PLIE s\u2019adresse quant \u00e0 lui aux demandeurs d\u2019emploi de 26 ans et plus rencontrant des difficult\u00e9s pour retrouver un travail. Les personnes int\u00e9ress\u00e9es doivent \u00eatre disponibles et motiv\u00e9es, il est important que cette d\u00e9marche soit volontaire. Le PLIE propose un accompagnement renforc\u00e9 et personnalis\u00e9 avec des rendez-vous tous les 15 jours afin de trouver l\u2019emploi qui correspond \u00e0 l\u2019usager. [&hellip;]\" \/>\n<meta property=\"og:url\" content=\"https:\/\/toufflers.fr\/index.php\/plie\/\" \/>\n<meta property=\"og:site_name\" content=\"Toufflers\" \/>\n<meta property=\"article:publisher\" content=\"https:\/\/www.facebook.com\/people\/Mairie-de-Toufflers\/100064872632846\/?fref=ts\" \/>\n<meta property=\"article:modified_time\" content=\"2024-04-25T12:43:53+00:00\" \/>\n<meta name=\"twitter:card\" content=\"summary_large_image\" \/>\n<meta name=\"twitter:label1\" content=\"Dur\u00e9e de lecture estim\u00e9e\" \/>\n\t<meta name=\"twitter:data1\" content=\"2 minutes\" \/>\n<script type=\"application\/ld+json\" class=\"yoast-schema-graph\">{\"@context\":\"https:\\\/\\\/schema.org\",\"@graph\":[{\"@type\":\"WebPage\",\"@id\":\"https:\\\/\\\/toufflers.fr\\\/index.php\\\/plie\\\/\",\"url\":\"https:\\\/\\\/toufflers.fr\\\/index.php\\\/plie\\\/\",\"name\":\"PLIE VAL DE MARQUE - Toufflers\",\"isPartOf\":{\"@id\":\"https:\\\/\\\/toufflers.fr\\\/#website\"},\"datePublished\":\"2022-04-01T08:51:45+00:00\",\"dateModified\":\"2024-04-25T12:43:53+00:00\",\"breadcrumb\":{\"@id\":\"https:\\\/\\\/toufflers.fr\\\/index.php\\\/plie\\\/#breadcrumb\"},\"inLanguage\":\"fr-FR\",\"potentialAction\":[{\"@type\":\"ReadAction\",\"target\":[\"https:\\\/\\\/toufflers.fr\\\/index.php\\\/plie\\\/\"]}]},{\"@type\":\"BreadcrumbList\",\"@id\":\"https:\\\/\\\/toufflers.fr\\\/index.php\\\/plie\\\/#breadcrumb\",\"itemListElement\":[{\"@type\":\"ListItem\",\"position\":1,\"name\":\"Accueil\",\"item\":\"https:\\\/\\\/toufflers.fr\\\/\"},{\"@type\":\"ListItem\",\"position\":2,\"name\":\"PLIE VAL DE MARQUE\"}]},{\"@type\":\"WebSite\",\"@id\":\"https:\\\/\\\/toufflers.fr\\\/#website\",\"url\":\"https:\\\/\\\/toufflers.fr\\\/\",\"name\":\"Toufflers\",\"description\":\"\",\"publisher\":{\"@id\":\"https:\\\/\\\/toufflers.fr\\\/#organization\"},\"potentialAction\":[{\"@type\":\"SearchAction\",\"target\":{\"@type\":\"EntryPoint\",\"urlTemplate\":\"https:\\\/\\\/toufflers.fr\\\/?s={search_term_string}\"},\"query-input\":{\"@type\":\"PropertyValueSpecification\",\"valueRequired\":true,\"valueName\":\"search_term_string\"}}],\"inLanguage\":\"fr-FR\"},{\"@type\":\"Organization\",\"@id\":\"https:\\\/\\\/toufflers.fr\\\/#organization\",\"name\":\"Toufflers\",\"url\":\"https:\\\/\\\/toufflers.fr\\\/\",\"logo\":{\"@type\":\"ImageObject\",\"inLanguage\":\"fr-FR\",\"@id\":\"https:\\\/\\\/toufflers.fr\\\/#\\\/schema\\\/logo\\\/image\\\/\",\"url\":\"https:\\\/\\\/toufflers.fr\\\/wp-content\\\/uploads\\\/2024\\\/02\\\/Logo-site.png\",\"contentUrl\":\"https:\\\/\\\/toufflers.fr\\\/wp-content\\\/uploads\\\/2024\\\/02\\\/Logo-site.png\",\"width\":2560,\"height\":721,\"caption\":\"Toufflers\"},\"image\":{\"@id\":\"https:\\\/\\\/toufflers.fr\\\/#\\\/schema\\\/logo\\\/image\\\/\"},\"sameAs\":[\"https:\\\/\\\/www.facebook.com\\\/people\\\/Mairie-de-Toufflers\\\/100064872632846\\\/?fref=ts\"]}]}<\/script>\n<!-- \/ Yoast SEO plugin. -->","yoast_head_json":{"title":"PLIE VAL DE MARQUE - Toufflers","robots":{"index":"index","follow":"follow","max-snippet":"max-snippet:-1","max-image-preview":"max-image-preview:large","max-video-preview":"max-video-preview:-1"},"canonical":"https:\/\/toufflers.fr\/index.php\/plie\/","og_locale":"fr_FR","og_type":"article","og_title":"PLIE VAL DE MARQUE - Toufflers","og_description":"Le PLIE s\u2019adresse quant \u00e0 lui aux demandeurs d\u2019emploi de 26 ans et plus rencontrant des difficult\u00e9s pour retrouver un travail. Les personnes int\u00e9ress\u00e9es doivent \u00eatre disponibles et motiv\u00e9es, il est important que cette d\u00e9marche soit volontaire. Le PLIE propose un accompagnement renforc\u00e9 et personnalis\u00e9 avec des rendez-vous tous les 15 jours afin de trouver l\u2019emploi qui correspond \u00e0 l\u2019usager. [&hellip;]","og_url":"https:\/\/toufflers.fr\/index.php\/plie\/","og_site_name":"Toufflers","article_publisher":"https:\/\/www.facebook.com\/people\/Mairie-de-Toufflers\/100064872632846\/?fref=ts","article_modified_time":"2024-04-25T12:43:53+00:00","twitter_card":"summary_large_image","twitter_misc":{"Dur\u00e9e de lecture estim\u00e9e":"2 minutes"},"schema":{"@context":"https:\/\/schema.org","@graph":[{"@type":"WebPage","@id":"https:\/\/toufflers.fr\/index.php\/plie\/","url":"https:\/\/toufflers.fr\/index.php\/plie\/","name":"PLIE VAL DE MARQUE - Toufflers","isPartOf":{"@id":"https:\/\/toufflers.fr\/#website"},"datePublished":"2022-04-01T08:51:45+00:00","dateModified":"2024-04-25T12:43:53+00:00","breadcrumb":{"@id":"https:\/\/toufflers.fr\/index.php\/plie\/#breadcrumb"},"inLanguage":"fr-FR","potentialAction":[{"@type":"ReadAction","target":["https:\/\/toufflers.fr\/index.php\/plie\/"]}]},{"@type":"BreadcrumbList","@id":"https:\/\/toufflers.fr\/index.php\/plie\/#breadcrumb","itemListElement":[{"@type":"ListItem","position":1,"name":"Accueil","item":"https:\/\/toufflers.fr\/"},{"@type":"ListItem","position":2,"name":"PLIE VAL DE MARQUE"}]},{"@type":"WebSite","@id":"https:\/\/toufflers.fr\/#website","url":"https:\/\/toufflers.fr\/","name":"Toufflers","description":"","publisher":{"@id":"https:\/\/toufflers.fr\/#organization"},"potentialAction":[{"@type":"SearchAction","target":{"@type":"EntryPoint","urlTemplate":"https:\/\/toufflers.fr\/?s={search_term_string}"},"query-input":{"@type":"PropertyValueSpecification","valueRequired":true,"valueName":"search_term_string"}}],"inLanguage":"fr-FR"},{"@type":"Organization","@id":"https:\/\/toufflers.fr\/#organization","name":"Toufflers","url":"https:\/\/toufflers.fr\/","logo":{"@type":"ImageObject","inLanguage":"fr-FR","@id":"https:\/\/toufflers.fr\/#\/schema\/logo\/image\/","url":"https:\/\/toufflers.fr\/wp-content\/uploads\/2024\/02\/Logo-site.png","contentUrl":"https:\/\/toufflers.fr\/wp-content\/uploads\/2024\/02\/Logo-site.png","width":2560,"height":721,"caption":"Toufflers"},"image":{"@id":"https:\/\/toufflers.fr\/#\/schema\/logo\/image\/"},"sameAs":["https:\/\/www.facebook.com\/people\/Mairie-de-Toufflers\/100064872632846\/?fref=ts"]}]}},"_links":{"self":[{"href":"https:\/\/toufflers.fr\/index.php\/wp-json\/wp\/v2\/pages\/4589","targetHints":{"allow":["GET"]}}],"collection":[{"href":"https:\/\/toufflers.fr\/index.php\/wp-json\/wp\/v2\/pages"}],"about":[{"href":"https:\/\/toufflers.fr\/index.php\/wp-json\/wp\/v2\/types\/page"}],"author":[{"embeddable":true,"href":"https:\/\/toufflers.fr\/index.php\/wp-json\/wp\/v2\/users\/1"}],"replies":[{"embeddable":true,"href":"https:\/\/toufflers.fr\/index.php\/wp-json\/wp\/v2\/comments?post=4589"}],"version-history":[{"count":4,"href":"https:\/\/toufflers.fr\/index.php\/wp-json\/wp\/v2\/pages\/4589\/revisions"}],"predecessor-version":[{"id":6426,"href":"https:\/\/toufflers.fr\/index.php\/wp-json\/wp\/v2\/pages\/4589\/revisions\/6426"}],"wp:attachment":[{"href":"https:\/\/toufflers.fr\/index.php\/wp-json\/wp\/v2\/media?parent=4589"}],"curies":[{"name":"wp","href":"https:\/\/api.w.org\/{rel}","templated":true}]}}