{"id":2839,"date":"2020-05-12T14:59:25","date_gmt":"2020-05-12T12:59:25","guid":{"rendered":"http:\/\/toufflers.fr\/?page_id=2839"},"modified":"2026-04-19T17:29:56","modified_gmt":"2026-04-19T15:29:56","slug":"chemins-pietonniers","status":"publish","type":"page","link":"https:\/\/toufflers.fr\/index.php\/chemins-pietonniers\/","title":{"rendered":"Chemins pi\u00e9tonniers"},"content":{"rendered":"[spb_text_block animation=&#8221;none&#8221; animation_delay=&#8221;0&#8243; simplified_controls=&#8221;yes&#8221; custom_css_percentage=&#8221;no&#8221; padding_vertical=&#8221;0&#8243; padding_horizontal=&#8221;0&#8243; margin_vertical=&#8221;0&#8243; custom_css=&#8221;margin-top: 0px;margin-bottom: 0px;&#8221; border_size=&#8221;0&#8243; border_styling_global=&#8221;default&#8221; width=&#8221;1\/1&#8243; el_position=&#8221;first last&#8221;]\n<h1 class=\"page-title\">Chemins pi\u00e9tonniers<\/h1>\n<p style=\"text-align: justify;\">Un petit coin de ciel bleu s\u2019offre \u00e0 vous lors d\u2019un week-end inoccup\u00e9\u2026 C\u2019est l\u2019occasion d\u2019aller vous d\u00e9gourdir les jambes en famille sur les <b>sentiers am\u00e9nag\u00e9s<\/b>. Ils sont l\u00e0 pour offrir aux habitants la possibilit\u00e9 de se promener dans des espaces naturels au sein m\u00eame de la commune. Ce sont de v\u00e9ritables promenades bucoliques qui s\u2019offrent \u00e0 vous. Alors n\u2019h\u00e9sitez pas \u00e0 vous mettre au vert et partir \u00e0 la d\u00e9couverte de la nature \u00e0 travers les chemins communaux.<\/p>\n<p style=\"text-align: justify;\">Des dallages permettent de rep\u00e9rer les chemins et une signal\u00e9tique est install\u00e9e pour indiquer les parcours. Sur le chemin de la prairie de jeux, situ\u00e9 <b>rue de Lys<\/b>, une balan\u00e7oire est install\u00e9e et des places de stationnement sont disponibles. Sur le chemin des champs situ\u00e9 au bout de la rue du m\u00eame nom, des petits panneaux indiqueront les v\u00e9g\u00e9taux pr\u00e9sents \u00e0 observer.<\/p>\n<p style=\"text-align: justify;\">Sur le sentier des potagers, pr\u00e8s des jardins familiaux, des bancs sont pos\u00e9s pour laisser aux promeneurs la possibilit\u00e9 d\u2019admirer les plantations : <i>l\u00e9gumes cultiv\u00e9s, fleurs, etc.<\/i> Un chemin est \u00e9galement am\u00e9nag\u00e9 pour vous emmener d\u00e9couvrir le <b>ch\u00e2teau de Wasmes<\/b>. Tous ces circuits balis\u00e9s participent \u00e0 la sensibilisation de l\u2019environnement et mettent en valeur les diff\u00e9rents paysages de la commune.<\/p>\n<p style=\"text-align: justify;\">Pendant la p\u00e9riode estivale ou \u00e0 tout autre moment, les chemins vous donnent la possibilit\u00e9 de vous a\u00e9rer en vous promenant tout en restant \u00e0 proximit\u00e9. Ils nous permettent de d\u00e9couvrir de nombreux sites r\u00e9partis sur le territoire. Merci d\u2019avance de respecter les \u00e9quipements install\u00e9s, toutes les plantations et les r\u00e9coltes des champs travers\u00e9s.<\/p>\n[\/spb_text_block]\n","protected":false},"excerpt":{"rendered":"<p>[spb_text_block animation=&#8221;none&#8221; animation_delay=&#8221;0&#8243; simplified_controls=&#8221;yes&#8221; custom_css_percentage=&#8221;no&#8221; padding_vertical=&#8221;0&#8243; padding_horizontal=&#8221;0&#8243; margin_vertical=&#8221;0&#8243; custom_css=&#8221;margin-top: 0px;margin-bottom: 0px;&#8221; border_size=&#8221;0&#8243; border_styling_global=&#8221;default&#8221; width=&#8221;1\/1&#8243; el_position=&#8221;first last&#8221;] Chemins pi\u00e9tonniers Un petit coin de ciel bleu s\u2019offre \u00e0 vous lors d\u2019un week-end inoccup\u00e9\u2026 C\u2019est l\u2019occasion d\u2019aller vous d\u00e9gourdir les jambes en famille sur les sentiers am\u00e9nag\u00e9s. Ils sont l\u00e0 pour offrir aux habitants la possibilit\u00e9 de se promener dans des espaces naturels [&hellip;]<\/p>\n","protected":false},"author":1,"featured_media":0,"parent":0,"menu_order":0,"comment_status":"closed","ping_status":"closed","template":"","meta":{"footnotes":""},"class_list":["post-2839","page","type-page","status-publish","hentry"],"yoast_head":"<!-- This site is optimized with the Yoast SEO plugin v27.4 - https:\/\/yoast.com\/product\/yoast-seo-wordpress\/ -->\n<title>Chemins pi\u00e9tonniers - Toufflers<\/title>\n<meta name=\"robots\" content=\"index, follow, max-snippet:-1, max-image-preview:large, max-video-preview:-1\" \/>\n<link rel=\"canonical\" href=\"https:\/\/toufflers.fr\/index.php\/chemins-pietonniers\/\" \/>\n<meta property=\"og:locale\" content=\"fr_FR\" \/>\n<meta property=\"og:type\" content=\"article\" \/>\n<meta property=\"og:title\" content=\"Chemins pi\u00e9tonniers - Toufflers\" \/>\n<meta property=\"og:description\" content=\"[spb_text_block animation=&#8221;none&#8221; animation_delay=&#8221;0&#8243; simplified_controls=&#8221;yes&#8221; custom_css_percentage=&#8221;no&#8221; padding_vertical=&#8221;0&#8243; padding_horizontal=&#8221;0&#8243; margin_vertical=&#8221;0&#8243; custom_css=&#8221;margin-top: 0px;margin-bottom: 0px;&#8221; border_size=&#8221;0&#8243; border_styling_global=&#8221;default&#8221; width=&#8221;1\/1&#8243; el_position=&#8221;first last&#8221;] Chemins pi\u00e9tonniers Un petit coin de ciel bleu s\u2019offre \u00e0 vous lors d\u2019un week-end inoccup\u00e9\u2026 C\u2019est l\u2019occasion d\u2019aller vous d\u00e9gourdir les jambes en famille sur les sentiers am\u00e9nag\u00e9s. Ils sont l\u00e0 pour offrir aux habitants la possibilit\u00e9 de se promener dans des espaces naturels [&hellip;]\" \/>\n<meta property=\"og:url\" content=\"https:\/\/toufflers.fr\/index.php\/chemins-pietonniers\/\" \/>\n<meta property=\"og:site_name\" content=\"Toufflers\" \/>\n<meta property=\"article:publisher\" content=\"https:\/\/www.facebook.com\/people\/Mairie-de-Toufflers\/100064872632846\/?fref=ts\" \/>\n<meta property=\"article:modified_time\" content=\"2026-04-19T15:29:56+00:00\" \/>\n<meta name=\"twitter:card\" content=\"summary_large_image\" \/>\n<meta name=\"twitter:label1\" content=\"Dur\u00e9e de lecture estim\u00e9e\" \/>\n\t<meta name=\"twitter:data1\" content=\"2 minutes\" \/>\n<script type=\"application\/ld+json\" class=\"yoast-schema-graph\">{\"@context\":\"https:\\\/\\\/schema.org\",\"@graph\":[{\"@type\":\"WebPage\",\"@id\":\"https:\\\/\\\/toufflers.fr\\\/index.php\\\/chemins-pietonniers\\\/\",\"url\":\"https:\\\/\\\/toufflers.fr\\\/index.php\\\/chemins-pietonniers\\\/\",\"name\":\"Chemins pi\u00e9tonniers - Toufflers\",\"isPartOf\":{\"@id\":\"https:\\\/\\\/toufflers.fr\\\/#website\"},\"datePublished\":\"2020-05-12T12:59:25+00:00\",\"dateModified\":\"2026-04-19T15:29:56+00:00\",\"breadcrumb\":{\"@id\":\"https:\\\/\\\/toufflers.fr\\\/index.php\\\/chemins-pietonniers\\\/#breadcrumb\"},\"inLanguage\":\"fr-FR\",\"potentialAction\":[{\"@type\":\"ReadAction\",\"target\":[\"https:\\\/\\\/toufflers.fr\\\/index.php\\\/chemins-pietonniers\\\/\"]}]},{\"@type\":\"BreadcrumbList\",\"@id\":\"https:\\\/\\\/toufflers.fr\\\/index.php\\\/chemins-pietonniers\\\/#breadcrumb\",\"itemListElement\":[{\"@type\":\"ListItem\",\"position\":1,\"name\":\"Accueil\",\"item\":\"https:\\\/\\\/toufflers.fr\\\/\"},{\"@type\":\"ListItem\",\"position\":2,\"name\":\"Chemins pi\u00e9tonniers\"}]},{\"@type\":\"WebSite\",\"@id\":\"https:\\\/\\\/toufflers.fr\\\/#website\",\"url\":\"https:\\\/\\\/toufflers.fr\\\/\",\"name\":\"Toufflers\",\"description\":\"\",\"publisher\":{\"@id\":\"https:\\\/\\\/toufflers.fr\\\/#organization\"},\"potentialAction\":[{\"@type\":\"SearchAction\",\"target\":{\"@type\":\"EntryPoint\",\"urlTemplate\":\"https:\\\/\\\/toufflers.fr\\\/?s={search_term_string}\"},\"query-input\":{\"@type\":\"PropertyValueSpecification\",\"valueRequired\":true,\"valueName\":\"search_term_string\"}}],\"inLanguage\":\"fr-FR\"},{\"@type\":\"Organization\",\"@id\":\"https:\\\/\\\/toufflers.fr\\\/#organization\",\"name\":\"Toufflers\",\"url\":\"https:\\\/\\\/toufflers.fr\\\/\",\"logo\":{\"@type\":\"ImageObject\",\"inLanguage\":\"fr-FR\",\"@id\":\"https:\\\/\\\/toufflers.fr\\\/#\\\/schema\\\/logo\\\/image\\\/\",\"url\":\"https:\\\/\\\/toufflers.fr\\\/wp-content\\\/uploads\\\/2024\\\/02\\\/Logo-site.png\",\"contentUrl\":\"https:\\\/\\\/toufflers.fr\\\/wp-content\\\/uploads\\\/2024\\\/02\\\/Logo-site.png\",\"width\":2560,\"height\":721,\"caption\":\"Toufflers\"},\"image\":{\"@id\":\"https:\\\/\\\/toufflers.fr\\\/#\\\/schema\\\/logo\\\/image\\\/\"},\"sameAs\":[\"https:\\\/\\\/www.facebook.com\\\/people\\\/Mairie-de-Toufflers\\\/100064872632846\\\/?fref=ts\"]}]}<\/script>\n<!-- \/ Yoast SEO plugin. -->","yoast_head_json":{"title":"Chemins pi\u00e9tonniers - Toufflers","robots":{"index":"index","follow":"follow","max-snippet":"max-snippet:-1","max-image-preview":"max-image-preview:large","max-video-preview":"max-video-preview:-1"},"canonical":"https:\/\/toufflers.fr\/index.php\/chemins-pietonniers\/","og_locale":"fr_FR","og_type":"article","og_title":"Chemins pi\u00e9tonniers - Toufflers","og_description":"[spb_text_block animation=&#8221;none&#8221; animation_delay=&#8221;0&#8243; simplified_controls=&#8221;yes&#8221; custom_css_percentage=&#8221;no&#8221; padding_vertical=&#8221;0&#8243; padding_horizontal=&#8221;0&#8243; margin_vertical=&#8221;0&#8243; custom_css=&#8221;margin-top: 0px;margin-bottom: 0px;&#8221; border_size=&#8221;0&#8243; border_styling_global=&#8221;default&#8221; width=&#8221;1\/1&#8243; el_position=&#8221;first last&#8221;] Chemins pi\u00e9tonniers Un petit coin de ciel bleu s\u2019offre \u00e0 vous lors d\u2019un week-end inoccup\u00e9\u2026 C\u2019est l\u2019occasion d\u2019aller vous d\u00e9gourdir les jambes en famille sur les sentiers am\u00e9nag\u00e9s. Ils sont l\u00e0 pour offrir aux habitants la possibilit\u00e9 de se promener dans des espaces naturels [&hellip;]","og_url":"https:\/\/toufflers.fr\/index.php\/chemins-pietonniers\/","og_site_name":"Toufflers","article_publisher":"https:\/\/www.facebook.com\/people\/Mairie-de-Toufflers\/100064872632846\/?fref=ts","article_modified_time":"2026-04-19T15:29:56+00:00","twitter_card":"summary_large_image","twitter_misc":{"Dur\u00e9e de lecture estim\u00e9e":"2 minutes"},"schema":{"@context":"https:\/\/schema.org","@graph":[{"@type":"WebPage","@id":"https:\/\/toufflers.fr\/index.php\/chemins-pietonniers\/","url":"https:\/\/toufflers.fr\/index.php\/chemins-pietonniers\/","name":"Chemins pi\u00e9tonniers - Toufflers","isPartOf":{"@id":"https:\/\/toufflers.fr\/#website"},"datePublished":"2020-05-12T12:59:25+00:00","dateModified":"2026-04-19T15:29:56+00:00","breadcrumb":{"@id":"https:\/\/toufflers.fr\/index.php\/chemins-pietonniers\/#breadcrumb"},"inLanguage":"fr-FR","potentialAction":[{"@type":"ReadAction","target":["https:\/\/toufflers.fr\/index.php\/chemins-pietonniers\/"]}]},{"@type":"BreadcrumbList","@id":"https:\/\/toufflers.fr\/index.php\/chemins-pietonniers\/#breadcrumb","itemListElement":[{"@type":"ListItem","position":1,"name":"Accueil","item":"https:\/\/toufflers.fr\/"},{"@type":"ListItem","position":2,"name":"Chemins pi\u00e9tonniers"}]},{"@type":"WebSite","@id":"https:\/\/toufflers.fr\/#website","url":"https:\/\/toufflers.fr\/","name":"Toufflers","description":"","publisher":{"@id":"https:\/\/toufflers.fr\/#organization"},"potentialAction":[{"@type":"SearchAction","target":{"@type":"EntryPoint","urlTemplate":"https:\/\/toufflers.fr\/?s={search_term_string}"},"query-input":{"@type":"PropertyValueSpecification","valueRequired":true,"valueName":"search_term_string"}}],"inLanguage":"fr-FR"},{"@type":"Organization","@id":"https:\/\/toufflers.fr\/#organization","name":"Toufflers","url":"https:\/\/toufflers.fr\/","logo":{"@type":"ImageObject","inLanguage":"fr-FR","@id":"https:\/\/toufflers.fr\/#\/schema\/logo\/image\/","url":"https:\/\/toufflers.fr\/wp-content\/uploads\/2024\/02\/Logo-site.png","contentUrl":"https:\/\/toufflers.fr\/wp-content\/uploads\/2024\/02\/Logo-site.png","width":2560,"height":721,"caption":"Toufflers"},"image":{"@id":"https:\/\/toufflers.fr\/#\/schema\/logo\/image\/"},"sameAs":["https:\/\/www.facebook.com\/people\/Mairie-de-Toufflers\/100064872632846\/?fref=ts"]}]}},"_links":{"self":[{"href":"https:\/\/toufflers.fr\/index.php\/wp-json\/wp\/v2\/pages\/2839","targetHints":{"allow":["GET"]}}],"collection":[{"href":"https:\/\/toufflers.fr\/index.php\/wp-json\/wp\/v2\/pages"}],"about":[{"href":"https:\/\/toufflers.fr\/index.php\/wp-json\/wp\/v2\/types\/page"}],"author":[{"embeddable":true,"href":"https:\/\/toufflers.fr\/index.php\/wp-json\/wp\/v2\/users\/1"}],"replies":[{"embeddable":true,"href":"https:\/\/toufflers.fr\/index.php\/wp-json\/wp\/v2\/comments?post=2839"}],"version-history":[{"count":4,"href":"https:\/\/toufflers.fr\/index.php\/wp-json\/wp\/v2\/pages\/2839\/revisions"}],"predecessor-version":[{"id":6271,"href":"https:\/\/toufflers.fr\/index.php\/wp-json\/wp\/v2\/pages\/2839\/revisions\/6271"}],"wp:attachment":[{"href":"https:\/\/toufflers.fr\/index.php\/wp-json\/wp\/v2\/media?parent=2839"}],"curies":[{"name":"wp","href":"https:\/\/api.w.org\/{rel}","templated":true}]}}