{"id":2838,"date":"2020-05-12T15:03:49","date_gmt":"2020-05-12T13:03:49","guid":{"rendered":"http:\/\/toufflers.fr\/?page_id=2838"},"modified":"2026-03-27T09:43:53","modified_gmt":"2026-03-27T08:43:53","slug":"collecte-des-dechets","status":"publish","type":"page","link":"https:\/\/toufflers.fr\/index.php\/collecte-des-dechets\/","title":{"rendered":"Collecte des d\u00e9chets"},"content":{"rendered":"[spb_text_block animation=&#8221;none&#8221; animation_delay=&#8221;0&#8243; simplified_controls=&#8221;yes&#8221; custom_css_percentage=&#8221;no&#8221; padding_vertical=&#8221;0&#8243; padding_horizontal=&#8221;0&#8243; margin_vertical=&#8221;0&#8243; custom_css=&#8221;margin-top: 0px;margin-bottom: 0px;&#8221; border_size=&#8221;0&#8243; border_styling_global=&#8221;default&#8221; width=&#8221;1\/1&#8243; el_position=&#8221;first last&#8221;]\n<h1 class=\"page-title\">Collecte des d\u00e9chets<\/h1>\n<p><b style=\"text-align: justify;\"><u>Collecte des d\u00e9chets :<\/u><\/b><\/p>\n<div class=\"su-row\">\n<div class=\"su-column su-column-size-1-2\">\n<div class=\"su-column-inner su-clearfix\" style=\"text-align: justify;\">\u2013 Emballages et papiers + verres : chaque <strong>mercred<\/strong>i<b> matin<\/b>\u00a0;<br \/>\n\u2013 Ordures m\u00e9nag\u00e8res : les <strong>mardis matins semaines impaires<\/strong>.<\/div>\n<div>&#8211; Biod\u00e9chets (<em>restes repas, essuie-tout, feuilles, gazons<\/em>) : chaque <strong>mardi apr\u00e8s-midi\u00a0<\/strong><\/div>\n<div class=\"su-column-inner su-clearfix\" style=\"text-align: justify;\">\n<p><b>En cas de <span style=\"color: #747474;\">probl\u00e8m<\/span><span style=\"color: #747474;\">e, conta<\/span><span style=\"color: #808080;\">cter<\/span> le 0800 711 771<br \/>\n<\/b><\/p>\n<p><b><u><a href=\"https:\/\/www.lillemetropole.fr\/votre-quotidien\/vivre-la-mel\/gestion-des-dechets\/collecte-des-dechets-menagers\/poubelles-et-sacs\"><span style=\"color: #747474;\">Poubelles cass\u00e9e ou vol\u00e9e<\/span> <\/a><\/u>: <\/b>SULO :<b> <span style=\"color: #747474;\">0 800 152 337<\/span> <\/b>ou par mail \u00e0 <b>fretin@sulo.com<\/b><\/p>\n<\/div>\n<\/div>\n<div class=\"su-column su-column-size-1-2\" style=\"text-align: justify;\">\n<div class=\"su-column-inner su-clearfix\"><b><u>D\u00e9chetterie <\/u>:<\/b> <a href=\"https:\/\/www.lillemetropole.fr\/votre-quotidien\/vivre-la-mel\/gestion-des-dechets\/les-decheteries\" target=\"_blank\" rel=\"noopener\">D\u00e9ch\u00e8terie<\/a> \u2013 <a href=\"https:\/\/www.lillemetropole.fr\/votre-quotidien\/vivre-la-mel\/gestion-des-dechets\/les-decheteries\/pass-decheterie\" target=\"_blank\" rel=\"noopener noreferrer\">Obtenir un badge pour la d\u00e9ch\u00e8terie<\/a><\/div>\n<div class=\"su-column-inner su-clearfix\">\n<p><b><u>Encombrants <\/u>:<\/b> <a href=\"http:\/\/www.encombrantssurrendez-vous.com\/\" target=\"_blank\" rel=\"noopener noreferrer\">Les encombrants sur rendez-vous<\/a><\/p>\n<\/div>\n<\/div>\n<\/div>\n<p style=\"text-align: justify;\"><b><u>D\u00e9ch\u00e8terie mobile<\/u> <\/b>: parking des \u00c9oliennes, rue de Lys<br \/>\nVous pouvez y apporter vos d\u00e9chets sur <b>pr\u00e9sentation du \u00ab Pass\u2019 d\u00e9ch\u00e8teries \u00bb<\/b>.<br \/>\nDe <b>9h30 \u00e0 12h30<\/b>, <b>4\u00e8me samedi du mois, <\/b><strong>de mars \u00e0 novembre.<\/strong><\/p>\n<p><a href=\"https:\/\/www.lillemetropole.fr\/votre-quotidien\/vivre-la-mel\/gestion-des-dechets\/les-decheteries\/dechets-autorises-en-decheteries\" target=\"_blank\" rel=\"noopener\"><strong><u>D\u00e9p\u00f4t des d\u00e9chets n\u00e9cessitant une proc\u00e9dure particuli\u00e8re ( amiante, &#8230;)<\/u><\/strong> <\/a><\/p>\n[\/spb_text_block]\n","protected":false},"excerpt":{"rendered":"<p>[spb_text_block animation=&#8221;none&#8221; animation_delay=&#8221;0&#8243; simplified_controls=&#8221;yes&#8221; custom_css_percentage=&#8221;no&#8221; padding_vertical=&#8221;0&#8243; padding_horizontal=&#8221;0&#8243; margin_vertical=&#8221;0&#8243; custom_css=&#8221;margin-top: 0px;margin-bottom: 0px;&#8221; border_size=&#8221;0&#8243; border_styling_global=&#8221;default&#8221; width=&#8221;1\/1&#8243; el_position=&#8221;first last&#8221;] Collecte des d\u00e9chets Collecte des d\u00e9chets : \u2013 Emballages et papiers + verres : chaque mercredi matin\u00a0; \u2013 Ordures m\u00e9nag\u00e8res : les mardis matins semaines impaires. &#8211; Biod\u00e9chets (restes repas, essuie-tout, feuilles, gazons) : chaque mardi apr\u00e8s-midi\u00a0 En cas de probl\u00e8me, contacter le 0800 [&hellip;]<\/p>\n","protected":false},"author":1,"featured_media":0,"parent":0,"menu_order":0,"comment_status":"closed","ping_status":"closed","template":"","meta":{"footnotes":""},"class_list":["post-2838","page","type-page","status-publish","hentry"],"yoast_head":"<!-- This site is optimized with the Yoast SEO plugin v27.3 - https:\/\/yoast.com\/product\/yoast-seo-wordpress\/ -->\n<title>Collecte des d\u00e9chets - Toufflers<\/title>\n<meta name=\"robots\" content=\"index, follow, max-snippet:-1, max-image-preview:large, max-video-preview:-1\" \/>\n<link rel=\"canonical\" href=\"https:\/\/toufflers.fr\/index.php\/collecte-des-dechets\/\" \/>\n<meta property=\"og:locale\" content=\"fr_FR\" \/>\n<meta property=\"og:type\" content=\"article\" \/>\n<meta property=\"og:title\" content=\"Collecte des d\u00e9chets - Toufflers\" \/>\n<meta property=\"og:description\" content=\"[spb_text_block animation=&#8221;none&#8221; animation_delay=&#8221;0&#8243; simplified_controls=&#8221;yes&#8221; custom_css_percentage=&#8221;no&#8221; padding_vertical=&#8221;0&#8243; padding_horizontal=&#8221;0&#8243; margin_vertical=&#8221;0&#8243; custom_css=&#8221;margin-top: 0px;margin-bottom: 0px;&#8221; border_size=&#8221;0&#8243; border_styling_global=&#8221;default&#8221; width=&#8221;1\/1&#8243; el_position=&#8221;first last&#8221;] Collecte des d\u00e9chets Collecte des d\u00e9chets : \u2013 Emballages et papiers + verres : chaque mercredi matin\u00a0; \u2013 Ordures m\u00e9nag\u00e8res : les mardis matins semaines impaires. &#8211; Biod\u00e9chets (restes repas, essuie-tout, feuilles, gazons) : chaque mardi apr\u00e8s-midi\u00a0 En cas de probl\u00e8me, contacter le 0800 [&hellip;]\" \/>\n<meta property=\"og:url\" content=\"https:\/\/toufflers.fr\/index.php\/collecte-des-dechets\/\" \/>\n<meta property=\"og:site_name\" content=\"Toufflers\" \/>\n<meta property=\"article:publisher\" content=\"https:\/\/www.facebook.com\/people\/Mairie-de-Toufflers\/100064872632846\/?fref=ts\" \/>\n<meta property=\"article:modified_time\" content=\"2026-03-27T08:43:53+00:00\" \/>\n<meta name=\"twitter:card\" content=\"summary_large_image\" \/>\n<meta name=\"twitter:label1\" content=\"Dur\u00e9e de lecture estim\u00e9e\" \/>\n\t<meta name=\"twitter:data1\" content=\"1 minute\" \/>\n<script type=\"application\/ld+json\" class=\"yoast-schema-graph\">{\"@context\":\"https:\\\/\\\/schema.org\",\"@graph\":[{\"@type\":\"WebPage\",\"@id\":\"https:\\\/\\\/toufflers.fr\\\/index.php\\\/collecte-des-dechets\\\/\",\"url\":\"https:\\\/\\\/toufflers.fr\\\/index.php\\\/collecte-des-dechets\\\/\",\"name\":\"Collecte des d\u00e9chets - Toufflers\",\"isPartOf\":{\"@id\":\"https:\\\/\\\/toufflers.fr\\\/#website\"},\"datePublished\":\"2020-05-12T13:03:49+00:00\",\"dateModified\":\"2026-03-27T08:43:53+00:00\",\"breadcrumb\":{\"@id\":\"https:\\\/\\\/toufflers.fr\\\/index.php\\\/collecte-des-dechets\\\/#breadcrumb\"},\"inLanguage\":\"fr-FR\",\"potentialAction\":[{\"@type\":\"ReadAction\",\"target\":[\"https:\\\/\\\/toufflers.fr\\\/index.php\\\/collecte-des-dechets\\\/\"]}]},{\"@type\":\"BreadcrumbList\",\"@id\":\"https:\\\/\\\/toufflers.fr\\\/index.php\\\/collecte-des-dechets\\\/#breadcrumb\",\"itemListElement\":[{\"@type\":\"ListItem\",\"position\":1,\"name\":\"Accueil\",\"item\":\"https:\\\/\\\/toufflers.fr\\\/\"},{\"@type\":\"ListItem\",\"position\":2,\"name\":\"Collecte des d\u00e9chets\"}]},{\"@type\":\"WebSite\",\"@id\":\"https:\\\/\\\/toufflers.fr\\\/#website\",\"url\":\"https:\\\/\\\/toufflers.fr\\\/\",\"name\":\"Toufflers\",\"description\":\"\",\"publisher\":{\"@id\":\"https:\\\/\\\/toufflers.fr\\\/#organization\"},\"potentialAction\":[{\"@type\":\"SearchAction\",\"target\":{\"@type\":\"EntryPoint\",\"urlTemplate\":\"https:\\\/\\\/toufflers.fr\\\/?s={search_term_string}\"},\"query-input\":{\"@type\":\"PropertyValueSpecification\",\"valueRequired\":true,\"valueName\":\"search_term_string\"}}],\"inLanguage\":\"fr-FR\"},{\"@type\":\"Organization\",\"@id\":\"https:\\\/\\\/toufflers.fr\\\/#organization\",\"name\":\"Toufflers\",\"url\":\"https:\\\/\\\/toufflers.fr\\\/\",\"logo\":{\"@type\":\"ImageObject\",\"inLanguage\":\"fr-FR\",\"@id\":\"https:\\\/\\\/toufflers.fr\\\/#\\\/schema\\\/logo\\\/image\\\/\",\"url\":\"https:\\\/\\\/toufflers.fr\\\/wp-content\\\/uploads\\\/2024\\\/02\\\/Logo-site.png\",\"contentUrl\":\"https:\\\/\\\/toufflers.fr\\\/wp-content\\\/uploads\\\/2024\\\/02\\\/Logo-site.png\",\"width\":2560,\"height\":721,\"caption\":\"Toufflers\"},\"image\":{\"@id\":\"https:\\\/\\\/toufflers.fr\\\/#\\\/schema\\\/logo\\\/image\\\/\"},\"sameAs\":[\"https:\\\/\\\/www.facebook.com\\\/people\\\/Mairie-de-Toufflers\\\/100064872632846\\\/?fref=ts\"]}]}<\/script>\n<!-- \/ Yoast SEO plugin. -->","yoast_head_json":{"title":"Collecte des d\u00e9chets - Toufflers","robots":{"index":"index","follow":"follow","max-snippet":"max-snippet:-1","max-image-preview":"max-image-preview:large","max-video-preview":"max-video-preview:-1"},"canonical":"https:\/\/toufflers.fr\/index.php\/collecte-des-dechets\/","og_locale":"fr_FR","og_type":"article","og_title":"Collecte des d\u00e9chets - Toufflers","og_description":"[spb_text_block animation=&#8221;none&#8221; animation_delay=&#8221;0&#8243; simplified_controls=&#8221;yes&#8221; custom_css_percentage=&#8221;no&#8221; padding_vertical=&#8221;0&#8243; padding_horizontal=&#8221;0&#8243; margin_vertical=&#8221;0&#8243; custom_css=&#8221;margin-top: 0px;margin-bottom: 0px;&#8221; border_size=&#8221;0&#8243; border_styling_global=&#8221;default&#8221; width=&#8221;1\/1&#8243; el_position=&#8221;first last&#8221;] Collecte des d\u00e9chets Collecte des d\u00e9chets : \u2013 Emballages et papiers + verres : chaque mercredi matin\u00a0; \u2013 Ordures m\u00e9nag\u00e8res : les mardis matins semaines impaires. &#8211; Biod\u00e9chets (restes repas, essuie-tout, feuilles, gazons) : chaque mardi apr\u00e8s-midi\u00a0 En cas de probl\u00e8me, contacter le 0800 [&hellip;]","og_url":"https:\/\/toufflers.fr\/index.php\/collecte-des-dechets\/","og_site_name":"Toufflers","article_publisher":"https:\/\/www.facebook.com\/people\/Mairie-de-Toufflers\/100064872632846\/?fref=ts","article_modified_time":"2026-03-27T08:43:53+00:00","twitter_card":"summary_large_image","twitter_misc":{"Dur\u00e9e de lecture estim\u00e9e":"1 minute"},"schema":{"@context":"https:\/\/schema.org","@graph":[{"@type":"WebPage","@id":"https:\/\/toufflers.fr\/index.php\/collecte-des-dechets\/","url":"https:\/\/toufflers.fr\/index.php\/collecte-des-dechets\/","name":"Collecte des d\u00e9chets - Toufflers","isPartOf":{"@id":"https:\/\/toufflers.fr\/#website"},"datePublished":"2020-05-12T13:03:49+00:00","dateModified":"2026-03-27T08:43:53+00:00","breadcrumb":{"@id":"https:\/\/toufflers.fr\/index.php\/collecte-des-dechets\/#breadcrumb"},"inLanguage":"fr-FR","potentialAction":[{"@type":"ReadAction","target":["https:\/\/toufflers.fr\/index.php\/collecte-des-dechets\/"]}]},{"@type":"BreadcrumbList","@id":"https:\/\/toufflers.fr\/index.php\/collecte-des-dechets\/#breadcrumb","itemListElement":[{"@type":"ListItem","position":1,"name":"Accueil","item":"https:\/\/toufflers.fr\/"},{"@type":"ListItem","position":2,"name":"Collecte des d\u00e9chets"}]},{"@type":"WebSite","@id":"https:\/\/toufflers.fr\/#website","url":"https:\/\/toufflers.fr\/","name":"Toufflers","description":"","publisher":{"@id":"https:\/\/toufflers.fr\/#organization"},"potentialAction":[{"@type":"SearchAction","target":{"@type":"EntryPoint","urlTemplate":"https:\/\/toufflers.fr\/?s={search_term_string}"},"query-input":{"@type":"PropertyValueSpecification","valueRequired":true,"valueName":"search_term_string"}}],"inLanguage":"fr-FR"},{"@type":"Organization","@id":"https:\/\/toufflers.fr\/#organization","name":"Toufflers","url":"https:\/\/toufflers.fr\/","logo":{"@type":"ImageObject","inLanguage":"fr-FR","@id":"https:\/\/toufflers.fr\/#\/schema\/logo\/image\/","url":"https:\/\/toufflers.fr\/wp-content\/uploads\/2024\/02\/Logo-site.png","contentUrl":"https:\/\/toufflers.fr\/wp-content\/uploads\/2024\/02\/Logo-site.png","width":2560,"height":721,"caption":"Toufflers"},"image":{"@id":"https:\/\/toufflers.fr\/#\/schema\/logo\/image\/"},"sameAs":["https:\/\/www.facebook.com\/people\/Mairie-de-Toufflers\/100064872632846\/?fref=ts"]}]}},"_links":{"self":[{"href":"https:\/\/toufflers.fr\/index.php\/wp-json\/wp\/v2\/pages\/2838","targetHints":{"allow":["GET"]}}],"collection":[{"href":"https:\/\/toufflers.fr\/index.php\/wp-json\/wp\/v2\/pages"}],"about":[{"href":"https:\/\/toufflers.fr\/index.php\/wp-json\/wp\/v2\/types\/page"}],"author":[{"embeddable":true,"href":"https:\/\/toufflers.fr\/index.php\/wp-json\/wp\/v2\/users\/1"}],"replies":[{"embeddable":true,"href":"https:\/\/toufflers.fr\/index.php\/wp-json\/wp\/v2\/comments?post=2838"}],"version-history":[{"count":7,"href":"https:\/\/toufflers.fr\/index.php\/wp-json\/wp\/v2\/pages\/2838\/revisions"}],"predecessor-version":[{"id":7562,"href":"https:\/\/toufflers.fr\/index.php\/wp-json\/wp\/v2\/pages\/2838\/revisions\/7562"}],"wp:attachment":[{"href":"https:\/\/toufflers.fr\/index.php\/wp-json\/wp\/v2\/media?parent=2838"}],"curies":[{"name":"wp","href":"https:\/\/api.w.org\/{rel}","templated":true}]}}