{"id":2778,"date":"2020-05-11T14:32:59","date_gmt":"2020-05-11T12:32:59","guid":{"rendered":"http:\/\/toufflers.fr\/?page_id=2778"},"modified":"2026-04-19T17:29:58","modified_gmt":"2026-04-19T15:29:58","slug":"repas-a-domicile","status":"publish","type":"page","link":"https:\/\/toufflers.fr\/index.php\/repas-a-domicile\/","title":{"rendered":"REPAS A DOMICILE"},"content":{"rendered":"[spb_text_block animation=&#8221;none&#8221; animation_delay=&#8221;0&#8243; simplified_controls=&#8221;yes&#8221; custom_css_percentage=&#8221;no&#8221; padding_vertical=&#8221;0&#8243; padding_horizontal=&#8221;0&#8243; margin_vertical=&#8221;0&#8243; custom_css=&#8221;margin-top: 0px;margin-bottom: 0px;&#8221; border_size=&#8221;0&#8243; border_styling_global=&#8221;default&#8221; width=&#8221;1\/1&#8243; el_position=&#8221;first last&#8221;]\n<h1 class=\"page-title\">Repas \u00e0 domicile<\/h1>\n<p>Les repas sont confectionn\u00e9s par la cuisine centrale de <b>API restauration<\/b> et sont compos\u00e9s :<\/p>\n<div class=\"su-row\">\n<div class=\"su-column su-column-size-1-2\">\n<div class=\"su-column-inner su-clearfix\">\u2013 D\u2019une entr\u00e9e ;<br \/>\n\u2013 D\u2019un plat prot\u00e9ique ;<br \/>\n\u2013 D\u2019un accompagnement ;<br \/>\n\u2013 D\u2019un dessert ;<\/div>\n<\/div>\n<div class=\"su-column su-column-size-1-2\">\n<div class=\"su-column-inner su-clearfix\">\u2013 De pain ;<br \/>\n\u2013 De fromage ;<br \/>\n\u2013 D\u2019un compl\u00e9ment pour le soir : potage ;<br \/>\n\u2013 D\u2019une petite bouteille d\u2019eau.<\/div>\n<\/div>\n<\/div>\n<p>Les repas sont livr\u00e9s du <b>lundi au vendredi<\/b>, de <b>7h30 \u00e0 12h00<\/b>. Ils sont port\u00e9s :<br \/>\n\u2013 Le lundi pour la consommation du lundi ;<br \/>\n\u2013 Le mardi pour la consommation du mardi ;<br \/>\n\u2013 Le mercredi pour la consommation du mercredi ;<br \/>\n\u2013 Le jeudi pour la consommation du jeudi et du vendredi ;<br \/>\n\u2013 Le vendredi pour la consommation du samedi et du dimanche.<\/p>\n<p>Il est possible de choisir <b>chaque jour entre 3 menus<\/b>. Les feuilles de menus sont d\u00e9pos\u00e9es par les livreurs et les b\u00e9n\u00e9ficiaires rendent leurs feuilles coch\u00e9es pour les semaines suivantes.<\/p>\n<p>Il est possible, sur <b>simple demande et sans suppl\u00e9ment<\/b>, de b\u00e9n\u00e9ficier de repas pour les personnes suivant des <b>r\u00e9gimes alimentaires sp\u00e9cifiques<\/b> :<br \/>\n\u2013 Sans sel ajout\u00e9 ;<br \/>\n\u2013 Sans sucre ajout\u00e9 ;<br \/>\n\u2013 Sans sel et sans sucre ajout\u00e9s ;<br \/>\n\u2013 Sans graisse ;<br \/>\n\u2013 Repas hach\u00e9s.<\/p>\n<p>Le repas est au prix de <b>7,20 \u20ac <\/b>(au 01\/11\/2025), la facture est re\u00e7ue le mois suivant. Le paiement doit se faire par ch\u00e8que \u00e0 l\u2019ordre du <b>Tr\u00e9sor Public<\/b> et \u00eatre envoy\u00e9 \u00e0 : Mairie de Toufflers \u2013 C.C.A.S \u2013 63 rue de Roubaix 59390 Toufflers<\/p>\n<p><b><span style=\"color: #fe9b00;\">Toute modification (hors hospitalisation) doit \u00eatre communiqu\u00e9e 48h00 (jours ouvr\u00e9s) \u00e0 l\u2019avance au service des repas \u00e0 domicile \u2013 T\u00e9l. : 03.20.75.27.71<\/span><\/b><\/p>\n<p><i>En cas d\u2019absence de derni\u00e8re minute, les repas peuvent \u00eatre retir\u00e9s exceptionnellement au C.C.A.S de Hem.<\/i><\/p>\n<p><a href=\"https:\/\/toufflers.fr\/wp-content\/uploads\/2025\/01\/REPAS-A-DOMICILE-Fiche-de-presentation.pdf\" target=\"_blank\" rel=\"noopener\">Formulaire d\u2019inscription pour les repas \u00e0 domicile<\/a><\/p>\n[\/spb_text_block]\n","protected":false},"excerpt":{"rendered":"<p>[spb_text_block animation=&#8221;none&#8221; animation_delay=&#8221;0&#8243; simplified_controls=&#8221;yes&#8221; custom_css_percentage=&#8221;no&#8221; padding_vertical=&#8221;0&#8243; padding_horizontal=&#8221;0&#8243; margin_vertical=&#8221;0&#8243; custom_css=&#8221;margin-top: 0px;margin-bottom: 0px;&#8221; border_size=&#8221;0&#8243; border_styling_global=&#8221;default&#8221; width=&#8221;1\/1&#8243; el_position=&#8221;first last&#8221;] Repas \u00e0 domicile Les repas sont confectionn\u00e9s par la cuisine centrale de API restauration et sont compos\u00e9s : \u2013 D\u2019une entr\u00e9e ; \u2013 D\u2019un plat prot\u00e9ique ; \u2013 D\u2019un accompagnement ; \u2013 D\u2019un dessert ; \u2013 De pain ; \u2013 De fromage ; \u2013 [&hellip;]<\/p>\n","protected":false},"author":1,"featured_media":0,"parent":0,"menu_order":0,"comment_status":"closed","ping_status":"closed","template":"","meta":{"footnotes":""},"class_list":["post-2778","page","type-page","status-publish","hentry"],"yoast_head":"<!-- This site is optimized with the Yoast SEO plugin v27.4 - https:\/\/yoast.com\/product\/yoast-seo-wordpress\/ -->\n<title>REPAS A DOMICILE - Toufflers<\/title>\n<meta name=\"robots\" content=\"index, follow, max-snippet:-1, max-image-preview:large, max-video-preview:-1\" \/>\n<link rel=\"canonical\" href=\"https:\/\/toufflers.fr\/index.php\/repas-a-domicile\/\" \/>\n<meta property=\"og:locale\" content=\"fr_FR\" \/>\n<meta property=\"og:type\" content=\"article\" \/>\n<meta property=\"og:title\" content=\"REPAS A DOMICILE - Toufflers\" \/>\n<meta property=\"og:description\" content=\"[spb_text_block animation=&#8221;none&#8221; animation_delay=&#8221;0&#8243; simplified_controls=&#8221;yes&#8221; custom_css_percentage=&#8221;no&#8221; padding_vertical=&#8221;0&#8243; padding_horizontal=&#8221;0&#8243; margin_vertical=&#8221;0&#8243; custom_css=&#8221;margin-top: 0px;margin-bottom: 0px;&#8221; border_size=&#8221;0&#8243; border_styling_global=&#8221;default&#8221; width=&#8221;1\/1&#8243; el_position=&#8221;first last&#8221;] Repas \u00e0 domicile Les repas sont confectionn\u00e9s par la cuisine centrale de API restauration et sont compos\u00e9s : \u2013 D\u2019une entr\u00e9e ; \u2013 D\u2019un plat prot\u00e9ique ; \u2013 D\u2019un accompagnement ; \u2013 D\u2019un dessert ; \u2013 De pain ; \u2013 De fromage ; \u2013 [&hellip;]\" \/>\n<meta property=\"og:url\" content=\"https:\/\/toufflers.fr\/index.php\/repas-a-domicile\/\" \/>\n<meta property=\"og:site_name\" content=\"Toufflers\" \/>\n<meta property=\"article:publisher\" content=\"https:\/\/www.facebook.com\/people\/Mairie-de-Toufflers\/100064872632846\/?fref=ts\" \/>\n<meta property=\"article:modified_time\" content=\"2026-04-19T15:29:58+00:00\" \/>\n<meta name=\"twitter:card\" content=\"summary_large_image\" \/>\n<meta name=\"twitter:label1\" content=\"Dur\u00e9e de lecture estim\u00e9e\" \/>\n\t<meta name=\"twitter:data1\" content=\"2 minutes\" \/>\n<script type=\"application\/ld+json\" class=\"yoast-schema-graph\">{\"@context\":\"https:\\\/\\\/schema.org\",\"@graph\":[{\"@type\":\"WebPage\",\"@id\":\"https:\\\/\\\/toufflers.fr\\\/index.php\\\/repas-a-domicile\\\/\",\"url\":\"https:\\\/\\\/toufflers.fr\\\/index.php\\\/repas-a-domicile\\\/\",\"name\":\"REPAS A DOMICILE - Toufflers\",\"isPartOf\":{\"@id\":\"https:\\\/\\\/toufflers.fr\\\/#website\"},\"datePublished\":\"2020-05-11T12:32:59+00:00\",\"dateModified\":\"2026-04-19T15:29:58+00:00\",\"breadcrumb\":{\"@id\":\"https:\\\/\\\/toufflers.fr\\\/index.php\\\/repas-a-domicile\\\/#breadcrumb\"},\"inLanguage\":\"fr-FR\",\"potentialAction\":[{\"@type\":\"ReadAction\",\"target\":[\"https:\\\/\\\/toufflers.fr\\\/index.php\\\/repas-a-domicile\\\/\"]}]},{\"@type\":\"BreadcrumbList\",\"@id\":\"https:\\\/\\\/toufflers.fr\\\/index.php\\\/repas-a-domicile\\\/#breadcrumb\",\"itemListElement\":[{\"@type\":\"ListItem\",\"position\":1,\"name\":\"Accueil\",\"item\":\"https:\\\/\\\/toufflers.fr\\\/\"},{\"@type\":\"ListItem\",\"position\":2,\"name\":\"REPAS A DOMICILE\"}]},{\"@type\":\"WebSite\",\"@id\":\"https:\\\/\\\/toufflers.fr\\\/#website\",\"url\":\"https:\\\/\\\/toufflers.fr\\\/\",\"name\":\"Toufflers\",\"description\":\"\",\"publisher\":{\"@id\":\"https:\\\/\\\/toufflers.fr\\\/#organization\"},\"potentialAction\":[{\"@type\":\"SearchAction\",\"target\":{\"@type\":\"EntryPoint\",\"urlTemplate\":\"https:\\\/\\\/toufflers.fr\\\/?s={search_term_string}\"},\"query-input\":{\"@type\":\"PropertyValueSpecification\",\"valueRequired\":true,\"valueName\":\"search_term_string\"}}],\"inLanguage\":\"fr-FR\"},{\"@type\":\"Organization\",\"@id\":\"https:\\\/\\\/toufflers.fr\\\/#organization\",\"name\":\"Toufflers\",\"url\":\"https:\\\/\\\/toufflers.fr\\\/\",\"logo\":{\"@type\":\"ImageObject\",\"inLanguage\":\"fr-FR\",\"@id\":\"https:\\\/\\\/toufflers.fr\\\/#\\\/schema\\\/logo\\\/image\\\/\",\"url\":\"https:\\\/\\\/toufflers.fr\\\/wp-content\\\/uploads\\\/2024\\\/02\\\/Logo-site.png\",\"contentUrl\":\"https:\\\/\\\/toufflers.fr\\\/wp-content\\\/uploads\\\/2024\\\/02\\\/Logo-site.png\",\"width\":2560,\"height\":721,\"caption\":\"Toufflers\"},\"image\":{\"@id\":\"https:\\\/\\\/toufflers.fr\\\/#\\\/schema\\\/logo\\\/image\\\/\"},\"sameAs\":[\"https:\\\/\\\/www.facebook.com\\\/people\\\/Mairie-de-Toufflers\\\/100064872632846\\\/?fref=ts\"]}]}<\/script>\n<!-- \/ Yoast SEO plugin. -->","yoast_head_json":{"title":"REPAS A DOMICILE - Toufflers","robots":{"index":"index","follow":"follow","max-snippet":"max-snippet:-1","max-image-preview":"max-image-preview:large","max-video-preview":"max-video-preview:-1"},"canonical":"https:\/\/toufflers.fr\/index.php\/repas-a-domicile\/","og_locale":"fr_FR","og_type":"article","og_title":"REPAS A DOMICILE - Toufflers","og_description":"[spb_text_block animation=&#8221;none&#8221; animation_delay=&#8221;0&#8243; simplified_controls=&#8221;yes&#8221; custom_css_percentage=&#8221;no&#8221; padding_vertical=&#8221;0&#8243; padding_horizontal=&#8221;0&#8243; margin_vertical=&#8221;0&#8243; custom_css=&#8221;margin-top: 0px;margin-bottom: 0px;&#8221; border_size=&#8221;0&#8243; border_styling_global=&#8221;default&#8221; width=&#8221;1\/1&#8243; el_position=&#8221;first last&#8221;] Repas \u00e0 domicile Les repas sont confectionn\u00e9s par la cuisine centrale de API restauration et sont compos\u00e9s : \u2013 D\u2019une entr\u00e9e ; \u2013 D\u2019un plat prot\u00e9ique ; \u2013 D\u2019un accompagnement ; \u2013 D\u2019un dessert ; \u2013 De pain ; \u2013 De fromage ; \u2013 [&hellip;]","og_url":"https:\/\/toufflers.fr\/index.php\/repas-a-domicile\/","og_site_name":"Toufflers","article_publisher":"https:\/\/www.facebook.com\/people\/Mairie-de-Toufflers\/100064872632846\/?fref=ts","article_modified_time":"2026-04-19T15:29:58+00:00","twitter_card":"summary_large_image","twitter_misc":{"Dur\u00e9e de lecture estim\u00e9e":"2 minutes"},"schema":{"@context":"https:\/\/schema.org","@graph":[{"@type":"WebPage","@id":"https:\/\/toufflers.fr\/index.php\/repas-a-domicile\/","url":"https:\/\/toufflers.fr\/index.php\/repas-a-domicile\/","name":"REPAS A DOMICILE - Toufflers","isPartOf":{"@id":"https:\/\/toufflers.fr\/#website"},"datePublished":"2020-05-11T12:32:59+00:00","dateModified":"2026-04-19T15:29:58+00:00","breadcrumb":{"@id":"https:\/\/toufflers.fr\/index.php\/repas-a-domicile\/#breadcrumb"},"inLanguage":"fr-FR","potentialAction":[{"@type":"ReadAction","target":["https:\/\/toufflers.fr\/index.php\/repas-a-domicile\/"]}]},{"@type":"BreadcrumbList","@id":"https:\/\/toufflers.fr\/index.php\/repas-a-domicile\/#breadcrumb","itemListElement":[{"@type":"ListItem","position":1,"name":"Accueil","item":"https:\/\/toufflers.fr\/"},{"@type":"ListItem","position":2,"name":"REPAS A DOMICILE"}]},{"@type":"WebSite","@id":"https:\/\/toufflers.fr\/#website","url":"https:\/\/toufflers.fr\/","name":"Toufflers","description":"","publisher":{"@id":"https:\/\/toufflers.fr\/#organization"},"potentialAction":[{"@type":"SearchAction","target":{"@type":"EntryPoint","urlTemplate":"https:\/\/toufflers.fr\/?s={search_term_string}"},"query-input":{"@type":"PropertyValueSpecification","valueRequired":true,"valueName":"search_term_string"}}],"inLanguage":"fr-FR"},{"@type":"Organization","@id":"https:\/\/toufflers.fr\/#organization","name":"Toufflers","url":"https:\/\/toufflers.fr\/","logo":{"@type":"ImageObject","inLanguage":"fr-FR","@id":"https:\/\/toufflers.fr\/#\/schema\/logo\/image\/","url":"https:\/\/toufflers.fr\/wp-content\/uploads\/2024\/02\/Logo-site.png","contentUrl":"https:\/\/toufflers.fr\/wp-content\/uploads\/2024\/02\/Logo-site.png","width":2560,"height":721,"caption":"Toufflers"},"image":{"@id":"https:\/\/toufflers.fr\/#\/schema\/logo\/image\/"},"sameAs":["https:\/\/www.facebook.com\/people\/Mairie-de-Toufflers\/100064872632846\/?fref=ts"]}]}},"_links":{"self":[{"href":"https:\/\/toufflers.fr\/index.php\/wp-json\/wp\/v2\/pages\/2778","targetHints":{"allow":["GET"]}}],"collection":[{"href":"https:\/\/toufflers.fr\/index.php\/wp-json\/wp\/v2\/pages"}],"about":[{"href":"https:\/\/toufflers.fr\/index.php\/wp-json\/wp\/v2\/types\/page"}],"author":[{"embeddable":true,"href":"https:\/\/toufflers.fr\/index.php\/wp-json\/wp\/v2\/users\/1"}],"replies":[{"embeddable":true,"href":"https:\/\/toufflers.fr\/index.php\/wp-json\/wp\/v2\/comments?post=2778"}],"version-history":[{"count":5,"href":"https:\/\/toufflers.fr\/index.php\/wp-json\/wp\/v2\/pages\/2778\/revisions"}],"predecessor-version":[{"id":7298,"href":"https:\/\/toufflers.fr\/index.php\/wp-json\/wp\/v2\/pages\/2778\/revisions\/7298"}],"wp:attachment":[{"href":"https:\/\/toufflers.fr\/index.php\/wp-json\/wp\/v2\/media?parent=2778"}],"curies":[{"name":"wp","href":"https:\/\/api.w.org\/{rel}","templated":true}]}}