{"id":2773,"date":"2020-05-11T14:30:06","date_gmt":"2020-05-11T12:30:06","guid":{"rendered":"http:\/\/toufflers.fr\/?page_id=2773"},"modified":"2026-04-19T17:29:58","modified_gmt":"2026-04-19T15:29:58","slug":"clos-de-la-cense","status":"publish","type":"page","link":"https:\/\/toufflers.fr\/index.php\/clos-de-la-cense\/","title":{"rendered":"CLOS DE LA CENSE"},"content":{"rendered":"[spb_text_block animation=&#8221;none&#8221; animation_delay=&#8221;0&#8243; simplified_controls=&#8221;yes&#8221; custom_css_percentage=&#8221;no&#8221; padding_vertical=&#8221;0&#8243; padding_horizontal=&#8221;0&#8243; margin_vertical=&#8221;0&#8243; custom_css=&#8221;margin-top: 0px;margin-bottom: 0px;&#8221; border_size=&#8221;0&#8243; border_styling_global=&#8221;default&#8221; width=&#8221;1\/1&#8243; el_position=&#8221;first last&#8221;]\n<h1 class=\"page-title\">Clos de la Cense<\/h1>\n<p style=\"text-align: justify;\">La conception architecturale du b\u00e2timent a privil\u00e9gi\u00e9 la qualit\u00e9 de l\u2019int\u00e9gration urbaine en pr\u00e9servant le caract\u00e8re r\u00e9sidentiel dans un quartier d\u2019habitat mixte. Les locaux r\u00e9cents de la r\u00e9sidence offrent des conditions d\u2019h\u00e9bergement fonctionnelles, adapt\u00e9es et agr\u00e9ables. Sa capacit\u00e9 d\u2019accueil est de <b>36 appartements adapt\u00e9s<\/b> (studios et T2) r\u00e9partis sur deux niveaux.<\/p>\n<p style=\"text-align: justify;\">La structure n\u2019est pas class\u00e9e maison de retraite et elle a \u00e9t\u00e9 mise en place avec un partenariat unique qui lui procure un <b>profil r\u00e9sidentiel \u00e0 caract\u00e8re social<\/b>. Cet \u00e9quipement offre aux personnes \u00e2g\u00e9es, au centre m\u00eame de la commune, un lieu de vie r\u00e9pondant de fa\u00e7on exemplaire aux souhaits de nos a\u00een\u00e9s.<\/p>\n<p style=\"text-align: justify;\">Tout d\u2019abord, il leur permet de <b>pr\u00e9server leur autonomie<\/b> sans avoir \u00e0 redouter de souffrir un jour de l\u2019isolement. Ensuite, il leur donne la possibilit\u00e9 de vivre sans rupture avec le pass\u00e9 dans un cadre qui reste familier. De nombreuses habitations se trouvent tout autour de l\u2019\u00e9tablissement.<br \/>\nTous les <b>commerces<\/b> et la place de la R\u00e9publique sont \u00e0 proximit\u00e9. Il y a \u00e9galement un d\u00e9part de sentier p\u00e9destre situ\u00e9 au bout de la rue de Lys pour des promenades vertes.<\/p>\n<p style=\"text-align: justify;\">Enfin, la r\u00e9sidence permet \u00e0 chacun de garder son ind\u00e9pendance, tout en b\u00e9n\u00e9ficiant d\u2019une pr\u00e9sence attentive. Le but est d\u2019avoir le sentiment d\u2019\u00eatre chez soi. Rapidement, des <b>liens d\u2019amiti\u00e9 se tisseront entre les r\u00e9sidents<\/b>. Les \u00e9changes seront aussi favoris\u00e9s mais chacun est libre et peut s\u2019il le souhaite, rester dans son appartement. La qui\u00e9tude de la population \u00e2g\u00e9e sera ainsi respect\u00e9e.<\/p>\n<p style=\"text-align: left;\">Clos de la Cense<br \/>\n1 rue de Leers, 59390 Toufflers<br \/>\nges-miriad@outlook.fr<\/p>\n<p style=\"text-align: left;\">07.64.23.37.96<\/p>\n<p style=\"text-align: left;\">03.20.83.49.53<\/p>\n[\/spb_text_block]\n","protected":false},"excerpt":{"rendered":"<p>[spb_text_block animation=&#8221;none&#8221; animation_delay=&#8221;0&#8243; simplified_controls=&#8221;yes&#8221; custom_css_percentage=&#8221;no&#8221; padding_vertical=&#8221;0&#8243; padding_horizontal=&#8221;0&#8243; margin_vertical=&#8221;0&#8243; custom_css=&#8221;margin-top: 0px;margin-bottom: 0px;&#8221; border_size=&#8221;0&#8243; border_styling_global=&#8221;default&#8221; width=&#8221;1\/1&#8243; el_position=&#8221;first last&#8221;] Clos de la Cense La conception architecturale du b\u00e2timent a privil\u00e9gi\u00e9 la qualit\u00e9 de l\u2019int\u00e9gration urbaine en pr\u00e9servant le caract\u00e8re r\u00e9sidentiel dans un quartier d\u2019habitat mixte. Les locaux r\u00e9cents de la r\u00e9sidence offrent des conditions d\u2019h\u00e9bergement fonctionnelles, adapt\u00e9es et agr\u00e9ables. Sa capacit\u00e9 d\u2019accueil est [&hellip;]<\/p>\n","protected":false},"author":1,"featured_media":0,"parent":0,"menu_order":0,"comment_status":"closed","ping_status":"closed","template":"","meta":{"footnotes":""},"class_list":["post-2773","page","type-page","status-publish","hentry"],"yoast_head":"<!-- This site is optimized with the Yoast SEO plugin v27.4 - https:\/\/yoast.com\/product\/yoast-seo-wordpress\/ -->\n<title>CLOS DE LA CENSE - Toufflers<\/title>\n<meta name=\"robots\" content=\"index, follow, max-snippet:-1, max-image-preview:large, max-video-preview:-1\" \/>\n<link rel=\"canonical\" href=\"https:\/\/toufflers.fr\/index.php\/clos-de-la-cense\/\" \/>\n<meta property=\"og:locale\" content=\"fr_FR\" \/>\n<meta property=\"og:type\" content=\"article\" \/>\n<meta property=\"og:title\" content=\"CLOS DE LA CENSE - Toufflers\" \/>\n<meta property=\"og:description\" content=\"[spb_text_block animation=&#8221;none&#8221; animation_delay=&#8221;0&#8243; simplified_controls=&#8221;yes&#8221; custom_css_percentage=&#8221;no&#8221; padding_vertical=&#8221;0&#8243; padding_horizontal=&#8221;0&#8243; margin_vertical=&#8221;0&#8243; custom_css=&#8221;margin-top: 0px;margin-bottom: 0px;&#8221; border_size=&#8221;0&#8243; border_styling_global=&#8221;default&#8221; width=&#8221;1\/1&#8243; el_position=&#8221;first last&#8221;] Clos de la Cense La conception architecturale du b\u00e2timent a privil\u00e9gi\u00e9 la qualit\u00e9 de l\u2019int\u00e9gration urbaine en pr\u00e9servant le caract\u00e8re r\u00e9sidentiel dans un quartier d\u2019habitat mixte. Les locaux r\u00e9cents de la r\u00e9sidence offrent des conditions d\u2019h\u00e9bergement fonctionnelles, adapt\u00e9es et agr\u00e9ables. Sa capacit\u00e9 d\u2019accueil est [&hellip;]\" \/>\n<meta property=\"og:url\" content=\"https:\/\/toufflers.fr\/index.php\/clos-de-la-cense\/\" \/>\n<meta property=\"og:site_name\" content=\"Toufflers\" \/>\n<meta property=\"article:publisher\" content=\"https:\/\/www.facebook.com\/people\/Mairie-de-Toufflers\/100064872632846\/?fref=ts\" \/>\n<meta property=\"article:modified_time\" content=\"2026-04-19T15:29:58+00:00\" \/>\n<meta name=\"twitter:card\" content=\"summary_large_image\" \/>\n<meta name=\"twitter:label1\" content=\"Dur\u00e9e de lecture estim\u00e9e\" \/>\n\t<meta name=\"twitter:data1\" content=\"2 minutes\" \/>\n<script type=\"application\/ld+json\" class=\"yoast-schema-graph\">{\"@context\":\"https:\\\/\\\/schema.org\",\"@graph\":[{\"@type\":\"WebPage\",\"@id\":\"https:\\\/\\\/toufflers.fr\\\/index.php\\\/clos-de-la-cense\\\/\",\"url\":\"https:\\\/\\\/toufflers.fr\\\/index.php\\\/clos-de-la-cense\\\/\",\"name\":\"CLOS DE LA CENSE - Toufflers\",\"isPartOf\":{\"@id\":\"https:\\\/\\\/toufflers.fr\\\/#website\"},\"datePublished\":\"2020-05-11T12:30:06+00:00\",\"dateModified\":\"2026-04-19T15:29:58+00:00\",\"breadcrumb\":{\"@id\":\"https:\\\/\\\/toufflers.fr\\\/index.php\\\/clos-de-la-cense\\\/#breadcrumb\"},\"inLanguage\":\"fr-FR\",\"potentialAction\":[{\"@type\":\"ReadAction\",\"target\":[\"https:\\\/\\\/toufflers.fr\\\/index.php\\\/clos-de-la-cense\\\/\"]}]},{\"@type\":\"BreadcrumbList\",\"@id\":\"https:\\\/\\\/toufflers.fr\\\/index.php\\\/clos-de-la-cense\\\/#breadcrumb\",\"itemListElement\":[{\"@type\":\"ListItem\",\"position\":1,\"name\":\"Accueil\",\"item\":\"https:\\\/\\\/toufflers.fr\\\/\"},{\"@type\":\"ListItem\",\"position\":2,\"name\":\"CLOS DE LA CENSE\"}]},{\"@type\":\"WebSite\",\"@id\":\"https:\\\/\\\/toufflers.fr\\\/#website\",\"url\":\"https:\\\/\\\/toufflers.fr\\\/\",\"name\":\"Toufflers\",\"description\":\"\",\"publisher\":{\"@id\":\"https:\\\/\\\/toufflers.fr\\\/#organization\"},\"potentialAction\":[{\"@type\":\"SearchAction\",\"target\":{\"@type\":\"EntryPoint\",\"urlTemplate\":\"https:\\\/\\\/toufflers.fr\\\/?s={search_term_string}\"},\"query-input\":{\"@type\":\"PropertyValueSpecification\",\"valueRequired\":true,\"valueName\":\"search_term_string\"}}],\"inLanguage\":\"fr-FR\"},{\"@type\":\"Organization\",\"@id\":\"https:\\\/\\\/toufflers.fr\\\/#organization\",\"name\":\"Toufflers\",\"url\":\"https:\\\/\\\/toufflers.fr\\\/\",\"logo\":{\"@type\":\"ImageObject\",\"inLanguage\":\"fr-FR\",\"@id\":\"https:\\\/\\\/toufflers.fr\\\/#\\\/schema\\\/logo\\\/image\\\/\",\"url\":\"https:\\\/\\\/toufflers.fr\\\/wp-content\\\/uploads\\\/2024\\\/02\\\/Logo-site.png\",\"contentUrl\":\"https:\\\/\\\/toufflers.fr\\\/wp-content\\\/uploads\\\/2024\\\/02\\\/Logo-site.png\",\"width\":2560,\"height\":721,\"caption\":\"Toufflers\"},\"image\":{\"@id\":\"https:\\\/\\\/toufflers.fr\\\/#\\\/schema\\\/logo\\\/image\\\/\"},\"sameAs\":[\"https:\\\/\\\/www.facebook.com\\\/people\\\/Mairie-de-Toufflers\\\/100064872632846\\\/?fref=ts\"]}]}<\/script>\n<!-- \/ Yoast SEO plugin. -->","yoast_head_json":{"title":"CLOS DE LA CENSE - Toufflers","robots":{"index":"index","follow":"follow","max-snippet":"max-snippet:-1","max-image-preview":"max-image-preview:large","max-video-preview":"max-video-preview:-1"},"canonical":"https:\/\/toufflers.fr\/index.php\/clos-de-la-cense\/","og_locale":"fr_FR","og_type":"article","og_title":"CLOS DE LA CENSE - Toufflers","og_description":"[spb_text_block animation=&#8221;none&#8221; animation_delay=&#8221;0&#8243; simplified_controls=&#8221;yes&#8221; custom_css_percentage=&#8221;no&#8221; padding_vertical=&#8221;0&#8243; padding_horizontal=&#8221;0&#8243; margin_vertical=&#8221;0&#8243; custom_css=&#8221;margin-top: 0px;margin-bottom: 0px;&#8221; border_size=&#8221;0&#8243; border_styling_global=&#8221;default&#8221; width=&#8221;1\/1&#8243; el_position=&#8221;first last&#8221;] Clos de la Cense La conception architecturale du b\u00e2timent a privil\u00e9gi\u00e9 la qualit\u00e9 de l\u2019int\u00e9gration urbaine en pr\u00e9servant le caract\u00e8re r\u00e9sidentiel dans un quartier d\u2019habitat mixte. Les locaux r\u00e9cents de la r\u00e9sidence offrent des conditions d\u2019h\u00e9bergement fonctionnelles, adapt\u00e9es et agr\u00e9ables. Sa capacit\u00e9 d\u2019accueil est [&hellip;]","og_url":"https:\/\/toufflers.fr\/index.php\/clos-de-la-cense\/","og_site_name":"Toufflers","article_publisher":"https:\/\/www.facebook.com\/people\/Mairie-de-Toufflers\/100064872632846\/?fref=ts","article_modified_time":"2026-04-19T15:29:58+00:00","twitter_card":"summary_large_image","twitter_misc":{"Dur\u00e9e de lecture estim\u00e9e":"2 minutes"},"schema":{"@context":"https:\/\/schema.org","@graph":[{"@type":"WebPage","@id":"https:\/\/toufflers.fr\/index.php\/clos-de-la-cense\/","url":"https:\/\/toufflers.fr\/index.php\/clos-de-la-cense\/","name":"CLOS DE LA CENSE - Toufflers","isPartOf":{"@id":"https:\/\/toufflers.fr\/#website"},"datePublished":"2020-05-11T12:30:06+00:00","dateModified":"2026-04-19T15:29:58+00:00","breadcrumb":{"@id":"https:\/\/toufflers.fr\/index.php\/clos-de-la-cense\/#breadcrumb"},"inLanguage":"fr-FR","potentialAction":[{"@type":"ReadAction","target":["https:\/\/toufflers.fr\/index.php\/clos-de-la-cense\/"]}]},{"@type":"BreadcrumbList","@id":"https:\/\/toufflers.fr\/index.php\/clos-de-la-cense\/#breadcrumb","itemListElement":[{"@type":"ListItem","position":1,"name":"Accueil","item":"https:\/\/toufflers.fr\/"},{"@type":"ListItem","position":2,"name":"CLOS DE LA CENSE"}]},{"@type":"WebSite","@id":"https:\/\/toufflers.fr\/#website","url":"https:\/\/toufflers.fr\/","name":"Toufflers","description":"","publisher":{"@id":"https:\/\/toufflers.fr\/#organization"},"potentialAction":[{"@type":"SearchAction","target":{"@type":"EntryPoint","urlTemplate":"https:\/\/toufflers.fr\/?s={search_term_string}"},"query-input":{"@type":"PropertyValueSpecification","valueRequired":true,"valueName":"search_term_string"}}],"inLanguage":"fr-FR"},{"@type":"Organization","@id":"https:\/\/toufflers.fr\/#organization","name":"Toufflers","url":"https:\/\/toufflers.fr\/","logo":{"@type":"ImageObject","inLanguage":"fr-FR","@id":"https:\/\/toufflers.fr\/#\/schema\/logo\/image\/","url":"https:\/\/toufflers.fr\/wp-content\/uploads\/2024\/02\/Logo-site.png","contentUrl":"https:\/\/toufflers.fr\/wp-content\/uploads\/2024\/02\/Logo-site.png","width":2560,"height":721,"caption":"Toufflers"},"image":{"@id":"https:\/\/toufflers.fr\/#\/schema\/logo\/image\/"},"sameAs":["https:\/\/www.facebook.com\/people\/Mairie-de-Toufflers\/100064872632846\/?fref=ts"]}]}},"_links":{"self":[{"href":"https:\/\/toufflers.fr\/index.php\/wp-json\/wp\/v2\/pages\/2773","targetHints":{"allow":["GET"]}}],"collection":[{"href":"https:\/\/toufflers.fr\/index.php\/wp-json\/wp\/v2\/pages"}],"about":[{"href":"https:\/\/toufflers.fr\/index.php\/wp-json\/wp\/v2\/types\/page"}],"author":[{"embeddable":true,"href":"https:\/\/toufflers.fr\/index.php\/wp-json\/wp\/v2\/users\/1"}],"replies":[{"embeddable":true,"href":"https:\/\/toufflers.fr\/index.php\/wp-json\/wp\/v2\/comments?post=2773"}],"version-history":[{"count":5,"href":"https:\/\/toufflers.fr\/index.php\/wp-json\/wp\/v2\/pages\/2773\/revisions"}],"predecessor-version":[{"id":6855,"href":"https:\/\/toufflers.fr\/index.php\/wp-json\/wp\/v2\/pages\/2773\/revisions\/6855"}],"wp:attachment":[{"href":"https:\/\/toufflers.fr\/index.php\/wp-json\/wp\/v2\/media?parent=2773"}],"curies":[{"name":"wp","href":"https:\/\/api.w.org\/{rel}","templated":true}]}}