{"id":2679,"date":"2020-04-30T14:44:33","date_gmt":"2020-04-30T12:44:33","guid":{"rendered":"http:\/\/toufflers.fr\/?page_id=2679"},"modified":"2025-01-17T09:52:00","modified_gmt":"2025-01-17T08:52:00","slug":"culture","status":"publish","type":"page","link":"https:\/\/toufflers.fr\/index.php\/culture\/","title":{"rendered":"Culture"},"content":{"rendered":"[spb_text_block animation=&#8221;none&#8221; animation_delay=&#8221;0&#8243; simplified_controls=&#8221;yes&#8221; custom_css_percentage=&#8221;no&#8221; padding_vertical=&#8221;0&#8243; padding_horizontal=&#8221;0&#8243; margin_vertical=&#8221;0&#8243; custom_css=&#8221;margin-top: 0px;margin-bottom: 0px;&#8221; border_size=&#8221;0&#8243; border_styling_global=&#8221;default&#8221; width=&#8221;1\/1&#8243; el_position=&#8221;first last&#8221;]\n<h1 class=\"page-title\">Pass Culture<\/h1>\n<p style=\"text-align: justify;\"><b>Les villes de Lys-Lez-Lannoy, Lannoy, Sailly, Leers, Toufflers, Willems, Pont \u00e0 Marcq et Estaimpuis lancent leur Pass Culture intercommunal !<\/b><\/p>\n<p style=\"text-align: justify;\">Le Pass Culture permet \u00e0 son d\u00e9tenteur de b\u00e9n\u00e9ficier de remises ou d\u2019avantages divers sur les manifestations culturelles organis\u00e9es par les villes adh\u00e9rentes.<\/p>\n<p style=\"text-align: justify;\">Pour s\u2019inscrire, <b>rendez-vous au guichet de la Mairie<\/b> pour remplir le formulaire d\u2019inscription, muni de la <b>copie de votre pi\u00e8ce d\u2019identit\u00e9<\/b> et d\u2019un <b>justificatif de domicile<\/b> de moins de 3 mois.<\/p>\n<p style=\"text-align: justify;\">Votre carte sera valable pour 2 ans et adh\u00e9rer au Pass Culture est <u>totalement gratuit<\/u>.<\/p>\n<p style=\"text-align: justify;\">Toutes les informations et le programme des manifestations sont disponibles sur <a href=\"http:\/\/www.passculture.net\/\" target=\"_blank\" rel=\"noopener noreferrer\">le site du Pass Culture<\/a>.<\/p>\n<hr \/>\n<h1 class=\"page-title\">Biblioth\u00e8que \u2013 Nuit des biblioth\u00e8ques<\/h1>\n<p><span style=\"font-size: 21px;\">La biblioth\u00e8que est ouverte<\/span><\/p>\n<header class=\"entry-header\">\n<p class=\"page-title\"><span style=\"font-size: 21px;\" data-fusion-font=\"true\">les <\/span><b style=\"font-size: 21px;\" data-fusion-font=\"true\">mercredis, samedis et dimanches<\/b><span style=\"font-size: 21px;\" data-fusion-font=\"true\"> de <\/span><b style=\"font-size: 21px;\" data-fusion-font=\"true\">10h00 \u00e0 12h00<\/b><span style=\"font-size: 21px;\" data-fusion-font=\"true\">,<\/span><\/p>\n<p class=\"page-title\"><span style=\"font-size: 21px;\" data-fusion-font=\"true\">les <\/span><b style=\"font-size: 21px;\" data-fusion-font=\"true\">mardis<\/b><span style=\"font-size: 21px;\" data-fusion-font=\"true\"> et <\/span><b style=\"font-size: 21px;\" data-fusion-font=\"true\">vendredis<\/b><span style=\"font-size: 21px;\" data-fusion-font=\"true\"> de <\/span><b style=\"font-size: 21px;\" data-fusion-font=\"true\">16h30 \u00e0 17h30<\/b><span style=\"font-size: 21px;\" data-fusion-font=\"true\">.<\/span><\/p>\n<\/header>\n<div class=\"entry-content clearfix\">\n<div id=\"modal-ready\">\n<div class=\"bloctexte\">\n<p>La municipalit\u00e9 offre \u00e0 tous les Toufflersois un Pass Lecture pour la biblioth\u00e8que de Toufflers. Pour vous le procurer, merci de vous pr\u00e9senter \u00e0 la biblioth\u00e8que muni de votre <b>livret de famille<\/b> et d\u2019un <b>justificatif de domicile<\/b> de moins de 3 mois.<\/p>\n<p>La biblioth\u00e8que se situe <b>7 rue des Champs<\/b><br \/>\nT\u00e9l. :\u00a006 60 37 65 12 &#8211; Mail : vivreetlireatoufflers@gmail.com<\/p>\n<p><a href=\"https:\/\/www.facebook.com\/profile.php?id=100085865847629\" target=\"_blank\" rel=\"noopener\"><strong>Page Facebook<\/strong><\/a><\/p>\n<\/div>\n<\/div>\n<\/div>\n<h3 style=\"text-align: left;\">Nuit des biblioth\u00e8ques<\/h3>\n<p style=\"text-align: justify;\">En partenariat avec la MEL ainsi qu\u2019avec la Biblioth\u00e8que Populaire de Toufflers, la municipalit\u00e9 vous propose des animations pour petits et grands. La nuit des biblioth\u00e8ques prend place \u00e0 la Biblioth\u00e8que ou \u00e0 l\u2019espace culturel la Ch\u00eanaie selon les animations.<br \/>\nAteliers lecture, caricatures, animations B.D, contes pour enfants ou encore mini-d\u00e9bats sur les livres sont autant d\u2019animations qui vous seront propos\u00e9es autour d\u2019un caf\u00e9. D\u2019autres animations sont \u00e0 d\u00e9couvrir sur place.<\/p>\n<p>&nbsp;<\/p>\n<h3>Biblioth\u00e8que Libre<\/h3>\n<p style=\"text-align: justify;\">Le concept de <b>\u00ab Biblioth\u00e8que Libre \u00bb<\/b>, se traduit par un \u00e9change de livres entre les personnes, et ce via un espace mis \u00e0 disposition. La Biblioth\u00e8que Libre de situe dans le parc de la Mairie. Le principe est simple : vous mettez un livre dans la biblioth\u00e8que et vous en prenez un qui vous inspire\u2026 <em>Bonne lecture !<\/em><\/p>\n<hr \/>\n<h1 class=\"page-title\">Les belles sorties<\/h1>\n<p>Depuis 2010, la MEL, en partenariat avec 11 institutions culturelles, favorise l\u2019acc\u00e8s \u00e0 la culture pour les petites et moyennes communes. Vous pouvez ainsi b\u00e9n\u00e9ficier de <b>tarifs pr\u00e9f\u00e9rentiels<\/b> n\u2019exc\u00e9dant pas 5 \u20ac pour diff\u00e9rents spectacles<\/p>\n<header class=\"entry-header\">\n<hr \/>\n<h1 class=\"page-title\">Syndicat d\u2019initiative intercommunal<\/h1>\n<\/header>\n<p>Anim\u00e9 par une \u00e9quipe dynamique de b\u00e9n\u00e9voles, le syndicat d\u2019initiative vous propose :<br \/>\n\u2013 Une large documentation sur les manifestations et sorties dans la r\u00e9gion, ainsi que vos loisirs et s\u00e9jours en France ;<br \/>\n\u2013 Des randonn\u00e9es et visites guid\u00e9es sur Toufflers et Lannoy.<\/p>\n<p>Ouverture du 20 mars au 23 septembre<br \/>\nLes mercredis et vendredis de 14h00 \u00e0 16h00<br \/>\n1 place Carnot, 59390 LANNOY<br \/>\nT\u00e9l. : 03.20.02.70.11<br \/>\nEmail : <a href=\"mailto:syndicat-initiative@lannoy-toufflers.fr\">syndicat-initiative@lannoy-toufflers.fr<\/a><\/p>\n<p>[\/fusion_text][\/fusion_builder_column][\/fusion_builder_row][\/fusion_builder_container]<\/p>\n[\/spb_text_block]\n","protected":false},"excerpt":{"rendered":"<p>[spb_text_block animation=&#8221;none&#8221; animation_delay=&#8221;0&#8243; simplified_controls=&#8221;yes&#8221; custom_css_percentage=&#8221;no&#8221; padding_vertical=&#8221;0&#8243; padding_horizontal=&#8221;0&#8243; margin_vertical=&#8221;0&#8243; custom_css=&#8221;margin-top: 0px;margin-bottom: 0px;&#8221; border_size=&#8221;0&#8243; border_styling_global=&#8221;default&#8221; width=&#8221;1\/1&#8243; el_position=&#8221;first last&#8221;] Pass Culture Les villes de Lys-Lez-Lannoy, Lannoy, Sailly, Leers, Toufflers, Willems, Pont \u00e0 Marcq et Estaimpuis lancent leur Pass Culture intercommunal ! Le Pass Culture permet \u00e0 son d\u00e9tenteur de b\u00e9n\u00e9ficier de remises ou d\u2019avantages divers sur les manifestations culturelles organis\u00e9es par les villes [&hellip;]<\/p>\n","protected":false},"author":1,"featured_media":0,"parent":0,"menu_order":0,"comment_status":"closed","ping_status":"closed","template":"","meta":{"footnotes":""},"class_list":["post-2679","page","type-page","status-publish","hentry"],"yoast_head":"<!-- This site is optimized with the Yoast SEO plugin v27.3 - https:\/\/yoast.com\/product\/yoast-seo-wordpress\/ -->\n<title>Culture - Toufflers<\/title>\n<meta name=\"robots\" content=\"index, follow, max-snippet:-1, max-image-preview:large, max-video-preview:-1\" \/>\n<link rel=\"canonical\" href=\"https:\/\/toufflers.fr\/index.php\/culture\/\" \/>\n<meta property=\"og:locale\" content=\"fr_FR\" \/>\n<meta property=\"og:type\" content=\"article\" \/>\n<meta property=\"og:title\" content=\"Culture - Toufflers\" \/>\n<meta property=\"og:description\" content=\"[spb_text_block animation=&#8221;none&#8221; animation_delay=&#8221;0&#8243; simplified_controls=&#8221;yes&#8221; custom_css_percentage=&#8221;no&#8221; padding_vertical=&#8221;0&#8243; padding_horizontal=&#8221;0&#8243; margin_vertical=&#8221;0&#8243; custom_css=&#8221;margin-top: 0px;margin-bottom: 0px;&#8221; border_size=&#8221;0&#8243; border_styling_global=&#8221;default&#8221; width=&#8221;1\/1&#8243; el_position=&#8221;first last&#8221;] Pass Culture Les villes de Lys-Lez-Lannoy, Lannoy, Sailly, Leers, Toufflers, Willems, Pont \u00e0 Marcq et Estaimpuis lancent leur Pass Culture intercommunal ! Le Pass Culture permet \u00e0 son d\u00e9tenteur de b\u00e9n\u00e9ficier de remises ou d\u2019avantages divers sur les manifestations culturelles organis\u00e9es par les villes [&hellip;]\" \/>\n<meta property=\"og:url\" content=\"https:\/\/toufflers.fr\/index.php\/culture\/\" \/>\n<meta property=\"og:site_name\" content=\"Toufflers\" \/>\n<meta property=\"article:publisher\" content=\"https:\/\/www.facebook.com\/people\/Mairie-de-Toufflers\/100064872632846\/?fref=ts\" \/>\n<meta property=\"article:modified_time\" content=\"2025-01-17T08:52:00+00:00\" \/>\n<meta name=\"twitter:card\" content=\"summary_large_image\" \/>\n<meta name=\"twitter:label1\" content=\"Dur\u00e9e de lecture estim\u00e9e\" \/>\n\t<meta name=\"twitter:data1\" content=\"3 minutes\" \/>\n<script type=\"application\/ld+json\" class=\"yoast-schema-graph\">{\"@context\":\"https:\\\/\\\/schema.org\",\"@graph\":[{\"@type\":\"WebPage\",\"@id\":\"https:\\\/\\\/toufflers.fr\\\/index.php\\\/culture\\\/\",\"url\":\"https:\\\/\\\/toufflers.fr\\\/index.php\\\/culture\\\/\",\"name\":\"Culture - Toufflers\",\"isPartOf\":{\"@id\":\"https:\\\/\\\/toufflers.fr\\\/#website\"},\"datePublished\":\"2020-04-30T12:44:33+00:00\",\"dateModified\":\"2025-01-17T08:52:00+00:00\",\"breadcrumb\":{\"@id\":\"https:\\\/\\\/toufflers.fr\\\/index.php\\\/culture\\\/#breadcrumb\"},\"inLanguage\":\"fr-FR\",\"potentialAction\":[{\"@type\":\"ReadAction\",\"target\":[\"https:\\\/\\\/toufflers.fr\\\/index.php\\\/culture\\\/\"]}]},{\"@type\":\"BreadcrumbList\",\"@id\":\"https:\\\/\\\/toufflers.fr\\\/index.php\\\/culture\\\/#breadcrumb\",\"itemListElement\":[{\"@type\":\"ListItem\",\"position\":1,\"name\":\"Accueil\",\"item\":\"https:\\\/\\\/toufflers.fr\\\/\"},{\"@type\":\"ListItem\",\"position\":2,\"name\":\"Culture\"}]},{\"@type\":\"WebSite\",\"@id\":\"https:\\\/\\\/toufflers.fr\\\/#website\",\"url\":\"https:\\\/\\\/toufflers.fr\\\/\",\"name\":\"Toufflers\",\"description\":\"\",\"publisher\":{\"@id\":\"https:\\\/\\\/toufflers.fr\\\/#organization\"},\"potentialAction\":[{\"@type\":\"SearchAction\",\"target\":{\"@type\":\"EntryPoint\",\"urlTemplate\":\"https:\\\/\\\/toufflers.fr\\\/?s={search_term_string}\"},\"query-input\":{\"@type\":\"PropertyValueSpecification\",\"valueRequired\":true,\"valueName\":\"search_term_string\"}}],\"inLanguage\":\"fr-FR\"},{\"@type\":\"Organization\",\"@id\":\"https:\\\/\\\/toufflers.fr\\\/#organization\",\"name\":\"Toufflers\",\"url\":\"https:\\\/\\\/toufflers.fr\\\/\",\"logo\":{\"@type\":\"ImageObject\",\"inLanguage\":\"fr-FR\",\"@id\":\"https:\\\/\\\/toufflers.fr\\\/#\\\/schema\\\/logo\\\/image\\\/\",\"url\":\"https:\\\/\\\/toufflers.fr\\\/wp-content\\\/uploads\\\/2024\\\/02\\\/Logo-site.png\",\"contentUrl\":\"https:\\\/\\\/toufflers.fr\\\/wp-content\\\/uploads\\\/2024\\\/02\\\/Logo-site.png\",\"width\":2560,\"height\":721,\"caption\":\"Toufflers\"},\"image\":{\"@id\":\"https:\\\/\\\/toufflers.fr\\\/#\\\/schema\\\/logo\\\/image\\\/\"},\"sameAs\":[\"https:\\\/\\\/www.facebook.com\\\/people\\\/Mairie-de-Toufflers\\\/100064872632846\\\/?fref=ts\"]}]}<\/script>\n<!-- \/ Yoast SEO plugin. -->","yoast_head_json":{"title":"Culture - Toufflers","robots":{"index":"index","follow":"follow","max-snippet":"max-snippet:-1","max-image-preview":"max-image-preview:large","max-video-preview":"max-video-preview:-1"},"canonical":"https:\/\/toufflers.fr\/index.php\/culture\/","og_locale":"fr_FR","og_type":"article","og_title":"Culture - Toufflers","og_description":"[spb_text_block animation=&#8221;none&#8221; animation_delay=&#8221;0&#8243; simplified_controls=&#8221;yes&#8221; custom_css_percentage=&#8221;no&#8221; padding_vertical=&#8221;0&#8243; padding_horizontal=&#8221;0&#8243; margin_vertical=&#8221;0&#8243; custom_css=&#8221;margin-top: 0px;margin-bottom: 0px;&#8221; border_size=&#8221;0&#8243; border_styling_global=&#8221;default&#8221; width=&#8221;1\/1&#8243; el_position=&#8221;first last&#8221;] Pass Culture Les villes de Lys-Lez-Lannoy, Lannoy, Sailly, Leers, Toufflers, Willems, Pont \u00e0 Marcq et Estaimpuis lancent leur Pass Culture intercommunal ! Le Pass Culture permet \u00e0 son d\u00e9tenteur de b\u00e9n\u00e9ficier de remises ou d\u2019avantages divers sur les manifestations culturelles organis\u00e9es par les villes [&hellip;]","og_url":"https:\/\/toufflers.fr\/index.php\/culture\/","og_site_name":"Toufflers","article_publisher":"https:\/\/www.facebook.com\/people\/Mairie-de-Toufflers\/100064872632846\/?fref=ts","article_modified_time":"2025-01-17T08:52:00+00:00","twitter_card":"summary_large_image","twitter_misc":{"Dur\u00e9e de lecture estim\u00e9e":"3 minutes"},"schema":{"@context":"https:\/\/schema.org","@graph":[{"@type":"WebPage","@id":"https:\/\/toufflers.fr\/index.php\/culture\/","url":"https:\/\/toufflers.fr\/index.php\/culture\/","name":"Culture - Toufflers","isPartOf":{"@id":"https:\/\/toufflers.fr\/#website"},"datePublished":"2020-04-30T12:44:33+00:00","dateModified":"2025-01-17T08:52:00+00:00","breadcrumb":{"@id":"https:\/\/toufflers.fr\/index.php\/culture\/#breadcrumb"},"inLanguage":"fr-FR","potentialAction":[{"@type":"ReadAction","target":["https:\/\/toufflers.fr\/index.php\/culture\/"]}]},{"@type":"BreadcrumbList","@id":"https:\/\/toufflers.fr\/index.php\/culture\/#breadcrumb","itemListElement":[{"@type":"ListItem","position":1,"name":"Accueil","item":"https:\/\/toufflers.fr\/"},{"@type":"ListItem","position":2,"name":"Culture"}]},{"@type":"WebSite","@id":"https:\/\/toufflers.fr\/#website","url":"https:\/\/toufflers.fr\/","name":"Toufflers","description":"","publisher":{"@id":"https:\/\/toufflers.fr\/#organization"},"potentialAction":[{"@type":"SearchAction","target":{"@type":"EntryPoint","urlTemplate":"https:\/\/toufflers.fr\/?s={search_term_string}"},"query-input":{"@type":"PropertyValueSpecification","valueRequired":true,"valueName":"search_term_string"}}],"inLanguage":"fr-FR"},{"@type":"Organization","@id":"https:\/\/toufflers.fr\/#organization","name":"Toufflers","url":"https:\/\/toufflers.fr\/","logo":{"@type":"ImageObject","inLanguage":"fr-FR","@id":"https:\/\/toufflers.fr\/#\/schema\/logo\/image\/","url":"https:\/\/toufflers.fr\/wp-content\/uploads\/2024\/02\/Logo-site.png","contentUrl":"https:\/\/toufflers.fr\/wp-content\/uploads\/2024\/02\/Logo-site.png","width":2560,"height":721,"caption":"Toufflers"},"image":{"@id":"https:\/\/toufflers.fr\/#\/schema\/logo\/image\/"},"sameAs":["https:\/\/www.facebook.com\/people\/Mairie-de-Toufflers\/100064872632846\/?fref=ts"]}]}},"_links":{"self":[{"href":"https:\/\/toufflers.fr\/index.php\/wp-json\/wp\/v2\/pages\/2679","targetHints":{"allow":["GET"]}}],"collection":[{"href":"https:\/\/toufflers.fr\/index.php\/wp-json\/wp\/v2\/pages"}],"about":[{"href":"https:\/\/toufflers.fr\/index.php\/wp-json\/wp\/v2\/types\/page"}],"author":[{"embeddable":true,"href":"https:\/\/toufflers.fr\/index.php\/wp-json\/wp\/v2\/users\/1"}],"replies":[{"embeddable":true,"href":"https:\/\/toufflers.fr\/index.php\/wp-json\/wp\/v2\/comments?post=2679"}],"version-history":[{"count":5,"href":"https:\/\/toufflers.fr\/index.php\/wp-json\/wp\/v2\/pages\/2679\/revisions"}],"predecessor-version":[{"id":6773,"href":"https:\/\/toufflers.fr\/index.php\/wp-json\/wp\/v2\/pages\/2679\/revisions\/6773"}],"wp:attachment":[{"href":"https:\/\/toufflers.fr\/index.php\/wp-json\/wp\/v2\/media?parent=2679"}],"curies":[{"name":"wp","href":"https:\/\/api.w.org\/{rel}","templated":true}]}}