{"id":2633,"date":"2020-04-30T13:42:01","date_gmt":"2020-04-30T11:42:01","guid":{"rendered":"http:\/\/toufflers.fr\/?page_id=2633"},"modified":"2026-04-19T17:30:00","modified_gmt":"2026-04-19T15:30:00","slug":"citoyen-vigilant","status":"publish","type":"page","link":"https:\/\/toufflers.fr\/index.php\/citoyen-vigilant\/","title":{"rendered":"Citoyen vigilant"},"content":{"rendered":"[spb_text_block animation=&#8221;fadeInLeftBig&#8221; animation_delay=&#8221;0&#8243; simplified_controls=&#8221;yes&#8221; custom_css_percentage=&#8221;no&#8221; padding_vertical=&#8221;0&#8243; padding_horizontal=&#8221;0&#8243; margin_vertical=&#8221;0&#8243; custom_css=&#8221;margin-top: 0px;margin-bottom: 0px;&#8221; border_size=&#8221;0&#8243; border_styling_global=&#8221;default&#8221; width=&#8221;1\/1&#8243; el_position=&#8221;first last&#8221;]\n<h1 class=\"page-title\">Citoyen vigilant<\/h1>\n<p style=\"text-align: justify;\">Le dispositif de s\u00e9curit\u00e9 <b>\u00ab\u00a0Citoyens vigilants\u00a0\u00bb<\/b>, en partenariat avec la <b>police nationale<\/b>, se met en place \u00e0 Toufflers. C\u2019est un dispositif <b>s\u00e9curitaire de vigilance<\/b>, <b>d\u2019attention au voisinage<\/b> et de <b>remont\u00e9e rapide d\u2019alerte et d\u2019information<\/b> aupr\u00e8s de la Mairie et de la police nationale.<\/p>\n<p style=\"text-align: justify;\">Ce dispositif, concr\u00e9tis\u00e9 par une <b>r\u00e9union publique d\u2019information<\/b>, est relay\u00e9 par des r\u00e9f\u00e9rents volontaires, par quartier, avec des r\u00f4les bien d\u00e9finis.<br \/>\nEn plus de ce dispositif mis en place pour la s\u00e9curit\u00e9 des citoyens, la vigilance doit \u00eatre de mise par tous et pour tous les habitants.<\/p>\n[\/spb_text_block] [spb_image image=&#8221;6181&#8243; image_size=&#8221;full&#8221; frame=&#8221;noframe&#8221; caption_pos=&#8221;hover&#8221; remove_rounded=&#8221;yes&#8221; fullwidth=&#8221;no&#8221; overflow_mode=&#8221;none&#8221; link_target=&#8221;_self&#8221; lightbox=&#8221;yes&#8221; intro_animation=&#8221;fadeIn&#8221; animation_delay=&#8221;200&#8243; width=&#8221;1\/3&#8243; el_position=&#8221;first last&#8221;][\/spb_image]\n","protected":false},"excerpt":{"rendered":"<p>[spb_text_block animation=&#8221;fadeInLeftBig&#8221; animation_delay=&#8221;0&#8243; simplified_controls=&#8221;yes&#8221; custom_css_percentage=&#8221;no&#8221; padding_vertical=&#8221;0&#8243; padding_horizontal=&#8221;0&#8243; margin_vertical=&#8221;0&#8243; custom_css=&#8221;margin-top: 0px;margin-bottom: 0px;&#8221; border_size=&#8221;0&#8243; border_styling_global=&#8221;default&#8221; width=&#8221;1\/1&#8243; el_position=&#8221;first last&#8221;] Citoyen vigilant Le dispositif de s\u00e9curit\u00e9 \u00ab\u00a0Citoyens vigilants\u00a0\u00bb, en partenariat avec la police nationale, se met en place \u00e0 Toufflers. C\u2019est un dispositif s\u00e9curitaire de vigilance, d\u2019attention au voisinage et de remont\u00e9e rapide d\u2019alerte et d\u2019information aupr\u00e8s de la Mairie et de la police [&hellip;]<\/p>\n","protected":false},"author":1,"featured_media":0,"parent":0,"menu_order":0,"comment_status":"closed","ping_status":"closed","template":"","meta":{"footnotes":""},"class_list":["post-2633","page","type-page","status-publish","hentry"],"yoast_head":"<!-- This site is optimized with the Yoast SEO plugin v27.5 - https:\/\/yoast.com\/product\/yoast-seo-wordpress\/ -->\n<title>Citoyen vigilant - Toufflers<\/title>\n<meta name=\"robots\" content=\"index, follow, max-snippet:-1, max-image-preview:large, max-video-preview:-1\" \/>\n<link rel=\"canonical\" href=\"https:\/\/toufflers.fr\/index.php\/citoyen-vigilant\/\" \/>\n<meta property=\"og:locale\" content=\"fr_FR\" \/>\n<meta property=\"og:type\" content=\"article\" \/>\n<meta property=\"og:title\" content=\"Citoyen vigilant - Toufflers\" \/>\n<meta property=\"og:description\" content=\"[spb_text_block animation=&#8221;fadeInLeftBig&#8221; animation_delay=&#8221;0&#8243; simplified_controls=&#8221;yes&#8221; custom_css_percentage=&#8221;no&#8221; padding_vertical=&#8221;0&#8243; padding_horizontal=&#8221;0&#8243; margin_vertical=&#8221;0&#8243; custom_css=&#8221;margin-top: 0px;margin-bottom: 0px;&#8221; border_size=&#8221;0&#8243; border_styling_global=&#8221;default&#8221; width=&#8221;1\/1&#8243; el_position=&#8221;first last&#8221;] Citoyen vigilant Le dispositif de s\u00e9curit\u00e9 \u00ab\u00a0Citoyens vigilants\u00a0\u00bb, en partenariat avec la police nationale, se met en place \u00e0 Toufflers. C\u2019est un dispositif s\u00e9curitaire de vigilance, d\u2019attention au voisinage et de remont\u00e9e rapide d\u2019alerte et d\u2019information aupr\u00e8s de la Mairie et de la police [&hellip;]\" \/>\n<meta property=\"og:url\" content=\"https:\/\/toufflers.fr\/index.php\/citoyen-vigilant\/\" \/>\n<meta property=\"og:site_name\" content=\"Toufflers\" \/>\n<meta property=\"article:publisher\" content=\"https:\/\/www.facebook.com\/people\/Mairie-de-Toufflers\/100064872632846\/?fref=ts\" \/>\n<meta property=\"article:modified_time\" content=\"2026-04-19T15:30:00+00:00\" \/>\n<meta name=\"twitter:card\" content=\"summary_large_image\" \/>\n<meta name=\"twitter:label1\" content=\"Dur\u00e9e de lecture estim\u00e9e\" \/>\n\t<meta name=\"twitter:data1\" content=\"1 minute\" \/>\n<script type=\"application\/ld+json\" class=\"yoast-schema-graph\">{\"@context\":\"https:\\\/\\\/schema.org\",\"@graph\":[{\"@type\":\"WebPage\",\"@id\":\"https:\\\/\\\/toufflers.fr\\\/index.php\\\/citoyen-vigilant\\\/\",\"url\":\"https:\\\/\\\/toufflers.fr\\\/index.php\\\/citoyen-vigilant\\\/\",\"name\":\"Citoyen vigilant - Toufflers\",\"isPartOf\":{\"@id\":\"https:\\\/\\\/toufflers.fr\\\/#website\"},\"datePublished\":\"2020-04-30T11:42:01+00:00\",\"dateModified\":\"2026-04-19T15:30:00+00:00\",\"breadcrumb\":{\"@id\":\"https:\\\/\\\/toufflers.fr\\\/index.php\\\/citoyen-vigilant\\\/#breadcrumb\"},\"inLanguage\":\"fr-FR\",\"potentialAction\":[{\"@type\":\"ReadAction\",\"target\":[\"https:\\\/\\\/toufflers.fr\\\/index.php\\\/citoyen-vigilant\\\/\"]}]},{\"@type\":\"BreadcrumbList\",\"@id\":\"https:\\\/\\\/toufflers.fr\\\/index.php\\\/citoyen-vigilant\\\/#breadcrumb\",\"itemListElement\":[{\"@type\":\"ListItem\",\"position\":1,\"name\":\"Accueil\",\"item\":\"https:\\\/\\\/toufflers.fr\\\/\"},{\"@type\":\"ListItem\",\"position\":2,\"name\":\"Citoyen vigilant\"}]},{\"@type\":\"WebSite\",\"@id\":\"https:\\\/\\\/toufflers.fr\\\/#website\",\"url\":\"https:\\\/\\\/toufflers.fr\\\/\",\"name\":\"Toufflers\",\"description\":\"\",\"publisher\":{\"@id\":\"https:\\\/\\\/toufflers.fr\\\/#organization\"},\"potentialAction\":[{\"@type\":\"SearchAction\",\"target\":{\"@type\":\"EntryPoint\",\"urlTemplate\":\"https:\\\/\\\/toufflers.fr\\\/?s={search_term_string}\"},\"query-input\":{\"@type\":\"PropertyValueSpecification\",\"valueRequired\":true,\"valueName\":\"search_term_string\"}}],\"inLanguage\":\"fr-FR\"},{\"@type\":\"Organization\",\"@id\":\"https:\\\/\\\/toufflers.fr\\\/#organization\",\"name\":\"Toufflers\",\"url\":\"https:\\\/\\\/toufflers.fr\\\/\",\"logo\":{\"@type\":\"ImageObject\",\"inLanguage\":\"fr-FR\",\"@id\":\"https:\\\/\\\/toufflers.fr\\\/#\\\/schema\\\/logo\\\/image\\\/\",\"url\":\"https:\\\/\\\/toufflers.fr\\\/wp-content\\\/uploads\\\/2024\\\/02\\\/Logo-site.png\",\"contentUrl\":\"https:\\\/\\\/toufflers.fr\\\/wp-content\\\/uploads\\\/2024\\\/02\\\/Logo-site.png\",\"width\":2560,\"height\":721,\"caption\":\"Toufflers\"},\"image\":{\"@id\":\"https:\\\/\\\/toufflers.fr\\\/#\\\/schema\\\/logo\\\/image\\\/\"},\"sameAs\":[\"https:\\\/\\\/www.facebook.com\\\/people\\\/Mairie-de-Toufflers\\\/100064872632846\\\/?fref=ts\"]}]}<\/script>\n<!-- \/ Yoast SEO plugin. -->","yoast_head_json":{"title":"Citoyen vigilant - Toufflers","robots":{"index":"index","follow":"follow","max-snippet":"max-snippet:-1","max-image-preview":"max-image-preview:large","max-video-preview":"max-video-preview:-1"},"canonical":"https:\/\/toufflers.fr\/index.php\/citoyen-vigilant\/","og_locale":"fr_FR","og_type":"article","og_title":"Citoyen vigilant - Toufflers","og_description":"[spb_text_block animation=&#8221;fadeInLeftBig&#8221; animation_delay=&#8221;0&#8243; simplified_controls=&#8221;yes&#8221; custom_css_percentage=&#8221;no&#8221; padding_vertical=&#8221;0&#8243; padding_horizontal=&#8221;0&#8243; margin_vertical=&#8221;0&#8243; custom_css=&#8221;margin-top: 0px;margin-bottom: 0px;&#8221; border_size=&#8221;0&#8243; border_styling_global=&#8221;default&#8221; width=&#8221;1\/1&#8243; el_position=&#8221;first last&#8221;] Citoyen vigilant Le dispositif de s\u00e9curit\u00e9 \u00ab\u00a0Citoyens vigilants\u00a0\u00bb, en partenariat avec la police nationale, se met en place \u00e0 Toufflers. C\u2019est un dispositif s\u00e9curitaire de vigilance, d\u2019attention au voisinage et de remont\u00e9e rapide d\u2019alerte et d\u2019information aupr\u00e8s de la Mairie et de la police [&hellip;]","og_url":"https:\/\/toufflers.fr\/index.php\/citoyen-vigilant\/","og_site_name":"Toufflers","article_publisher":"https:\/\/www.facebook.com\/people\/Mairie-de-Toufflers\/100064872632846\/?fref=ts","article_modified_time":"2026-04-19T15:30:00+00:00","twitter_card":"summary_large_image","twitter_misc":{"Dur\u00e9e de lecture estim\u00e9e":"1 minute"},"schema":{"@context":"https:\/\/schema.org","@graph":[{"@type":"WebPage","@id":"https:\/\/toufflers.fr\/index.php\/citoyen-vigilant\/","url":"https:\/\/toufflers.fr\/index.php\/citoyen-vigilant\/","name":"Citoyen vigilant - Toufflers","isPartOf":{"@id":"https:\/\/toufflers.fr\/#website"},"datePublished":"2020-04-30T11:42:01+00:00","dateModified":"2026-04-19T15:30:00+00:00","breadcrumb":{"@id":"https:\/\/toufflers.fr\/index.php\/citoyen-vigilant\/#breadcrumb"},"inLanguage":"fr-FR","potentialAction":[{"@type":"ReadAction","target":["https:\/\/toufflers.fr\/index.php\/citoyen-vigilant\/"]}]},{"@type":"BreadcrumbList","@id":"https:\/\/toufflers.fr\/index.php\/citoyen-vigilant\/#breadcrumb","itemListElement":[{"@type":"ListItem","position":1,"name":"Accueil","item":"https:\/\/toufflers.fr\/"},{"@type":"ListItem","position":2,"name":"Citoyen vigilant"}]},{"@type":"WebSite","@id":"https:\/\/toufflers.fr\/#website","url":"https:\/\/toufflers.fr\/","name":"Toufflers","description":"","publisher":{"@id":"https:\/\/toufflers.fr\/#organization"},"potentialAction":[{"@type":"SearchAction","target":{"@type":"EntryPoint","urlTemplate":"https:\/\/toufflers.fr\/?s={search_term_string}"},"query-input":{"@type":"PropertyValueSpecification","valueRequired":true,"valueName":"search_term_string"}}],"inLanguage":"fr-FR"},{"@type":"Organization","@id":"https:\/\/toufflers.fr\/#organization","name":"Toufflers","url":"https:\/\/toufflers.fr\/","logo":{"@type":"ImageObject","inLanguage":"fr-FR","@id":"https:\/\/toufflers.fr\/#\/schema\/logo\/image\/","url":"https:\/\/toufflers.fr\/wp-content\/uploads\/2024\/02\/Logo-site.png","contentUrl":"https:\/\/toufflers.fr\/wp-content\/uploads\/2024\/02\/Logo-site.png","width":2560,"height":721,"caption":"Toufflers"},"image":{"@id":"https:\/\/toufflers.fr\/#\/schema\/logo\/image\/"},"sameAs":["https:\/\/www.facebook.com\/people\/Mairie-de-Toufflers\/100064872632846\/?fref=ts"]}]}},"_links":{"self":[{"href":"https:\/\/toufflers.fr\/index.php\/wp-json\/wp\/v2\/pages\/2633","targetHints":{"allow":["GET"]}}],"collection":[{"href":"https:\/\/toufflers.fr\/index.php\/wp-json\/wp\/v2\/pages"}],"about":[{"href":"https:\/\/toufflers.fr\/index.php\/wp-json\/wp\/v2\/types\/page"}],"author":[{"embeddable":true,"href":"https:\/\/toufflers.fr\/index.php\/wp-json\/wp\/v2\/users\/1"}],"replies":[{"embeddable":true,"href":"https:\/\/toufflers.fr\/index.php\/wp-json\/wp\/v2\/comments?post=2633"}],"version-history":[{"count":5,"href":"https:\/\/toufflers.fr\/index.php\/wp-json\/wp\/v2\/pages\/2633\/revisions"}],"predecessor-version":[{"id":6184,"href":"https:\/\/toufflers.fr\/index.php\/wp-json\/wp\/v2\/pages\/2633\/revisions\/6184"}],"wp:attachment":[{"href":"https:\/\/toufflers.fr\/index.php\/wp-json\/wp\/v2\/media?parent=2633"}],"curies":[{"name":"wp","href":"https:\/\/api.w.org\/{rel}","templated":true}]}}