{"id":2631,"date":"2020-04-30T13:41:28","date_gmt":"2020-04-30T11:41:28","guid":{"rendered":"http:\/\/toufflers.fr\/?page_id=2631"},"modified":"2026-04-19T17:30:00","modified_gmt":"2026-04-19T15:30:00","slug":"operation-tranquillite-vacances","status":"publish","type":"page","link":"https:\/\/toufflers.fr\/index.php\/accueil\/ma-commune\/operation-tranquillite-vacances\/","title":{"rendered":"Op\u00e9ration tranquillit\u00e9 vacances"},"content":{"rendered":"[spb_text_block animation=&#8221;none&#8221; animation_delay=&#8221;0&#8243; simplified_controls=&#8221;yes&#8221; custom_css_percentage=&#8221;no&#8221; padding_vertical=&#8221;0&#8243; padding_horizontal=&#8221;0&#8243; margin_vertical=&#8221;0&#8243; custom_css=&#8221;margin-top: 0px;margin-bottom: 0px;&#8221; border_size=&#8221;0&#8243; border_styling_global=&#8221;default&#8221; width=&#8221;1\/1&#8243; el_position=&#8221;first last&#8221;]\n<div class=\"wpb_text_column wpb_content_element\">\n<div class=\"wpb_wrapper\">\n<p>Si vous partez en vacances, pensez \u00e0 avertir la Police Municipale avec l\u2019Op\u00e9ration Tranquillit\u00e9 Vacances.<\/p>\n<p>Quelques jours avant votre d\u00e9part, vous remplissez un formulaire avec vos coordonn\u00e9es et les dates de votre absence. Vous le d\u00e9posez ensuite en Mairie et une surveillance de votre habitation est organis\u00e9e.<\/p>\n<p>Pour mener \u00e0 bien cette mission, la police municipale mutualis\u00e9e, qui intervient dans les communes de Hem, Lannoy, Toufflers, Leers et Forest-sur-Marque, a \u00e9t\u00e9 renforc\u00e9e par l\u2019arriv\u00e9e de quatre Agents de Surveillance de la Voie Publique.<\/p>\n<\/div>\n<\/div>\n<p><a href=\"https:\/\/toufflers.fr\/wp-content\/uploads\/2024\/11\/2023-Formulaire-Operation-Tranquillite-Vacances-2p.pdf\" target=\"_blank\" rel=\"noopener\">Formulaire Op\u00e9ration Tranquillit\u00e9 Vacances<\/a><\/p>\n[\/spb_text_block]\n","protected":false},"excerpt":{"rendered":"<p>[spb_text_block animation=&#8221;none&#8221; animation_delay=&#8221;0&#8243; simplified_controls=&#8221;yes&#8221; custom_css_percentage=&#8221;no&#8221; padding_vertical=&#8221;0&#8243; padding_horizontal=&#8221;0&#8243; margin_vertical=&#8221;0&#8243; custom_css=&#8221;margin-top: 0px;margin-bottom: 0px;&#8221; border_size=&#8221;0&#8243; border_styling_global=&#8221;default&#8221; width=&#8221;1\/1&#8243; el_position=&#8221;first last&#8221;] Si vous partez en vacances, pensez \u00e0 avertir la Police Municipale avec l\u2019Op\u00e9ration Tranquillit\u00e9 Vacances. Quelques jours avant votre d\u00e9part, vous remplissez un formulaire avec vos coordonn\u00e9es et les dates de votre absence. Vous le d\u00e9posez ensuite en Mairie et une surveillance de votre [&hellip;]<\/p>\n","protected":false},"author":1,"featured_media":0,"parent":5670,"menu_order":0,"comment_status":"closed","ping_status":"closed","template":"","meta":{"footnotes":""},"class_list":["post-2631","page","type-page","status-publish","hentry"],"yoast_head":"<!-- This site is optimized with the Yoast SEO plugin v27.5 - https:\/\/yoast.com\/product\/yoast-seo-wordpress\/ -->\n<title>Op\u00e9ration tranquillit\u00e9 vacances - Toufflers<\/title>\n<meta name=\"robots\" content=\"index, follow, max-snippet:-1, max-image-preview:large, max-video-preview:-1\" \/>\n<link rel=\"canonical\" href=\"https:\/\/toufflers.fr\/index.php\/accueil\/ma-commune\/operation-tranquillite-vacances\/\" \/>\n<meta property=\"og:locale\" content=\"fr_FR\" \/>\n<meta property=\"og:type\" content=\"article\" \/>\n<meta property=\"og:title\" content=\"Op\u00e9ration tranquillit\u00e9 vacances - Toufflers\" \/>\n<meta property=\"og:description\" content=\"[spb_text_block animation=&#8221;none&#8221; animation_delay=&#8221;0&#8243; simplified_controls=&#8221;yes&#8221; custom_css_percentage=&#8221;no&#8221; padding_vertical=&#8221;0&#8243; padding_horizontal=&#8221;0&#8243; margin_vertical=&#8221;0&#8243; custom_css=&#8221;margin-top: 0px;margin-bottom: 0px;&#8221; border_size=&#8221;0&#8243; border_styling_global=&#8221;default&#8221; width=&#8221;1\/1&#8243; el_position=&#8221;first last&#8221;] Si vous partez en vacances, pensez \u00e0 avertir la Police Municipale avec l\u2019Op\u00e9ration Tranquillit\u00e9 Vacances. Quelques jours avant votre d\u00e9part, vous remplissez un formulaire avec vos coordonn\u00e9es et les dates de votre absence. Vous le d\u00e9posez ensuite en Mairie et une surveillance de votre [&hellip;]\" \/>\n<meta property=\"og:url\" content=\"https:\/\/toufflers.fr\/index.php\/accueil\/ma-commune\/operation-tranquillite-vacances\/\" \/>\n<meta property=\"og:site_name\" content=\"Toufflers\" \/>\n<meta property=\"article:publisher\" content=\"https:\/\/www.facebook.com\/people\/Mairie-de-Toufflers\/100064872632846\/?fref=ts\" \/>\n<meta property=\"article:modified_time\" content=\"2026-04-19T15:30:00+00:00\" \/>\n<meta name=\"twitter:card\" content=\"summary_large_image\" \/>\n<meta name=\"twitter:label1\" content=\"Dur\u00e9e de lecture estim\u00e9e\" \/>\n\t<meta name=\"twitter:data1\" content=\"1 minute\" \/>\n<script type=\"application\/ld+json\" class=\"yoast-schema-graph\">{\"@context\":\"https:\\\/\\\/schema.org\",\"@graph\":[{\"@type\":\"WebPage\",\"@id\":\"https:\\\/\\\/toufflers.fr\\\/index.php\\\/accueil\\\/ma-commune\\\/operation-tranquillite-vacances\\\/\",\"url\":\"https:\\\/\\\/toufflers.fr\\\/index.php\\\/accueil\\\/ma-commune\\\/operation-tranquillite-vacances\\\/\",\"name\":\"Op\u00e9ration tranquillit\u00e9 vacances - Toufflers\",\"isPartOf\":{\"@id\":\"https:\\\/\\\/toufflers.fr\\\/#website\"},\"datePublished\":\"2020-04-30T11:41:28+00:00\",\"dateModified\":\"2026-04-19T15:30:00+00:00\",\"breadcrumb\":{\"@id\":\"https:\\\/\\\/toufflers.fr\\\/index.php\\\/accueil\\\/ma-commune\\\/operation-tranquillite-vacances\\\/#breadcrumb\"},\"inLanguage\":\"fr-FR\",\"potentialAction\":[{\"@type\":\"ReadAction\",\"target\":[\"https:\\\/\\\/toufflers.fr\\\/index.php\\\/accueil\\\/ma-commune\\\/operation-tranquillite-vacances\\\/\"]}]},{\"@type\":\"BreadcrumbList\",\"@id\":\"https:\\\/\\\/toufflers.fr\\\/index.php\\\/accueil\\\/ma-commune\\\/operation-tranquillite-vacances\\\/#breadcrumb\",\"itemListElement\":[{\"@type\":\"ListItem\",\"position\":1,\"name\":\"Accueil\",\"item\":\"https:\\\/\\\/toufflers.fr\\\/\"},{\"@type\":\"ListItem\",\"position\":2,\"name\":\"Accueil\",\"item\":\"https:\\\/\\\/toufflers.fr\\\/\"},{\"@type\":\"ListItem\",\"position\":3,\"name\":\"Ma commune\",\"item\":\"https:\\\/\\\/toufflers.fr\\\/index.php\\\/accueil\\\/ma-commune\\\/\"},{\"@type\":\"ListItem\",\"position\":4,\"name\":\"Op\u00e9ration tranquillit\u00e9 vacances\"}]},{\"@type\":\"WebSite\",\"@id\":\"https:\\\/\\\/toufflers.fr\\\/#website\",\"url\":\"https:\\\/\\\/toufflers.fr\\\/\",\"name\":\"Toufflers\",\"description\":\"\",\"publisher\":{\"@id\":\"https:\\\/\\\/toufflers.fr\\\/#organization\"},\"potentialAction\":[{\"@type\":\"SearchAction\",\"target\":{\"@type\":\"EntryPoint\",\"urlTemplate\":\"https:\\\/\\\/toufflers.fr\\\/?s={search_term_string}\"},\"query-input\":{\"@type\":\"PropertyValueSpecification\",\"valueRequired\":true,\"valueName\":\"search_term_string\"}}],\"inLanguage\":\"fr-FR\"},{\"@type\":\"Organization\",\"@id\":\"https:\\\/\\\/toufflers.fr\\\/#organization\",\"name\":\"Toufflers\",\"url\":\"https:\\\/\\\/toufflers.fr\\\/\",\"logo\":{\"@type\":\"ImageObject\",\"inLanguage\":\"fr-FR\",\"@id\":\"https:\\\/\\\/toufflers.fr\\\/#\\\/schema\\\/logo\\\/image\\\/\",\"url\":\"https:\\\/\\\/toufflers.fr\\\/wp-content\\\/uploads\\\/2024\\\/02\\\/Logo-site.png\",\"contentUrl\":\"https:\\\/\\\/toufflers.fr\\\/wp-content\\\/uploads\\\/2024\\\/02\\\/Logo-site.png\",\"width\":2560,\"height\":721,\"caption\":\"Toufflers\"},\"image\":{\"@id\":\"https:\\\/\\\/toufflers.fr\\\/#\\\/schema\\\/logo\\\/image\\\/\"},\"sameAs\":[\"https:\\\/\\\/www.facebook.com\\\/people\\\/Mairie-de-Toufflers\\\/100064872632846\\\/?fref=ts\"]}]}<\/script>\n<!-- \/ Yoast SEO plugin. -->","yoast_head_json":{"title":"Op\u00e9ration tranquillit\u00e9 vacances - Toufflers","robots":{"index":"index","follow":"follow","max-snippet":"max-snippet:-1","max-image-preview":"max-image-preview:large","max-video-preview":"max-video-preview:-1"},"canonical":"https:\/\/toufflers.fr\/index.php\/accueil\/ma-commune\/operation-tranquillite-vacances\/","og_locale":"fr_FR","og_type":"article","og_title":"Op\u00e9ration tranquillit\u00e9 vacances - Toufflers","og_description":"[spb_text_block animation=&#8221;none&#8221; animation_delay=&#8221;0&#8243; simplified_controls=&#8221;yes&#8221; custom_css_percentage=&#8221;no&#8221; padding_vertical=&#8221;0&#8243; padding_horizontal=&#8221;0&#8243; margin_vertical=&#8221;0&#8243; custom_css=&#8221;margin-top: 0px;margin-bottom: 0px;&#8221; border_size=&#8221;0&#8243; border_styling_global=&#8221;default&#8221; width=&#8221;1\/1&#8243; el_position=&#8221;first last&#8221;] Si vous partez en vacances, pensez \u00e0 avertir la Police Municipale avec l\u2019Op\u00e9ration Tranquillit\u00e9 Vacances. Quelques jours avant votre d\u00e9part, vous remplissez un formulaire avec vos coordonn\u00e9es et les dates de votre absence. Vous le d\u00e9posez ensuite en Mairie et une surveillance de votre [&hellip;]","og_url":"https:\/\/toufflers.fr\/index.php\/accueil\/ma-commune\/operation-tranquillite-vacances\/","og_site_name":"Toufflers","article_publisher":"https:\/\/www.facebook.com\/people\/Mairie-de-Toufflers\/100064872632846\/?fref=ts","article_modified_time":"2026-04-19T15:30:00+00:00","twitter_card":"summary_large_image","twitter_misc":{"Dur\u00e9e de lecture estim\u00e9e":"1 minute"},"schema":{"@context":"https:\/\/schema.org","@graph":[{"@type":"WebPage","@id":"https:\/\/toufflers.fr\/index.php\/accueil\/ma-commune\/operation-tranquillite-vacances\/","url":"https:\/\/toufflers.fr\/index.php\/accueil\/ma-commune\/operation-tranquillite-vacances\/","name":"Op\u00e9ration tranquillit\u00e9 vacances - Toufflers","isPartOf":{"@id":"https:\/\/toufflers.fr\/#website"},"datePublished":"2020-04-30T11:41:28+00:00","dateModified":"2026-04-19T15:30:00+00:00","breadcrumb":{"@id":"https:\/\/toufflers.fr\/index.php\/accueil\/ma-commune\/operation-tranquillite-vacances\/#breadcrumb"},"inLanguage":"fr-FR","potentialAction":[{"@type":"ReadAction","target":["https:\/\/toufflers.fr\/index.php\/accueil\/ma-commune\/operation-tranquillite-vacances\/"]}]},{"@type":"BreadcrumbList","@id":"https:\/\/toufflers.fr\/index.php\/accueil\/ma-commune\/operation-tranquillite-vacances\/#breadcrumb","itemListElement":[{"@type":"ListItem","position":1,"name":"Accueil","item":"https:\/\/toufflers.fr\/"},{"@type":"ListItem","position":2,"name":"Accueil","item":"https:\/\/toufflers.fr\/"},{"@type":"ListItem","position":3,"name":"Ma commune","item":"https:\/\/toufflers.fr\/index.php\/accueil\/ma-commune\/"},{"@type":"ListItem","position":4,"name":"Op\u00e9ration tranquillit\u00e9 vacances"}]},{"@type":"WebSite","@id":"https:\/\/toufflers.fr\/#website","url":"https:\/\/toufflers.fr\/","name":"Toufflers","description":"","publisher":{"@id":"https:\/\/toufflers.fr\/#organization"},"potentialAction":[{"@type":"SearchAction","target":{"@type":"EntryPoint","urlTemplate":"https:\/\/toufflers.fr\/?s={search_term_string}"},"query-input":{"@type":"PropertyValueSpecification","valueRequired":true,"valueName":"search_term_string"}}],"inLanguage":"fr-FR"},{"@type":"Organization","@id":"https:\/\/toufflers.fr\/#organization","name":"Toufflers","url":"https:\/\/toufflers.fr\/","logo":{"@type":"ImageObject","inLanguage":"fr-FR","@id":"https:\/\/toufflers.fr\/#\/schema\/logo\/image\/","url":"https:\/\/toufflers.fr\/wp-content\/uploads\/2024\/02\/Logo-site.png","contentUrl":"https:\/\/toufflers.fr\/wp-content\/uploads\/2024\/02\/Logo-site.png","width":2560,"height":721,"caption":"Toufflers"},"image":{"@id":"https:\/\/toufflers.fr\/#\/schema\/logo\/image\/"},"sameAs":["https:\/\/www.facebook.com\/people\/Mairie-de-Toufflers\/100064872632846\/?fref=ts"]}]}},"_links":{"self":[{"href":"https:\/\/toufflers.fr\/index.php\/wp-json\/wp\/v2\/pages\/2631","targetHints":{"allow":["GET"]}}],"collection":[{"href":"https:\/\/toufflers.fr\/index.php\/wp-json\/wp\/v2\/pages"}],"about":[{"href":"https:\/\/toufflers.fr\/index.php\/wp-json\/wp\/v2\/types\/page"}],"author":[{"embeddable":true,"href":"https:\/\/toufflers.fr\/index.php\/wp-json\/wp\/v2\/users\/1"}],"replies":[{"embeddable":true,"href":"https:\/\/toufflers.fr\/index.php\/wp-json\/wp\/v2\/comments?post=2631"}],"version-history":[{"count":4,"href":"https:\/\/toufflers.fr\/index.php\/wp-json\/wp\/v2\/pages\/2631\/revisions"}],"predecessor-version":[{"id":6698,"href":"https:\/\/toufflers.fr\/index.php\/wp-json\/wp\/v2\/pages\/2631\/revisions\/6698"}],"up":[{"embeddable":true,"href":"https:\/\/toufflers.fr\/index.php\/wp-json\/wp\/v2\/pages\/5670"}],"wp:attachment":[{"href":"https:\/\/toufflers.fr\/index.php\/wp-json\/wp\/v2\/media?parent=2631"}],"curies":[{"name":"wp","href":"https:\/\/api.w.org\/{rel}","templated":true}]}}