{"id":2624,"date":"2020-04-30T13:36:32","date_gmt":"2020-04-30T11:36:32","guid":{"rendered":"http:\/\/toufflers.fr\/?page_id=2624"},"modified":"2026-04-19T17:30:01","modified_gmt":"2026-04-19T15:30:01","slug":"police-municipale","status":"publish","type":"page","link":"https:\/\/toufflers.fr\/index.php\/accueil\/ma-commune\/police-municipale\/","title":{"rendered":"Police municipale"},"content":{"rendered":"[spb_text_block animation=&#8221;fadeInRight&#8221; animation_delay=&#8221;0&#8243; simplified_controls=&#8221;yes&#8221; custom_css_percentage=&#8221;no&#8221; padding_vertical=&#8221;0&#8243; padding_horizontal=&#8221;0&#8243; margin_vertical=&#8221;0&#8243; custom_css=&#8221;margin-top: 0px;margin-bottom: 0px;&#8221; border_size=&#8221;0&#8243; border_styling_global=&#8221;default&#8221; width=&#8221;1\/1&#8243; el_position=&#8221;first last&#8221;]\n<div class=\"fusion-layout-column fusion_builder_column fusion-builder-column-1 fusion_builder_column_1_2 1_2 fusion-one-half fusion-column-first\">\n<div class=\"fusion-column-wrapper fusion-flex-column-wrapper-legacy\">\n<div class=\"fusion-text fusion-text-1\">\n<h2>\u00a0<img loading=\"lazy\" decoding=\"async\" class=\"alignnone wp-image-5839 size-full\" src=\"http:\/\/2024.toufflers.fr\/wp-content\/uploads\/2024\/02\/police-municipale.jpg\" alt=\"\" width=\"580\" height=\"167\" srcset=\"https:\/\/toufflers.fr\/wp-content\/uploads\/2024\/02\/police-municipale.jpg 580w, https:\/\/toufflers.fr\/wp-content\/uploads\/2024\/02\/police-municipale-300x86.jpg 300w\" sizes=\"auto, (max-width: 580px) 100vw, 580px\" \/><\/h2>\n<h2>La police municipale a pour mission d\u2019appliquer les arr\u00eat\u00e9s du maire et d\u2019assurer le bon d\u00e9roulement des \u00e9v\u00e9nements locaux : kermesse des associations, f\u00eates des \u00e9coles\u2026 Elle intervient aussi pour faire la circulation sur les chantiers mais aussi lors des sorties des classes. Elle m\u00e8ne des op\u00e9rations de sensibilisation.<\/h2>\n<h2>Elle sillonne les rues de la ville et est \u00e0 l\u2019\u00e9coute des r\u00e9clamations et remarques de la population. Ces informations sont alors conduites et suivies en mairie. Elle s\u2019assure \u00e9galement que tout est en ordre et fonctionne bien dans la ville : elle veille aux d\u00e9gradations, aux cons\u00e9quences des intemp\u00e9ries&#8230;<\/h2>\n<p><img loading=\"lazy\" decoding=\"async\" class=\"alignnone wp-image-6713\" src=\"https:\/\/toufflers.fr\/wp-content\/uploads\/2024\/12\/affiche-poste-mutualisee-cameras-pietons-300x188.jpg\" alt=\"\" width=\"999\" height=\"626\" srcset=\"https:\/\/toufflers.fr\/wp-content\/uploads\/2024\/12\/affiche-poste-mutualisee-cameras-pietons-300x188.jpg 300w, https:\/\/toufflers.fr\/wp-content\/uploads\/2024\/12\/affiche-poste-mutualisee-cameras-pietons-1024x641.jpg 1024w, https:\/\/toufflers.fr\/wp-content\/uploads\/2024\/12\/affiche-poste-mutualisee-cameras-pietons-768x481.jpg 768w, https:\/\/toufflers.fr\/wp-content\/uploads\/2024\/12\/affiche-poste-mutualisee-cameras-pietons-1536x962.jpg 1536w, https:\/\/toufflers.fr\/wp-content\/uploads\/2024\/12\/affiche-poste-mutualisee-cameras-pietons-2048x1282.jpg 2048w\" sizes=\"auto, (max-width: 999px) 100vw, 999px\" \/><\/p>\n<\/div>\n<\/div>\n<\/div>\n<div class=\"fusion-layout-column fusion_builder_column fusion-builder-column-2 fusion_builder_column_1_2 1_2 fusion-one-half fusion-column-last\">\n<div class=\"fusion-column-wrapper fusion-flex-column-wrapper-legacy\">\n<p>La police municipale g\u00e8re \u00e9galement de l\u2019<a href=\"https:\/\/toufflers.fr\/wp-content\/uploads\/2024\/11\/2023-Formulaire-Operation-Tranquillite-Vacances-2p.pdf\" target=\"_blank\" rel=\"noopener\">Op\u00e9ration Tranquillit\u00e9 Vacances<\/a><\/p>\n<\/div>\n<\/div>\n<div class=\"fusion-layout-column fusion_builder_column fusion-builder-column-3 fusion_builder_column_1_1 1_1 fusion-one-full fusion-column-first fusion-column-last\">\n<div class=\"fusion-column-wrapper fusion-flex-column-wrapper-legacy\">\n<div class=\"fusion-text fusion-text-2\">\n<p>&nbsp;<\/p>\n<p>Vous trouverez ci-dessous des \u00e9l\u00e9ments sur les r\u00e9glementations en cours<\/p>\n<\/div>\n<\/div>\n<\/div>\n<div class=\"fusion-layout-column fusion_builder_column fusion-builder-column-4 fusion_builder_column_1_2 1_2 fusion-one-half fusion-column-first\">\n<div class=\"fusion-column-wrapper fusion-flex-column-wrapper-legacy\">\n<div class=\"fusion-text fusion-text-3\">\n<p><strong>Chiens dangereux<\/strong><\/p>\n<p>Loi du 6 janvier 1999 sur les chiens dangereux.<\/p>\n<p>Tout possesseur de chien a le devoir de le tenir en laisse sur les voies, espaces et \u00e9quipements publics. Toute infraction sera passible d\u2019une amende de 35 \u20ac.<\/p>\n<p>Les aboiements de chien sont consid\u00e9r\u00e9s comme des nuisances sonores. Ainsi, tout propri\u00e9taire est tenu de prendre les mesures n\u00e9cessaires pour assurer la tranquillit\u00e9 du voisinage, de jour comme de nuit. \u00c0 d\u00e9faut, une contravention de 450 \u20ac pourra \u00eatre exig\u00e9e.<\/p>\n<p>La pr\u00e9vention des personnes contre les chiens dangereux rend obligatoire l\u2019obtention d\u2019un permis de d\u00e9tention pour les chiens de 1\u00e8re et 2\u00e8me cat\u00e9gorie.<\/p>\n<p>Ce permis, d\u00e9livr\u00e9 par le Maire de la commune, est subordonn\u00e9 \u00e0 la production d\u2019un certain nombre de pi\u00e8ces.<\/p>\n<p>Vous pouvez t\u00e9l\u00e9charger ici le(s) formulaire(s) de d\u00e9claration :<br \/>\n\u2013\u00a0<a href=\"https:\/\/www.service-public.fr\/particuliers\/vosdroits\/R15679\" target=\"_blank\" rel=\"noopener noreferrer\">Pour un chien de 1\u00e8re ou 2\u00e8me cat\u00e9gorie<\/a><\/p>\n<\/div>\n<\/div>\n<\/div>\n[\/spb_text_block] [spb_text_block animation=&#8221;fadeInLeft&#8221; animation_delay=&#8221;0&#8243; simplified_controls=&#8221;yes&#8221; custom_css_percentage=&#8221;no&#8221; padding_vertical=&#8221;0&#8243; padding_horizontal=&#8221;0&#8243; margin_vertical=&#8221;0&#8243; custom_css=&#8221;margin-top: 0px;margin-bottom: 0px;&#8221; border_size=&#8221;0&#8243; border_styling_global=&#8221;default&#8221; width=&#8221;1\/1&#8243; el_position=&#8221;first last&#8221;]\n<div class=\"fusion-layout-column fusion_builder_column fusion-builder-column-1 fusion_builder_column_1_2 1_2 fusion-one-half fusion-column-first\">\n<div class=\"fusion-column-wrapper fusion-flex-column-wrapper-legacy\">\n<div class=\"fusion-text fusion-text-1\">\n<p><strong>Nuisances sonores<\/strong><\/p>\n<p>Concernant la r\u00e9glementation du bruit, les travaux de bricolage et jardinage r\u00e9alis\u00e9s par des particuliers \u00e0 l\u2019aide d\u2019outils de forte intensit\u00e9 sonore (tondeuse, d\u00e9broussailleuse, raboteuse\u2026) doivent \u00eatre effectu\u00e9s :<br \/>\n\u2013 Les\u00a0<b>jours ouvr\u00e9s<\/b>\u00a0de\u00a0<u>8h00 \u00e0 12h00<\/u>\u00a0et de\u00a0<u>14h00 \u00e0 19h30<\/u>\u00a0;<br \/>\n\u2013 Les\u00a0<b>samedis<\/b>\u00a0de\u00a0<u>9H00 \u00e0 12h00<\/u>\u00a0et de\u00a0<u>14h00 \u00e0 19h00<\/u><br \/>\n\u2013 Les\u00a0<b>dimanches<\/b>\u00a0et\u00a0<b>jours f\u00e9ri\u00e9s<\/b>\u00a0de\u00a0<u>09h00 \u00e0 13h00<\/u>.<\/p>\n<\/div>\n<\/div>\n<\/div>\n[\/spb_text_block]\n","protected":false},"excerpt":{"rendered":"<p>[spb_text_block animation=&#8221;fadeInRight&#8221; animation_delay=&#8221;0&#8243; simplified_controls=&#8221;yes&#8221; custom_css_percentage=&#8221;no&#8221; padding_vertical=&#8221;0&#8243; padding_horizontal=&#8221;0&#8243; margin_vertical=&#8221;0&#8243; custom_css=&#8221;margin-top: 0px;margin-bottom: 0px;&#8221; border_size=&#8221;0&#8243; border_styling_global=&#8221;default&#8221; width=&#8221;1\/1&#8243; el_position=&#8221;first last&#8221;] \u00a0 La police municipale a pour mission d\u2019appliquer les arr\u00eat\u00e9s du maire et d\u2019assurer le bon d\u00e9roulement des \u00e9v\u00e9nements locaux : kermesse des associations, f\u00eates des \u00e9coles\u2026 Elle intervient aussi pour faire la circulation sur les chantiers mais aussi lors des sorties des classes. [&hellip;]<\/p>\n","protected":false},"author":1,"featured_media":0,"parent":5670,"menu_order":0,"comment_status":"closed","ping_status":"closed","template":"","meta":{"footnotes":""},"class_list":["post-2624","page","type-page","status-publish","hentry"],"yoast_head":"<!-- This site is optimized with the Yoast SEO plugin v27.4 - https:\/\/yoast.com\/product\/yoast-seo-wordpress\/ -->\n<title>Police municipale - Toufflers<\/title>\n<meta name=\"robots\" content=\"index, follow, max-snippet:-1, max-image-preview:large, max-video-preview:-1\" \/>\n<link rel=\"canonical\" href=\"https:\/\/toufflers.fr\/index.php\/accueil\/ma-commune\/police-municipale\/\" \/>\n<meta property=\"og:locale\" content=\"fr_FR\" \/>\n<meta property=\"og:type\" content=\"article\" \/>\n<meta property=\"og:title\" content=\"Police municipale - Toufflers\" \/>\n<meta property=\"og:description\" content=\"[spb_text_block animation=&#8221;fadeInRight&#8221; animation_delay=&#8221;0&#8243; simplified_controls=&#8221;yes&#8221; custom_css_percentage=&#8221;no&#8221; padding_vertical=&#8221;0&#8243; padding_horizontal=&#8221;0&#8243; margin_vertical=&#8221;0&#8243; custom_css=&#8221;margin-top: 0px;margin-bottom: 0px;&#8221; border_size=&#8221;0&#8243; border_styling_global=&#8221;default&#8221; width=&#8221;1\/1&#8243; el_position=&#8221;first last&#8221;] \u00a0 La police municipale a pour mission d\u2019appliquer les arr\u00eat\u00e9s du maire et d\u2019assurer le bon d\u00e9roulement des \u00e9v\u00e9nements locaux : kermesse des associations, f\u00eates des \u00e9coles\u2026 Elle intervient aussi pour faire la circulation sur les chantiers mais aussi lors des sorties des classes. [&hellip;]\" \/>\n<meta property=\"og:url\" content=\"https:\/\/toufflers.fr\/index.php\/accueil\/ma-commune\/police-municipale\/\" \/>\n<meta property=\"og:site_name\" content=\"Toufflers\" \/>\n<meta property=\"article:publisher\" content=\"https:\/\/www.facebook.com\/people\/Mairie-de-Toufflers\/100064872632846\/?fref=ts\" \/>\n<meta property=\"article:modified_time\" content=\"2026-04-19T15:30:01+00:00\" \/>\n<meta property=\"og:image\" content=\"https:\/\/toufflers.fr\/wp-content\/uploads\/2024\/02\/police-municipale.jpg\" \/>\n\t<meta property=\"og:image:width\" content=\"580\" \/>\n\t<meta property=\"og:image:height\" content=\"167\" \/>\n\t<meta property=\"og:image:type\" content=\"image\/jpeg\" \/>\n<meta name=\"twitter:card\" content=\"summary_large_image\" \/>\n<meta name=\"twitter:label1\" content=\"Dur\u00e9e de lecture estim\u00e9e\" \/>\n\t<meta name=\"twitter:data1\" content=\"3 minutes\" \/>\n<script type=\"application\/ld+json\" class=\"yoast-schema-graph\">{\"@context\":\"https:\\\/\\\/schema.org\",\"@graph\":[{\"@type\":\"WebPage\",\"@id\":\"https:\\\/\\\/toufflers.fr\\\/index.php\\\/accueil\\\/ma-commune\\\/police-municipale\\\/\",\"url\":\"https:\\\/\\\/toufflers.fr\\\/index.php\\\/accueil\\\/ma-commune\\\/police-municipale\\\/\",\"name\":\"Police municipale - Toufflers\",\"isPartOf\":{\"@id\":\"https:\\\/\\\/toufflers.fr\\\/#website\"},\"primaryImageOfPage\":{\"@id\":\"https:\\\/\\\/toufflers.fr\\\/index.php\\\/accueil\\\/ma-commune\\\/police-municipale\\\/#primaryimage\"},\"image\":{\"@id\":\"https:\\\/\\\/toufflers.fr\\\/index.php\\\/accueil\\\/ma-commune\\\/police-municipale\\\/#primaryimage\"},\"thumbnailUrl\":\"http:\\\/\\\/2024.toufflers.fr\\\/wp-content\\\/uploads\\\/2024\\\/02\\\/police-municipale.jpg\",\"datePublished\":\"2020-04-30T11:36:32+00:00\",\"dateModified\":\"2026-04-19T15:30:01+00:00\",\"breadcrumb\":{\"@id\":\"https:\\\/\\\/toufflers.fr\\\/index.php\\\/accueil\\\/ma-commune\\\/police-municipale\\\/#breadcrumb\"},\"inLanguage\":\"fr-FR\",\"potentialAction\":[{\"@type\":\"ReadAction\",\"target\":[\"https:\\\/\\\/toufflers.fr\\\/index.php\\\/accueil\\\/ma-commune\\\/police-municipale\\\/\"]}]},{\"@type\":\"ImageObject\",\"inLanguage\":\"fr-FR\",\"@id\":\"https:\\\/\\\/toufflers.fr\\\/index.php\\\/accueil\\\/ma-commune\\\/police-municipale\\\/#primaryimage\",\"url\":\"http:\\\/\\\/2024.toufflers.fr\\\/wp-content\\\/uploads\\\/2024\\\/02\\\/police-municipale.jpg\",\"contentUrl\":\"http:\\\/\\\/2024.toufflers.fr\\\/wp-content\\\/uploads\\\/2024\\\/02\\\/police-municipale.jpg\"},{\"@type\":\"BreadcrumbList\",\"@id\":\"https:\\\/\\\/toufflers.fr\\\/index.php\\\/accueil\\\/ma-commune\\\/police-municipale\\\/#breadcrumb\",\"itemListElement\":[{\"@type\":\"ListItem\",\"position\":1,\"name\":\"Accueil\",\"item\":\"https:\\\/\\\/toufflers.fr\\\/\"},{\"@type\":\"ListItem\",\"position\":2,\"name\":\"Accueil\",\"item\":\"https:\\\/\\\/toufflers.fr\\\/\"},{\"@type\":\"ListItem\",\"position\":3,\"name\":\"Ma commune\",\"item\":\"https:\\\/\\\/toufflers.fr\\\/index.php\\\/accueil\\\/ma-commune\\\/\"},{\"@type\":\"ListItem\",\"position\":4,\"name\":\"Police municipale\"}]},{\"@type\":\"WebSite\",\"@id\":\"https:\\\/\\\/toufflers.fr\\\/#website\",\"url\":\"https:\\\/\\\/toufflers.fr\\\/\",\"name\":\"Toufflers\",\"description\":\"\",\"publisher\":{\"@id\":\"https:\\\/\\\/toufflers.fr\\\/#organization\"},\"potentialAction\":[{\"@type\":\"SearchAction\",\"target\":{\"@type\":\"EntryPoint\",\"urlTemplate\":\"https:\\\/\\\/toufflers.fr\\\/?s={search_term_string}\"},\"query-input\":{\"@type\":\"PropertyValueSpecification\",\"valueRequired\":true,\"valueName\":\"search_term_string\"}}],\"inLanguage\":\"fr-FR\"},{\"@type\":\"Organization\",\"@id\":\"https:\\\/\\\/toufflers.fr\\\/#organization\",\"name\":\"Toufflers\",\"url\":\"https:\\\/\\\/toufflers.fr\\\/\",\"logo\":{\"@type\":\"ImageObject\",\"inLanguage\":\"fr-FR\",\"@id\":\"https:\\\/\\\/toufflers.fr\\\/#\\\/schema\\\/logo\\\/image\\\/\",\"url\":\"https:\\\/\\\/toufflers.fr\\\/wp-content\\\/uploads\\\/2024\\\/02\\\/Logo-site.png\",\"contentUrl\":\"https:\\\/\\\/toufflers.fr\\\/wp-content\\\/uploads\\\/2024\\\/02\\\/Logo-site.png\",\"width\":2560,\"height\":721,\"caption\":\"Toufflers\"},\"image\":{\"@id\":\"https:\\\/\\\/toufflers.fr\\\/#\\\/schema\\\/logo\\\/image\\\/\"},\"sameAs\":[\"https:\\\/\\\/www.facebook.com\\\/people\\\/Mairie-de-Toufflers\\\/100064872632846\\\/?fref=ts\"]}]}<\/script>\n<!-- \/ Yoast SEO plugin. -->","yoast_head_json":{"title":"Police municipale - Toufflers","robots":{"index":"index","follow":"follow","max-snippet":"max-snippet:-1","max-image-preview":"max-image-preview:large","max-video-preview":"max-video-preview:-1"},"canonical":"https:\/\/toufflers.fr\/index.php\/accueil\/ma-commune\/police-municipale\/","og_locale":"fr_FR","og_type":"article","og_title":"Police municipale - Toufflers","og_description":"[spb_text_block animation=&#8221;fadeInRight&#8221; animation_delay=&#8221;0&#8243; simplified_controls=&#8221;yes&#8221; custom_css_percentage=&#8221;no&#8221; padding_vertical=&#8221;0&#8243; padding_horizontal=&#8221;0&#8243; margin_vertical=&#8221;0&#8243; custom_css=&#8221;margin-top: 0px;margin-bottom: 0px;&#8221; border_size=&#8221;0&#8243; border_styling_global=&#8221;default&#8221; width=&#8221;1\/1&#8243; el_position=&#8221;first last&#8221;] \u00a0 La police municipale a pour mission d\u2019appliquer les arr\u00eat\u00e9s du maire et d\u2019assurer le bon d\u00e9roulement des \u00e9v\u00e9nements locaux : kermesse des associations, f\u00eates des \u00e9coles\u2026 Elle intervient aussi pour faire la circulation sur les chantiers mais aussi lors des sorties des classes. [&hellip;]","og_url":"https:\/\/toufflers.fr\/index.php\/accueil\/ma-commune\/police-municipale\/","og_site_name":"Toufflers","article_publisher":"https:\/\/www.facebook.com\/people\/Mairie-de-Toufflers\/100064872632846\/?fref=ts","article_modified_time":"2026-04-19T15:30:01+00:00","og_image":[{"width":580,"height":167,"url":"https:\/\/toufflers.fr\/wp-content\/uploads\/2024\/02\/police-municipale.jpg","type":"image\/jpeg"}],"twitter_card":"summary_large_image","twitter_misc":{"Dur\u00e9e de lecture estim\u00e9e":"3 minutes"},"schema":{"@context":"https:\/\/schema.org","@graph":[{"@type":"WebPage","@id":"https:\/\/toufflers.fr\/index.php\/accueil\/ma-commune\/police-municipale\/","url":"https:\/\/toufflers.fr\/index.php\/accueil\/ma-commune\/police-municipale\/","name":"Police municipale - Toufflers","isPartOf":{"@id":"https:\/\/toufflers.fr\/#website"},"primaryImageOfPage":{"@id":"https:\/\/toufflers.fr\/index.php\/accueil\/ma-commune\/police-municipale\/#primaryimage"},"image":{"@id":"https:\/\/toufflers.fr\/index.php\/accueil\/ma-commune\/police-municipale\/#primaryimage"},"thumbnailUrl":"http:\/\/2024.toufflers.fr\/wp-content\/uploads\/2024\/02\/police-municipale.jpg","datePublished":"2020-04-30T11:36:32+00:00","dateModified":"2026-04-19T15:30:01+00:00","breadcrumb":{"@id":"https:\/\/toufflers.fr\/index.php\/accueil\/ma-commune\/police-municipale\/#breadcrumb"},"inLanguage":"fr-FR","potentialAction":[{"@type":"ReadAction","target":["https:\/\/toufflers.fr\/index.php\/accueil\/ma-commune\/police-municipale\/"]}]},{"@type":"ImageObject","inLanguage":"fr-FR","@id":"https:\/\/toufflers.fr\/index.php\/accueil\/ma-commune\/police-municipale\/#primaryimage","url":"http:\/\/2024.toufflers.fr\/wp-content\/uploads\/2024\/02\/police-municipale.jpg","contentUrl":"http:\/\/2024.toufflers.fr\/wp-content\/uploads\/2024\/02\/police-municipale.jpg"},{"@type":"BreadcrumbList","@id":"https:\/\/toufflers.fr\/index.php\/accueil\/ma-commune\/police-municipale\/#breadcrumb","itemListElement":[{"@type":"ListItem","position":1,"name":"Accueil","item":"https:\/\/toufflers.fr\/"},{"@type":"ListItem","position":2,"name":"Accueil","item":"https:\/\/toufflers.fr\/"},{"@type":"ListItem","position":3,"name":"Ma commune","item":"https:\/\/toufflers.fr\/index.php\/accueil\/ma-commune\/"},{"@type":"ListItem","position":4,"name":"Police municipale"}]},{"@type":"WebSite","@id":"https:\/\/toufflers.fr\/#website","url":"https:\/\/toufflers.fr\/","name":"Toufflers","description":"","publisher":{"@id":"https:\/\/toufflers.fr\/#organization"},"potentialAction":[{"@type":"SearchAction","target":{"@type":"EntryPoint","urlTemplate":"https:\/\/toufflers.fr\/?s={search_term_string}"},"query-input":{"@type":"PropertyValueSpecification","valueRequired":true,"valueName":"search_term_string"}}],"inLanguage":"fr-FR"},{"@type":"Organization","@id":"https:\/\/toufflers.fr\/#organization","name":"Toufflers","url":"https:\/\/toufflers.fr\/","logo":{"@type":"ImageObject","inLanguage":"fr-FR","@id":"https:\/\/toufflers.fr\/#\/schema\/logo\/image\/","url":"https:\/\/toufflers.fr\/wp-content\/uploads\/2024\/02\/Logo-site.png","contentUrl":"https:\/\/toufflers.fr\/wp-content\/uploads\/2024\/02\/Logo-site.png","width":2560,"height":721,"caption":"Toufflers"},"image":{"@id":"https:\/\/toufflers.fr\/#\/schema\/logo\/image\/"},"sameAs":["https:\/\/www.facebook.com\/people\/Mairie-de-Toufflers\/100064872632846\/?fref=ts"]}]}},"_links":{"self":[{"href":"https:\/\/toufflers.fr\/index.php\/wp-json\/wp\/v2\/pages\/2624","targetHints":{"allow":["GET"]}}],"collection":[{"href":"https:\/\/toufflers.fr\/index.php\/wp-json\/wp\/v2\/pages"}],"about":[{"href":"https:\/\/toufflers.fr\/index.php\/wp-json\/wp\/v2\/types\/page"}],"author":[{"embeddable":true,"href":"https:\/\/toufflers.fr\/index.php\/wp-json\/wp\/v2\/users\/1"}],"replies":[{"embeddable":true,"href":"https:\/\/toufflers.fr\/index.php\/wp-json\/wp\/v2\/comments?post=2624"}],"version-history":[{"count":12,"href":"https:\/\/toufflers.fr\/index.php\/wp-json\/wp\/v2\/pages\/2624\/revisions"}],"predecessor-version":[{"id":6715,"href":"https:\/\/toufflers.fr\/index.php\/wp-json\/wp\/v2\/pages\/2624\/revisions\/6715"}],"up":[{"embeddable":true,"href":"https:\/\/toufflers.fr\/index.php\/wp-json\/wp\/v2\/pages\/5670"}],"wp:attachment":[{"href":"https:\/\/toufflers.fr\/index.php\/wp-json\/wp\/v2\/media?parent=2624"}],"curies":[{"name":"wp","href":"https:\/\/api.w.org\/{rel}","templated":true}]}}