{"id":2573,"date":"2020-04-28T15:53:33","date_gmt":"2020-04-28T13:53:33","guid":{"rendered":"http:\/\/toufflers.fr\/?page_id=2573"},"modified":"2026-04-19T17:30:02","modified_gmt":"2026-04-19T15:30:02","slug":"cantine","status":"publish","type":"page","link":"https:\/\/toufflers.fr\/index.php\/cantine\/","title":{"rendered":"Cantine"},"content":{"rendered":"[spb_text_block animation=&#8221;none&#8221; animation_delay=&#8221;0&#8243; simplified_controls=&#8221;yes&#8221; custom_css_percentage=&#8221;no&#8221; padding_vertical=&#8221;0&#8243; padding_horizontal=&#8221;0&#8243; margin_vertical=&#8221;0&#8243; custom_css=&#8221;margin-top: 0px;margin-bottom: 0px;&#8221; border_size=&#8221;0&#8243; border_styling_global=&#8221;default&#8221; width=&#8221;1\/1&#8243; el_position=&#8221;first last&#8221;]\n<h1 style=\"text-align: left;\" align=\"center\">Cantine<\/h1>\n<p>Inaugur\u00e9 en 2022, le nouveau restaurant scolaire offre aux enfants un cadre moderne, lumineux et agr\u00e9able pour profiter de leur pause d\u00e9jeuner.<\/p>\n<p>Les repas sont pr\u00e9par\u00e9s par la soci\u00e9t\u00e9 <strong>API &#8211; Lys restauration<\/strong> puis r\u00e9chauff\u00e9s dans notre cuisine par le personnel municipal.<\/p>\n<p>Deux choix de repas sont propos\u00e9s :<\/p>\n<ul>\n<li>un menu traditionnel,<\/li>\n<li>un menu sans porc.<\/li>\n<\/ul>\n<p>L\u2019inscription \u00e0 la cantine peut se faire en Mairie ou par t\u00e9l\u00e9phone le\u00a0<strong>SAMEDI de 8h00 \u00e0 11h15<\/strong>, ou via notre logiciel \u00ab\u00a0<a href=\"https:\/\/toufflers.myperischool.fr\/\">MyP\u00e9rischool<\/a>\u00a0\u00bb avant vendredi minuit pour la semaine suivante. Le code commune pour cr\u00e9er votre compte est\u00a0: FLERS59<\/p>\n<p>Toute inscription \u00e0 la cantine vaut acceptation du r\u00e8glement int\u00e9rieur. Les menus et le r\u00e8glement int\u00e9rieur sont consultables sur\u00a0<a href=\"https:\/\/toufflers.myperischool.fr\/\">MyP\u00e9rischool<\/a>\u00a0dans la partie inscriptions -&gt; informations utiles.<\/p>\n<p>Paiement au guichet\u00a0: en esp\u00e8ces, ch\u00e8que ou carte bleue<\/p>\n<p>Contact\u00a0: <a href=\"mailto:regies@toufflers.fr\">regies@toufflers.fr<\/a><\/p>\n<ul>\n<li><strong>Organisation pour les \u00e9coles publiques<\/strong><\/li>\n<\/ul>\n<p>Apr\u00e8s ou avant leur d\u00e9jeuner, les enfants ont la possibilit\u00e9 de participer \u00e0 des activit\u00e9s encadr\u00e9es par les animateurs (par exemple : ateliers cr\u00e9atifs, jeux collectifs, jeux de construction, lecture, jeux sportifs\u2026) ou de profiter d\u2019un temps calme ou temps libre.<\/p>\n<p>Pour les \u00e9coles publiques, ce temps est d\u00e9clar\u00e9 et agr\u00e9\u00e9 en accueil p\u00e9riscolaire aupr\u00e8s du service Jeunesse et Sports, et b\u00e9n\u00e9ficie du soutien financier de la CAF.<\/p>\n[\/spb_text_block]\n","protected":false},"excerpt":{"rendered":"<p>[spb_text_block animation=&#8221;none&#8221; animation_delay=&#8221;0&#8243; simplified_controls=&#8221;yes&#8221; custom_css_percentage=&#8221;no&#8221; padding_vertical=&#8221;0&#8243; padding_horizontal=&#8221;0&#8243; margin_vertical=&#8221;0&#8243; custom_css=&#8221;margin-top: 0px;margin-bottom: 0px;&#8221; border_size=&#8221;0&#8243; border_styling_global=&#8221;default&#8221; width=&#8221;1\/1&#8243; el_position=&#8221;first last&#8221;] Cantine Inaugur\u00e9 en 2022, le nouveau restaurant scolaire offre aux enfants un cadre moderne, lumineux et agr\u00e9able pour profiter de leur pause d\u00e9jeuner. Les repas sont pr\u00e9par\u00e9s par la soci\u00e9t\u00e9 API &#8211; Lys restauration puis r\u00e9chauff\u00e9s dans notre cuisine par le personnel municipal. Deux [&hellip;]<\/p>\n","protected":false},"author":1,"featured_media":0,"parent":0,"menu_order":0,"comment_status":"closed","ping_status":"closed","template":"","meta":{"footnotes":""},"class_list":["post-2573","page","type-page","status-publish","hentry"],"yoast_head":"<!-- This site is optimized with the Yoast SEO plugin v27.4 - https:\/\/yoast.com\/product\/yoast-seo-wordpress\/ -->\n<title>Cantine - Toufflers<\/title>\n<meta name=\"robots\" content=\"index, follow, max-snippet:-1, max-image-preview:large, max-video-preview:-1\" \/>\n<link rel=\"canonical\" href=\"https:\/\/toufflers.fr\/index.php\/cantine\/\" \/>\n<meta property=\"og:locale\" content=\"fr_FR\" \/>\n<meta property=\"og:type\" content=\"article\" \/>\n<meta property=\"og:title\" content=\"Cantine - Toufflers\" \/>\n<meta property=\"og:description\" content=\"[spb_text_block animation=&#8221;none&#8221; animation_delay=&#8221;0&#8243; simplified_controls=&#8221;yes&#8221; custom_css_percentage=&#8221;no&#8221; padding_vertical=&#8221;0&#8243; padding_horizontal=&#8221;0&#8243; margin_vertical=&#8221;0&#8243; custom_css=&#8221;margin-top: 0px;margin-bottom: 0px;&#8221; border_size=&#8221;0&#8243; border_styling_global=&#8221;default&#8221; width=&#8221;1\/1&#8243; el_position=&#8221;first last&#8221;] Cantine Inaugur\u00e9 en 2022, le nouveau restaurant scolaire offre aux enfants un cadre moderne, lumineux et agr\u00e9able pour profiter de leur pause d\u00e9jeuner. Les repas sont pr\u00e9par\u00e9s par la soci\u00e9t\u00e9 API &#8211; Lys restauration puis r\u00e9chauff\u00e9s dans notre cuisine par le personnel municipal. Deux [&hellip;]\" \/>\n<meta property=\"og:url\" content=\"https:\/\/toufflers.fr\/index.php\/cantine\/\" \/>\n<meta property=\"og:site_name\" content=\"Toufflers\" \/>\n<meta property=\"article:publisher\" content=\"https:\/\/www.facebook.com\/people\/Mairie-de-Toufflers\/100064872632846\/?fref=ts\" \/>\n<meta property=\"article:modified_time\" content=\"2026-04-19T15:30:02+00:00\" \/>\n<meta name=\"twitter:card\" content=\"summary_large_image\" \/>\n<meta name=\"twitter:label1\" content=\"Dur\u00e9e de lecture estim\u00e9e\" \/>\n\t<meta name=\"twitter:data1\" content=\"1 minute\" \/>\n<script type=\"application\/ld+json\" class=\"yoast-schema-graph\">{\"@context\":\"https:\\\/\\\/schema.org\",\"@graph\":[{\"@type\":\"WebPage\",\"@id\":\"https:\\\/\\\/toufflers.fr\\\/index.php\\\/cantine\\\/\",\"url\":\"https:\\\/\\\/toufflers.fr\\\/index.php\\\/cantine\\\/\",\"name\":\"Cantine - Toufflers\",\"isPartOf\":{\"@id\":\"https:\\\/\\\/toufflers.fr\\\/#website\"},\"datePublished\":\"2020-04-28T13:53:33+00:00\",\"dateModified\":\"2026-04-19T15:30:02+00:00\",\"breadcrumb\":{\"@id\":\"https:\\\/\\\/toufflers.fr\\\/index.php\\\/cantine\\\/#breadcrumb\"},\"inLanguage\":\"fr-FR\",\"potentialAction\":[{\"@type\":\"ReadAction\",\"target\":[\"https:\\\/\\\/toufflers.fr\\\/index.php\\\/cantine\\\/\"]}]},{\"@type\":\"BreadcrumbList\",\"@id\":\"https:\\\/\\\/toufflers.fr\\\/index.php\\\/cantine\\\/#breadcrumb\",\"itemListElement\":[{\"@type\":\"ListItem\",\"position\":1,\"name\":\"Accueil\",\"item\":\"https:\\\/\\\/toufflers.fr\\\/\"},{\"@type\":\"ListItem\",\"position\":2,\"name\":\"Cantine\"}]},{\"@type\":\"WebSite\",\"@id\":\"https:\\\/\\\/toufflers.fr\\\/#website\",\"url\":\"https:\\\/\\\/toufflers.fr\\\/\",\"name\":\"Toufflers\",\"description\":\"\",\"publisher\":{\"@id\":\"https:\\\/\\\/toufflers.fr\\\/#organization\"},\"potentialAction\":[{\"@type\":\"SearchAction\",\"target\":{\"@type\":\"EntryPoint\",\"urlTemplate\":\"https:\\\/\\\/toufflers.fr\\\/?s={search_term_string}\"},\"query-input\":{\"@type\":\"PropertyValueSpecification\",\"valueRequired\":true,\"valueName\":\"search_term_string\"}}],\"inLanguage\":\"fr-FR\"},{\"@type\":\"Organization\",\"@id\":\"https:\\\/\\\/toufflers.fr\\\/#organization\",\"name\":\"Toufflers\",\"url\":\"https:\\\/\\\/toufflers.fr\\\/\",\"logo\":{\"@type\":\"ImageObject\",\"inLanguage\":\"fr-FR\",\"@id\":\"https:\\\/\\\/toufflers.fr\\\/#\\\/schema\\\/logo\\\/image\\\/\",\"url\":\"https:\\\/\\\/toufflers.fr\\\/wp-content\\\/uploads\\\/2024\\\/02\\\/Logo-site.png\",\"contentUrl\":\"https:\\\/\\\/toufflers.fr\\\/wp-content\\\/uploads\\\/2024\\\/02\\\/Logo-site.png\",\"width\":2560,\"height\":721,\"caption\":\"Toufflers\"},\"image\":{\"@id\":\"https:\\\/\\\/toufflers.fr\\\/#\\\/schema\\\/logo\\\/image\\\/\"},\"sameAs\":[\"https:\\\/\\\/www.facebook.com\\\/people\\\/Mairie-de-Toufflers\\\/100064872632846\\\/?fref=ts\"]}]}<\/script>\n<!-- \/ Yoast SEO plugin. -->","yoast_head_json":{"title":"Cantine - Toufflers","robots":{"index":"index","follow":"follow","max-snippet":"max-snippet:-1","max-image-preview":"max-image-preview:large","max-video-preview":"max-video-preview:-1"},"canonical":"https:\/\/toufflers.fr\/index.php\/cantine\/","og_locale":"fr_FR","og_type":"article","og_title":"Cantine - Toufflers","og_description":"[spb_text_block animation=&#8221;none&#8221; animation_delay=&#8221;0&#8243; simplified_controls=&#8221;yes&#8221; custom_css_percentage=&#8221;no&#8221; padding_vertical=&#8221;0&#8243; padding_horizontal=&#8221;0&#8243; margin_vertical=&#8221;0&#8243; custom_css=&#8221;margin-top: 0px;margin-bottom: 0px;&#8221; border_size=&#8221;0&#8243; border_styling_global=&#8221;default&#8221; width=&#8221;1\/1&#8243; el_position=&#8221;first last&#8221;] Cantine Inaugur\u00e9 en 2022, le nouveau restaurant scolaire offre aux enfants un cadre moderne, lumineux et agr\u00e9able pour profiter de leur pause d\u00e9jeuner. Les repas sont pr\u00e9par\u00e9s par la soci\u00e9t\u00e9 API &#8211; Lys restauration puis r\u00e9chauff\u00e9s dans notre cuisine par le personnel municipal. Deux [&hellip;]","og_url":"https:\/\/toufflers.fr\/index.php\/cantine\/","og_site_name":"Toufflers","article_publisher":"https:\/\/www.facebook.com\/people\/Mairie-de-Toufflers\/100064872632846\/?fref=ts","article_modified_time":"2026-04-19T15:30:02+00:00","twitter_card":"summary_large_image","twitter_misc":{"Dur\u00e9e de lecture estim\u00e9e":"1 minute"},"schema":{"@context":"https:\/\/schema.org","@graph":[{"@type":"WebPage","@id":"https:\/\/toufflers.fr\/index.php\/cantine\/","url":"https:\/\/toufflers.fr\/index.php\/cantine\/","name":"Cantine - Toufflers","isPartOf":{"@id":"https:\/\/toufflers.fr\/#website"},"datePublished":"2020-04-28T13:53:33+00:00","dateModified":"2026-04-19T15:30:02+00:00","breadcrumb":{"@id":"https:\/\/toufflers.fr\/index.php\/cantine\/#breadcrumb"},"inLanguage":"fr-FR","potentialAction":[{"@type":"ReadAction","target":["https:\/\/toufflers.fr\/index.php\/cantine\/"]}]},{"@type":"BreadcrumbList","@id":"https:\/\/toufflers.fr\/index.php\/cantine\/#breadcrumb","itemListElement":[{"@type":"ListItem","position":1,"name":"Accueil","item":"https:\/\/toufflers.fr\/"},{"@type":"ListItem","position":2,"name":"Cantine"}]},{"@type":"WebSite","@id":"https:\/\/toufflers.fr\/#website","url":"https:\/\/toufflers.fr\/","name":"Toufflers","description":"","publisher":{"@id":"https:\/\/toufflers.fr\/#organization"},"potentialAction":[{"@type":"SearchAction","target":{"@type":"EntryPoint","urlTemplate":"https:\/\/toufflers.fr\/?s={search_term_string}"},"query-input":{"@type":"PropertyValueSpecification","valueRequired":true,"valueName":"search_term_string"}}],"inLanguage":"fr-FR"},{"@type":"Organization","@id":"https:\/\/toufflers.fr\/#organization","name":"Toufflers","url":"https:\/\/toufflers.fr\/","logo":{"@type":"ImageObject","inLanguage":"fr-FR","@id":"https:\/\/toufflers.fr\/#\/schema\/logo\/image\/","url":"https:\/\/toufflers.fr\/wp-content\/uploads\/2024\/02\/Logo-site.png","contentUrl":"https:\/\/toufflers.fr\/wp-content\/uploads\/2024\/02\/Logo-site.png","width":2560,"height":721,"caption":"Toufflers"},"image":{"@id":"https:\/\/toufflers.fr\/#\/schema\/logo\/image\/"},"sameAs":["https:\/\/www.facebook.com\/people\/Mairie-de-Toufflers\/100064872632846\/?fref=ts"]}]}},"_links":{"self":[{"href":"https:\/\/toufflers.fr\/index.php\/wp-json\/wp\/v2\/pages\/2573","targetHints":{"allow":["GET"]}}],"collection":[{"href":"https:\/\/toufflers.fr\/index.php\/wp-json\/wp\/v2\/pages"}],"about":[{"href":"https:\/\/toufflers.fr\/index.php\/wp-json\/wp\/v2\/types\/page"}],"author":[{"embeddable":true,"href":"https:\/\/toufflers.fr\/index.php\/wp-json\/wp\/v2\/users\/1"}],"replies":[{"embeddable":true,"href":"https:\/\/toufflers.fr\/index.php\/wp-json\/wp\/v2\/comments?post=2573"}],"version-history":[{"count":4,"href":"https:\/\/toufflers.fr\/index.php\/wp-json\/wp\/v2\/pages\/2573\/revisions"}],"predecessor-version":[{"id":7163,"href":"https:\/\/toufflers.fr\/index.php\/wp-json\/wp\/v2\/pages\/2573\/revisions\/7163"}],"wp:attachment":[{"href":"https:\/\/toufflers.fr\/index.php\/wp-json\/wp\/v2\/media?parent=2573"}],"curies":[{"name":"wp","href":"https:\/\/api.w.org\/{rel}","templated":true}]}}