{"id":2549,"date":"2020-04-28T15:41:21","date_gmt":"2020-04-28T13:41:21","guid":{"rendered":"http:\/\/toufflers.fr\/?page_id=2549"},"modified":"2026-04-19T17:30:03","modified_gmt":"2026-04-19T15:30:03","slug":"assistantes-maternelles","status":"publish","type":"page","link":"https:\/\/toufflers.fr\/index.php\/assistantes-maternelles\/","title":{"rendered":"Assistantes maternelles"},"content":{"rendered":"<h1 class=\"page-title\">Assistantes maternelles<\/h1>\n<p>\u00c0 Toufflers, une trentaine d\u2019assistantes maternelles agr\u00e9\u00e9es proposent un <b>accueil individuel pour vos enfants<\/b>.<\/p>\n<p>L\u2019assistante maternelle agr\u00e9\u00e9e accueille un ou plusieurs enfants \u00e0 son domicile. Elle <b>participe au quotidien au bien-\u00eatre et \u00e0 l\u2019\u00e9veil de l\u2019enfant<\/b> accueilli. L\u2019agr\u00e9ment est octroy\u00e9 par le Pr\u00e9sident du Conseil g\u00e9n\u00e9ral pour 4 enfants au maximum, et ce pour une dur\u00e9e de 5 ans.<\/p>\n<p>Vous pouvez consulter la liste des <a href=\"https:\/\/toufflers.fr\/wp-content\/uploads\/2025\/09\/Liste-des-Assistantes-Maternelles-Agreees-de-Toufflers-maj-sep25.pdf\" target=\"_blank\" rel=\"noopener\">assistantes maternelles<\/a>.<\/p>\n<p><strong>Les parents peuvent recevoir une aide de la part de la CAF. Rendez-vous dans votre CAF.<\/strong><\/p>\n","protected":false},"excerpt":{"rendered":"<p>Assistantes maternelles \u00c0 Toufflers, une trentaine d\u2019assistantes maternelles agr\u00e9\u00e9es proposent un accueil individuel pour vos enfants. L\u2019assistante maternelle agr\u00e9\u00e9e accueille un ou plusieurs enfants \u00e0 son domicile. Elle participe au quotidien au bien-\u00eatre et \u00e0 l\u2019\u00e9veil de l\u2019enfant accueilli. L\u2019agr\u00e9ment est octroy\u00e9 par le Pr\u00e9sident du Conseil g\u00e9n\u00e9ral pour 4 enfants au maximum, et ce pour une dur\u00e9e de 5 [&hellip;]<\/p>\n","protected":false},"author":1,"featured_media":0,"parent":0,"menu_order":0,"comment_status":"closed","ping_status":"closed","template":"","meta":{"footnotes":""},"class_list":["post-2549","page","type-page","status-publish","hentry"],"yoast_head":"<!-- This site is optimized with the Yoast SEO plugin v27.5 - https:\/\/yoast.com\/product\/yoast-seo-wordpress\/ -->\n<title>Assistantes maternelles - Toufflers<\/title>\n<meta name=\"robots\" content=\"index, follow, max-snippet:-1, max-image-preview:large, max-video-preview:-1\" \/>\n<link rel=\"canonical\" href=\"https:\/\/toufflers.fr\/index.php\/assistantes-maternelles\/\" \/>\n<meta property=\"og:locale\" content=\"fr_FR\" \/>\n<meta property=\"og:type\" content=\"article\" \/>\n<meta property=\"og:title\" content=\"Assistantes maternelles - Toufflers\" \/>\n<meta property=\"og:description\" content=\"Assistantes maternelles \u00c0 Toufflers, une trentaine d\u2019assistantes maternelles agr\u00e9\u00e9es proposent un accueil individuel pour vos enfants. L\u2019assistante maternelle agr\u00e9\u00e9e accueille un ou plusieurs enfants \u00e0 son domicile. Elle participe au quotidien au bien-\u00eatre et \u00e0 l\u2019\u00e9veil de l\u2019enfant accueilli. L\u2019agr\u00e9ment est octroy\u00e9 par le Pr\u00e9sident du Conseil g\u00e9n\u00e9ral pour 4 enfants au maximum, et ce pour une dur\u00e9e de 5 [&hellip;]\" \/>\n<meta property=\"og:url\" content=\"https:\/\/toufflers.fr\/index.php\/assistantes-maternelles\/\" \/>\n<meta property=\"og:site_name\" content=\"Toufflers\" \/>\n<meta property=\"article:publisher\" content=\"https:\/\/www.facebook.com\/people\/Mairie-de-Toufflers\/100064872632846\/?fref=ts\" \/>\n<meta property=\"article:modified_time\" content=\"2026-04-19T15:30:03+00:00\" \/>\n<meta name=\"twitter:card\" content=\"summary_large_image\" \/>\n<meta name=\"twitter:label1\" content=\"Dur\u00e9e de lecture estim\u00e9e\" \/>\n\t<meta name=\"twitter:data1\" content=\"1 minute\" \/>\n<script type=\"application\/ld+json\" class=\"yoast-schema-graph\">{\"@context\":\"https:\\\/\\\/schema.org\",\"@graph\":[{\"@type\":\"WebPage\",\"@id\":\"https:\\\/\\\/toufflers.fr\\\/index.php\\\/assistantes-maternelles\\\/\",\"url\":\"https:\\\/\\\/toufflers.fr\\\/index.php\\\/assistantes-maternelles\\\/\",\"name\":\"Assistantes maternelles - Toufflers\",\"isPartOf\":{\"@id\":\"https:\\\/\\\/toufflers.fr\\\/#website\"},\"datePublished\":\"2020-04-28T13:41:21+00:00\",\"dateModified\":\"2026-04-19T15:30:03+00:00\",\"breadcrumb\":{\"@id\":\"https:\\\/\\\/toufflers.fr\\\/index.php\\\/assistantes-maternelles\\\/#breadcrumb\"},\"inLanguage\":\"fr-FR\",\"potentialAction\":[{\"@type\":\"ReadAction\",\"target\":[\"https:\\\/\\\/toufflers.fr\\\/index.php\\\/assistantes-maternelles\\\/\"]}]},{\"@type\":\"BreadcrumbList\",\"@id\":\"https:\\\/\\\/toufflers.fr\\\/index.php\\\/assistantes-maternelles\\\/#breadcrumb\",\"itemListElement\":[{\"@type\":\"ListItem\",\"position\":1,\"name\":\"Accueil\",\"item\":\"https:\\\/\\\/toufflers.fr\\\/\"},{\"@type\":\"ListItem\",\"position\":2,\"name\":\"Assistantes maternelles\"}]},{\"@type\":\"WebSite\",\"@id\":\"https:\\\/\\\/toufflers.fr\\\/#website\",\"url\":\"https:\\\/\\\/toufflers.fr\\\/\",\"name\":\"Toufflers\",\"description\":\"\",\"publisher\":{\"@id\":\"https:\\\/\\\/toufflers.fr\\\/#organization\"},\"potentialAction\":[{\"@type\":\"SearchAction\",\"target\":{\"@type\":\"EntryPoint\",\"urlTemplate\":\"https:\\\/\\\/toufflers.fr\\\/?s={search_term_string}\"},\"query-input\":{\"@type\":\"PropertyValueSpecification\",\"valueRequired\":true,\"valueName\":\"search_term_string\"}}],\"inLanguage\":\"fr-FR\"},{\"@type\":\"Organization\",\"@id\":\"https:\\\/\\\/toufflers.fr\\\/#organization\",\"name\":\"Toufflers\",\"url\":\"https:\\\/\\\/toufflers.fr\\\/\",\"logo\":{\"@type\":\"ImageObject\",\"inLanguage\":\"fr-FR\",\"@id\":\"https:\\\/\\\/toufflers.fr\\\/#\\\/schema\\\/logo\\\/image\\\/\",\"url\":\"https:\\\/\\\/toufflers.fr\\\/wp-content\\\/uploads\\\/2024\\\/02\\\/Logo-site.png\",\"contentUrl\":\"https:\\\/\\\/toufflers.fr\\\/wp-content\\\/uploads\\\/2024\\\/02\\\/Logo-site.png\",\"width\":2560,\"height\":721,\"caption\":\"Toufflers\"},\"image\":{\"@id\":\"https:\\\/\\\/toufflers.fr\\\/#\\\/schema\\\/logo\\\/image\\\/\"},\"sameAs\":[\"https:\\\/\\\/www.facebook.com\\\/people\\\/Mairie-de-Toufflers\\\/100064872632846\\\/?fref=ts\"]}]}<\/script>\n<!-- \/ Yoast SEO plugin. -->","yoast_head_json":{"title":"Assistantes maternelles - Toufflers","robots":{"index":"index","follow":"follow","max-snippet":"max-snippet:-1","max-image-preview":"max-image-preview:large","max-video-preview":"max-video-preview:-1"},"canonical":"https:\/\/toufflers.fr\/index.php\/assistantes-maternelles\/","og_locale":"fr_FR","og_type":"article","og_title":"Assistantes maternelles - Toufflers","og_description":"Assistantes maternelles \u00c0 Toufflers, une trentaine d\u2019assistantes maternelles agr\u00e9\u00e9es proposent un accueil individuel pour vos enfants. L\u2019assistante maternelle agr\u00e9\u00e9e accueille un ou plusieurs enfants \u00e0 son domicile. Elle participe au quotidien au bien-\u00eatre et \u00e0 l\u2019\u00e9veil de l\u2019enfant accueilli. L\u2019agr\u00e9ment est octroy\u00e9 par le Pr\u00e9sident du Conseil g\u00e9n\u00e9ral pour 4 enfants au maximum, et ce pour une dur\u00e9e de 5 [&hellip;]","og_url":"https:\/\/toufflers.fr\/index.php\/assistantes-maternelles\/","og_site_name":"Toufflers","article_publisher":"https:\/\/www.facebook.com\/people\/Mairie-de-Toufflers\/100064872632846\/?fref=ts","article_modified_time":"2026-04-19T15:30:03+00:00","twitter_card":"summary_large_image","twitter_misc":{"Dur\u00e9e de lecture estim\u00e9e":"1 minute"},"schema":{"@context":"https:\/\/schema.org","@graph":[{"@type":"WebPage","@id":"https:\/\/toufflers.fr\/index.php\/assistantes-maternelles\/","url":"https:\/\/toufflers.fr\/index.php\/assistantes-maternelles\/","name":"Assistantes maternelles - Toufflers","isPartOf":{"@id":"https:\/\/toufflers.fr\/#website"},"datePublished":"2020-04-28T13:41:21+00:00","dateModified":"2026-04-19T15:30:03+00:00","breadcrumb":{"@id":"https:\/\/toufflers.fr\/index.php\/assistantes-maternelles\/#breadcrumb"},"inLanguage":"fr-FR","potentialAction":[{"@type":"ReadAction","target":["https:\/\/toufflers.fr\/index.php\/assistantes-maternelles\/"]}]},{"@type":"BreadcrumbList","@id":"https:\/\/toufflers.fr\/index.php\/assistantes-maternelles\/#breadcrumb","itemListElement":[{"@type":"ListItem","position":1,"name":"Accueil","item":"https:\/\/toufflers.fr\/"},{"@type":"ListItem","position":2,"name":"Assistantes maternelles"}]},{"@type":"WebSite","@id":"https:\/\/toufflers.fr\/#website","url":"https:\/\/toufflers.fr\/","name":"Toufflers","description":"","publisher":{"@id":"https:\/\/toufflers.fr\/#organization"},"potentialAction":[{"@type":"SearchAction","target":{"@type":"EntryPoint","urlTemplate":"https:\/\/toufflers.fr\/?s={search_term_string}"},"query-input":{"@type":"PropertyValueSpecification","valueRequired":true,"valueName":"search_term_string"}}],"inLanguage":"fr-FR"},{"@type":"Organization","@id":"https:\/\/toufflers.fr\/#organization","name":"Toufflers","url":"https:\/\/toufflers.fr\/","logo":{"@type":"ImageObject","inLanguage":"fr-FR","@id":"https:\/\/toufflers.fr\/#\/schema\/logo\/image\/","url":"https:\/\/toufflers.fr\/wp-content\/uploads\/2024\/02\/Logo-site.png","contentUrl":"https:\/\/toufflers.fr\/wp-content\/uploads\/2024\/02\/Logo-site.png","width":2560,"height":721,"caption":"Toufflers"},"image":{"@id":"https:\/\/toufflers.fr\/#\/schema\/logo\/image\/"},"sameAs":["https:\/\/www.facebook.com\/people\/Mairie-de-Toufflers\/100064872632846\/?fref=ts"]}]}},"_links":{"self":[{"href":"https:\/\/toufflers.fr\/index.php\/wp-json\/wp\/v2\/pages\/2549","targetHints":{"allow":["GET"]}}],"collection":[{"href":"https:\/\/toufflers.fr\/index.php\/wp-json\/wp\/v2\/pages"}],"about":[{"href":"https:\/\/toufflers.fr\/index.php\/wp-json\/wp\/v2\/types\/page"}],"author":[{"embeddable":true,"href":"https:\/\/toufflers.fr\/index.php\/wp-json\/wp\/v2\/users\/1"}],"replies":[{"embeddable":true,"href":"https:\/\/toufflers.fr\/index.php\/wp-json\/wp\/v2\/comments?post=2549"}],"version-history":[{"count":6,"href":"https:\/\/toufflers.fr\/index.php\/wp-json\/wp\/v2\/pages\/2549\/revisions"}],"predecessor-version":[{"id":7149,"href":"https:\/\/toufflers.fr\/index.php\/wp-json\/wp\/v2\/pages\/2549\/revisions\/7149"}],"wp:attachment":[{"href":"https:\/\/toufflers.fr\/index.php\/wp-json\/wp\/v2\/media?parent=2549"}],"curies":[{"name":"wp","href":"https:\/\/api.w.org\/{rel}","templated":true}]}}