{"id":2547,"date":"2020-04-28T15:40:16","date_gmt":"2020-04-28T13:40:16","guid":{"rendered":"http:\/\/toufflers.fr\/?page_id=2547"},"modified":"2024-03-05T08:38:22","modified_gmt":"2024-03-05T07:38:22","slug":"creche-intercommunale","status":"publish","type":"page","link":"https:\/\/toufflers.fr\/index.php\/creche-intercommunale\/","title":{"rendered":"Cr\u00e8che intercommunale"},"content":{"rendered":"<h1 class=\"page-title\">Cr\u00e8che intercommunale<\/h1>\n<p>La cr\u00e8che <b>\u00ab\u00a0Les Petits Chaperons Rouges\u00a0\u00bb<\/b> propose 45 places aux entreprises de la zone industrielle de Roubaix-Est, mais \u00e9galement aux communes avoisinantes. 5 places sont r\u00e9serv\u00e9es par la ville de Toufflers. Elle accueille les enfants de <b>7h00 \u00e0 19h00<\/b>.<\/p>\n<p>Cr\u00e9\u00e9 en 2008, cet \u00e9tablissement accueille les enfants de 3 mois \u00e0 4 ans, sauf cas particuliers avec d\u00e9rogations. Les 45 berceaux sont r\u00e9partis en 3 sections : petits, moyens et grands. Trois types d\u2019accueil sont propos\u00e9s aux familles : r\u00e9guliers, occasionnels et d\u2019urgence. Un jardin est mis \u00e0 la disposition des enfants pour diverses activit\u00e9s.<\/p>\n<p>Les inscriptions s\u2019effectuent sur le site internet de la cr\u00e8che, apr\u00e8s obtention du code sp\u00e9cifique de la commune <b>(\u00e0 demander en Mairie)<\/b>.<\/p>\n<p>Cr\u00e8che intercommunale Les Petits Chaperons Rouges \u2013 Rue du Catillon, 59115 Leers<br \/>\nT\u00e9l.: 09.62.31.15.43 \u2013 Fax : 03.20.81.97.48<br \/>\n<a href=\"http:\/\/www.lpcr.fr\" target=\"_blank\" rel=\"noopener noreferrer\">www.lpcr.fr<\/a><\/p>\n","protected":false},"excerpt":{"rendered":"<p>Cr\u00e8che intercommunale La cr\u00e8che \u00ab\u00a0Les Petits Chaperons Rouges\u00a0\u00bb propose 45 places aux entreprises de la zone industrielle de Roubaix-Est, mais \u00e9galement aux communes avoisinantes. 5 places sont r\u00e9serv\u00e9es par la ville de Toufflers. Elle accueille les enfants de 7h00 \u00e0 19h00. Cr\u00e9\u00e9 en 2008, cet \u00e9tablissement accueille les enfants de 3 mois \u00e0 4 ans, sauf cas particuliers avec d\u00e9rogations. [&hellip;]<\/p>\n","protected":false},"author":2,"featured_media":0,"parent":0,"menu_order":0,"comment_status":"closed","ping_status":"closed","template":"","meta":{"footnotes":""},"class_list":["post-2547","page","type-page","status-publish","hentry"],"yoast_head":"<!-- This site is optimized with the Yoast SEO plugin v27.3 - https:\/\/yoast.com\/product\/yoast-seo-wordpress\/ -->\n<title>Cr\u00e8che intercommunale - Toufflers<\/title>\n<meta name=\"robots\" content=\"index, follow, max-snippet:-1, max-image-preview:large, max-video-preview:-1\" \/>\n<link rel=\"canonical\" href=\"https:\/\/toufflers.fr\/index.php\/creche-intercommunale\/\" \/>\n<meta property=\"og:locale\" content=\"fr_FR\" \/>\n<meta property=\"og:type\" content=\"article\" \/>\n<meta property=\"og:title\" content=\"Cr\u00e8che intercommunale - Toufflers\" \/>\n<meta property=\"og:description\" content=\"Cr\u00e8che intercommunale La cr\u00e8che \u00ab\u00a0Les Petits Chaperons Rouges\u00a0\u00bb propose 45 places aux entreprises de la zone industrielle de Roubaix-Est, mais \u00e9galement aux communes avoisinantes. 5 places sont r\u00e9serv\u00e9es par la ville de Toufflers. Elle accueille les enfants de 7h00 \u00e0 19h00. Cr\u00e9\u00e9 en 2008, cet \u00e9tablissement accueille les enfants de 3 mois \u00e0 4 ans, sauf cas particuliers avec d\u00e9rogations. [&hellip;]\" \/>\n<meta property=\"og:url\" content=\"https:\/\/toufflers.fr\/index.php\/creche-intercommunale\/\" \/>\n<meta property=\"og:site_name\" content=\"Toufflers\" \/>\n<meta property=\"article:publisher\" content=\"https:\/\/www.facebook.com\/people\/Mairie-de-Toufflers\/100064872632846\/?fref=ts\" \/>\n<meta property=\"article:modified_time\" content=\"2024-03-05T07:38:22+00:00\" \/>\n<meta name=\"twitter:card\" content=\"summary_large_image\" \/>\n<meta name=\"twitter:label1\" content=\"Dur\u00e9e de lecture estim\u00e9e\" \/>\n\t<meta name=\"twitter:data1\" content=\"1 minute\" \/>\n<script type=\"application\/ld+json\" class=\"yoast-schema-graph\">{\"@context\":\"https:\\\/\\\/schema.org\",\"@graph\":[{\"@type\":\"WebPage\",\"@id\":\"https:\\\/\\\/toufflers.fr\\\/index.php\\\/creche-intercommunale\\\/\",\"url\":\"https:\\\/\\\/toufflers.fr\\\/index.php\\\/creche-intercommunale\\\/\",\"name\":\"Cr\u00e8che intercommunale - Toufflers\",\"isPartOf\":{\"@id\":\"https:\\\/\\\/toufflers.fr\\\/#website\"},\"datePublished\":\"2020-04-28T13:40:16+00:00\",\"dateModified\":\"2024-03-05T07:38:22+00:00\",\"breadcrumb\":{\"@id\":\"https:\\\/\\\/toufflers.fr\\\/index.php\\\/creche-intercommunale\\\/#breadcrumb\"},\"inLanguage\":\"fr-FR\",\"potentialAction\":[{\"@type\":\"ReadAction\",\"target\":[\"https:\\\/\\\/toufflers.fr\\\/index.php\\\/creche-intercommunale\\\/\"]}]},{\"@type\":\"BreadcrumbList\",\"@id\":\"https:\\\/\\\/toufflers.fr\\\/index.php\\\/creche-intercommunale\\\/#breadcrumb\",\"itemListElement\":[{\"@type\":\"ListItem\",\"position\":1,\"name\":\"Accueil\",\"item\":\"https:\\\/\\\/toufflers.fr\\\/\"},{\"@type\":\"ListItem\",\"position\":2,\"name\":\"Cr\u00e8che intercommunale\"}]},{\"@type\":\"WebSite\",\"@id\":\"https:\\\/\\\/toufflers.fr\\\/#website\",\"url\":\"https:\\\/\\\/toufflers.fr\\\/\",\"name\":\"Toufflers\",\"description\":\"\",\"publisher\":{\"@id\":\"https:\\\/\\\/toufflers.fr\\\/#organization\"},\"potentialAction\":[{\"@type\":\"SearchAction\",\"target\":{\"@type\":\"EntryPoint\",\"urlTemplate\":\"https:\\\/\\\/toufflers.fr\\\/?s={search_term_string}\"},\"query-input\":{\"@type\":\"PropertyValueSpecification\",\"valueRequired\":true,\"valueName\":\"search_term_string\"}}],\"inLanguage\":\"fr-FR\"},{\"@type\":\"Organization\",\"@id\":\"https:\\\/\\\/toufflers.fr\\\/#organization\",\"name\":\"Toufflers\",\"url\":\"https:\\\/\\\/toufflers.fr\\\/\",\"logo\":{\"@type\":\"ImageObject\",\"inLanguage\":\"fr-FR\",\"@id\":\"https:\\\/\\\/toufflers.fr\\\/#\\\/schema\\\/logo\\\/image\\\/\",\"url\":\"https:\\\/\\\/toufflers.fr\\\/wp-content\\\/uploads\\\/2024\\\/02\\\/Logo-site.png\",\"contentUrl\":\"https:\\\/\\\/toufflers.fr\\\/wp-content\\\/uploads\\\/2024\\\/02\\\/Logo-site.png\",\"width\":2560,\"height\":721,\"caption\":\"Toufflers\"},\"image\":{\"@id\":\"https:\\\/\\\/toufflers.fr\\\/#\\\/schema\\\/logo\\\/image\\\/\"},\"sameAs\":[\"https:\\\/\\\/www.facebook.com\\\/people\\\/Mairie-de-Toufflers\\\/100064872632846\\\/?fref=ts\"]}]}<\/script>\n<!-- \/ Yoast SEO plugin. -->","yoast_head_json":{"title":"Cr\u00e8che intercommunale - Toufflers","robots":{"index":"index","follow":"follow","max-snippet":"max-snippet:-1","max-image-preview":"max-image-preview:large","max-video-preview":"max-video-preview:-1"},"canonical":"https:\/\/toufflers.fr\/index.php\/creche-intercommunale\/","og_locale":"fr_FR","og_type":"article","og_title":"Cr\u00e8che intercommunale - Toufflers","og_description":"Cr\u00e8che intercommunale La cr\u00e8che \u00ab\u00a0Les Petits Chaperons Rouges\u00a0\u00bb propose 45 places aux entreprises de la zone industrielle de Roubaix-Est, mais \u00e9galement aux communes avoisinantes. 5 places sont r\u00e9serv\u00e9es par la ville de Toufflers. Elle accueille les enfants de 7h00 \u00e0 19h00. Cr\u00e9\u00e9 en 2008, cet \u00e9tablissement accueille les enfants de 3 mois \u00e0 4 ans, sauf cas particuliers avec d\u00e9rogations. [&hellip;]","og_url":"https:\/\/toufflers.fr\/index.php\/creche-intercommunale\/","og_site_name":"Toufflers","article_publisher":"https:\/\/www.facebook.com\/people\/Mairie-de-Toufflers\/100064872632846\/?fref=ts","article_modified_time":"2024-03-05T07:38:22+00:00","twitter_card":"summary_large_image","twitter_misc":{"Dur\u00e9e de lecture estim\u00e9e":"1 minute"},"schema":{"@context":"https:\/\/schema.org","@graph":[{"@type":"WebPage","@id":"https:\/\/toufflers.fr\/index.php\/creche-intercommunale\/","url":"https:\/\/toufflers.fr\/index.php\/creche-intercommunale\/","name":"Cr\u00e8che intercommunale - Toufflers","isPartOf":{"@id":"https:\/\/toufflers.fr\/#website"},"datePublished":"2020-04-28T13:40:16+00:00","dateModified":"2024-03-05T07:38:22+00:00","breadcrumb":{"@id":"https:\/\/toufflers.fr\/index.php\/creche-intercommunale\/#breadcrumb"},"inLanguage":"fr-FR","potentialAction":[{"@type":"ReadAction","target":["https:\/\/toufflers.fr\/index.php\/creche-intercommunale\/"]}]},{"@type":"BreadcrumbList","@id":"https:\/\/toufflers.fr\/index.php\/creche-intercommunale\/#breadcrumb","itemListElement":[{"@type":"ListItem","position":1,"name":"Accueil","item":"https:\/\/toufflers.fr\/"},{"@type":"ListItem","position":2,"name":"Cr\u00e8che intercommunale"}]},{"@type":"WebSite","@id":"https:\/\/toufflers.fr\/#website","url":"https:\/\/toufflers.fr\/","name":"Toufflers","description":"","publisher":{"@id":"https:\/\/toufflers.fr\/#organization"},"potentialAction":[{"@type":"SearchAction","target":{"@type":"EntryPoint","urlTemplate":"https:\/\/toufflers.fr\/?s={search_term_string}"},"query-input":{"@type":"PropertyValueSpecification","valueRequired":true,"valueName":"search_term_string"}}],"inLanguage":"fr-FR"},{"@type":"Organization","@id":"https:\/\/toufflers.fr\/#organization","name":"Toufflers","url":"https:\/\/toufflers.fr\/","logo":{"@type":"ImageObject","inLanguage":"fr-FR","@id":"https:\/\/toufflers.fr\/#\/schema\/logo\/image\/","url":"https:\/\/toufflers.fr\/wp-content\/uploads\/2024\/02\/Logo-site.png","contentUrl":"https:\/\/toufflers.fr\/wp-content\/uploads\/2024\/02\/Logo-site.png","width":2560,"height":721,"caption":"Toufflers"},"image":{"@id":"https:\/\/toufflers.fr\/#\/schema\/logo\/image\/"},"sameAs":["https:\/\/www.facebook.com\/people\/Mairie-de-Toufflers\/100064872632846\/?fref=ts"]}]}},"_links":{"self":[{"href":"https:\/\/toufflers.fr\/index.php\/wp-json\/wp\/v2\/pages\/2547","targetHints":{"allow":["GET"]}}],"collection":[{"href":"https:\/\/toufflers.fr\/index.php\/wp-json\/wp\/v2\/pages"}],"about":[{"href":"https:\/\/toufflers.fr\/index.php\/wp-json\/wp\/v2\/types\/page"}],"author":[{"embeddable":true,"href":"https:\/\/toufflers.fr\/index.php\/wp-json\/wp\/v2\/users\/2"}],"replies":[{"embeddable":true,"href":"https:\/\/toufflers.fr\/index.php\/wp-json\/wp\/v2\/comments?post=2547"}],"version-history":[{"count":1,"href":"https:\/\/toufflers.fr\/index.php\/wp-json\/wp\/v2\/pages\/2547\/revisions"}],"predecessor-version":[{"id":6094,"href":"https:\/\/toufflers.fr\/index.php\/wp-json\/wp\/v2\/pages\/2547\/revisions\/6094"}],"wp:attachment":[{"href":"https:\/\/toufflers.fr\/index.php\/wp-json\/wp\/v2\/media?parent=2547"}],"curies":[{"name":"wp","href":"https:\/\/api.w.org\/{rel}","templated":true}]}}