{"id":2527,"date":"2020-04-28T15:30:54","date_gmt":"2020-04-28T13:30:54","guid":{"rendered":"http:\/\/toufflers.fr\/?page_id=2527"},"modified":"2026-04-20T16:49:09","modified_gmt":"2026-04-20T14:49:09","slug":"ados","status":"publish","type":"page","link":"https:\/\/toufflers.fr\/index.php\/ados\/","title":{"rendered":"Ados"},"content":{"rendered":"[spb_text_block animation=&#8221;none&#8221; animation_delay=&#8221;0&#8243; simplified_controls=&#8221;yes&#8221; custom_css_percentage=&#8221;no&#8221; padding_vertical=&#8221;0&#8243; padding_horizontal=&#8221;0&#8243; margin_vertical=&#8221;0&#8243; custom_css=&#8221;margin-top: 0px;margin-bottom: 0px;&#8221; border_size=&#8221;0&#8243; border_styling_global=&#8221;default&#8221; width=&#8221;1\/1&#8243; el_position=&#8221;first last&#8221;]\n<p>La Mairie de Toufflers propose aux jeunes ados diff\u00e9rents temps d\u2019accueil, adapt\u00e9s \u00e0 leur \u00e2ge et \u00e0 leurs besoins. Tout au long de l\u2019ann\u00e9e, la <strong>Maison des Jeunes<\/strong> accueille les coll\u00e9giens en p\u00e9riode scolaire, le <strong>Centre Ados<\/strong> prend le relais pendant les vacances, compl\u00e9t\u00e9 par les <strong>Soir\u00e9es Ados<\/strong> organis\u00e9es \u00e0 diff\u00e9rents moments de l\u2019ann\u00e9e. Ce sont des lieux de loisirs, d\u2019\u00e9changes et de d\u00e9couverte, favorisant la convivialit\u00e9, l\u2019autonomie et l\u2019\u00e9panouissement des jeunes.<\/p>\n<hr \/>\n<p><strong>La Maison des Jeunes de Toufflers <\/strong>(P\u00e9riode scolaire)<\/p>\n<p>La Maison des Jeunes, g\u00e9r\u00e9e par la Mairie de Toufflers, accueille les jeunes mineurs \u00e0 partir de la 6\u1d49 pendant les p\u00e9riodes scolaires, selon les horaires d\u2019ouverture.<br \/>\nUne fiche d\u2019inscription est obligatoire pour chaque accueil.<\/p>\n<p>Les jeunes adh\u00e9rents peuvent aller et venir librement pendant les horaires de fonctionnement.<\/p>\n<p><strong>Adresse :<\/strong><br \/>\nMaison des Jeunes \u2013 56, rue de l\u2019\u00c9glise<\/p>\n<p><strong>Horaires d\u2019ouverture : <\/strong>(Hors jours f\u00e9ri\u00e9s et vacances scolaires)<\/p>\n<ul>\n<li>Mardi : 17h30 \u2013 19h30<\/li>\n<li>Vendredi : 17h30 \u2013 19h30<br \/>\nUne nocturne et une sortie sont organis\u00e9es chaque p\u00e9riode. Une participation financi\u00e8re est demand\u00e9e pour l\u2019inscription aux sorties.<\/li>\n<\/ul>\n<p><strong>Inscription :<\/strong><br \/>\nSur place, aupr\u00e8s de Sandie durant les horaires d\u2019ouverture.<br \/>\nCotisation annuelle : 30 \u20ac<\/p>\n<p>\ud83d\udce7 Contact : <a href=\"mailto:sandie@toufflers.fr\">sandie@toufflers.fr<\/a><\/p>\n<p>&nbsp;<\/p>\n<p><strong>Le Centre Ados <\/strong>(Vacances scolaires)<\/p>\n<p>Durant les vacances scolaires, la Mairie de Toufflers propose un<strong> Centre Ados<\/strong>.<br \/>\nCe service est ouvert aux jeunes coll\u00e9giens sur inscription via le logiciel <em>MyP\u00e9rischool<\/em>.<br \/>\nLe Centre Ados fonctionne sur un forfait \u00e0 la semaine. <strong><u>Le nombre de places est limit\u00e9.<\/u><\/strong><\/p>\n<p><strong>Adresse :<\/strong><br \/>\nMaison des Jeunes \u2013 56, rue de l\u2019\u00c9glise<\/p>\n<p><strong>Horaires d\u2019ouverture :<\/strong><\/p>\n<p>Du lundi <strong>au jeudi de 13h30 \u00e0 17h, et le vendredi de 9h \u00e0 17h (pique-nique \u00e0 pr\u00e9voir par les parents)<\/strong> durant les vacances scolaires (sauf pendant les vacances de No\u00ebl). Aucune sortie n\u2019est autoris\u00e9e avant 17h.<\/p>\n<p><strong>Au programme :<\/strong><br \/>\nActivit\u00e9s sportives, manuelles, cuisine, jeux, sorties, etc.<\/p>\n<p>En raison d\u2019\u00e9ventuelles sorties en Belgique ou en transport en commun, le jeune devra obligatoirement \u00eatre muni :<\/p>\n<ul>\n<li>d\u2019une carte d\u2019identit\u00e9<\/li>\n<li>d\u2019une carte de transport <strong>PASS PASS Il\u00e9via<\/strong> (gratuite pour les jeunes de moins de 18 ans r\u00e9sidant dans la MEL). Plus d\u2019infos : <a href=\"https:\/\/www.ilevia.fr\/boutique\/tout-le-catalogue\/titre-moins-de-18-ans\">https:\/\/www.ilevia.fr\/boutique\/tout-le-catalogue\/titre-moins-de-18-ans<\/a><\/li>\n<\/ul>\n<p>\ud83d\udce7 Contact : <a href=\"mailto:regies@toufflers.fr\">regies@toufflers.fr<\/a><\/p>\n<p>&nbsp;<\/p>\n<p><strong>Les Soir\u00e9es Jeunes <\/strong>(2 par an)<\/p>\n<p>La Mairie de Toufflers propose aux adolescents des soir\u00e9es conviviales. Certains rendez-vous sont devenus incontournables, comme la soir\u00e9e \u00ab Halloween \u00bb, tandis que d\u2019autres apportent une touche d\u2019originalit\u00e9.<\/p>\n<p>Ces soir\u00e9es se d\u00e9roulent dans la salle de la Ch\u00eanaie, o\u00f9 les jeunes peuvent se retrouver pour danser et s\u2019amuser, sous la surveillance bienveillante des \u00e9lus, et des employ\u00e9s du service jeunesse. Bonbons, g\u00e2teaux et boissons sont inclus dans le prix d\u2019entr\u00e9e tout au long de la soir\u00e9e.<br \/>\nToutes les dates et informations sont annonc\u00e9es dans le bulletin municipal.<\/p>\n<p>\ud83d\udce7 Contact : <a href=\"mailto:sandie@toufflers.fr\">sandie@toufflers.fr<\/a><\/p>\n<p>&nbsp;<\/p>\n[\/spb_text_block]\n","protected":false},"excerpt":{"rendered":"<p>[spb_text_block animation=&#8221;none&#8221; animation_delay=&#8221;0&#8243; simplified_controls=&#8221;yes&#8221; custom_css_percentage=&#8221;no&#8221; padding_vertical=&#8221;0&#8243; padding_horizontal=&#8221;0&#8243; margin_vertical=&#8221;0&#8243; custom_css=&#8221;margin-top: 0px;margin-bottom: 0px;&#8221; border_size=&#8221;0&#8243; border_styling_global=&#8221;default&#8221; width=&#8221;1\/1&#8243; el_position=&#8221;first last&#8221;] La Mairie de Toufflers propose aux jeunes ados diff\u00e9rents temps d\u2019accueil, adapt\u00e9s \u00e0 leur \u00e2ge et \u00e0 leurs besoins. Tout au long de l\u2019ann\u00e9e, la Maison des Jeunes accueille les coll\u00e9giens en p\u00e9riode scolaire, le Centre Ados prend le relais pendant les vacances, compl\u00e9t\u00e9 [&hellip;]<\/p>\n","protected":false},"author":1,"featured_media":0,"parent":0,"menu_order":0,"comment_status":"closed","ping_status":"closed","template":"","meta":{"footnotes":""},"class_list":["post-2527","page","type-page","status-publish","hentry"],"yoast_head":"<!-- This site is optimized with the Yoast SEO plugin v27.4 - https:\/\/yoast.com\/product\/yoast-seo-wordpress\/ -->\n<title>Ados - Toufflers<\/title>\n<meta name=\"robots\" content=\"index, follow, max-snippet:-1, max-image-preview:large, max-video-preview:-1\" \/>\n<link rel=\"canonical\" href=\"https:\/\/toufflers.fr\/index.php\/ados\/\" \/>\n<meta property=\"og:locale\" content=\"fr_FR\" \/>\n<meta property=\"og:type\" content=\"article\" \/>\n<meta property=\"og:title\" content=\"Ados - Toufflers\" \/>\n<meta property=\"og:description\" content=\"[spb_text_block animation=&#8221;none&#8221; animation_delay=&#8221;0&#8243; simplified_controls=&#8221;yes&#8221; custom_css_percentage=&#8221;no&#8221; padding_vertical=&#8221;0&#8243; padding_horizontal=&#8221;0&#8243; margin_vertical=&#8221;0&#8243; custom_css=&#8221;margin-top: 0px;margin-bottom: 0px;&#8221; border_size=&#8221;0&#8243; border_styling_global=&#8221;default&#8221; width=&#8221;1\/1&#8243; el_position=&#8221;first last&#8221;] La Mairie de Toufflers propose aux jeunes ados diff\u00e9rents temps d\u2019accueil, adapt\u00e9s \u00e0 leur \u00e2ge et \u00e0 leurs besoins. Tout au long de l\u2019ann\u00e9e, la Maison des Jeunes accueille les coll\u00e9giens en p\u00e9riode scolaire, le Centre Ados prend le relais pendant les vacances, compl\u00e9t\u00e9 [&hellip;]\" \/>\n<meta property=\"og:url\" content=\"https:\/\/toufflers.fr\/index.php\/ados\/\" \/>\n<meta property=\"og:site_name\" content=\"Toufflers\" \/>\n<meta property=\"article:publisher\" content=\"https:\/\/www.facebook.com\/people\/Mairie-de-Toufflers\/100064872632846\/?fref=ts\" \/>\n<meta property=\"article:modified_time\" content=\"2026-04-20T14:49:09+00:00\" \/>\n<meta name=\"twitter:card\" content=\"summary_large_image\" \/>\n<meta name=\"twitter:label1\" content=\"Dur\u00e9e de lecture estim\u00e9e\" \/>\n\t<meta name=\"twitter:data1\" content=\"3 minutes\" \/>\n<script type=\"application\/ld+json\" class=\"yoast-schema-graph\">{\"@context\":\"https:\\\/\\\/schema.org\",\"@graph\":[{\"@type\":\"WebPage\",\"@id\":\"https:\\\/\\\/toufflers.fr\\\/index.php\\\/ados\\\/\",\"url\":\"https:\\\/\\\/toufflers.fr\\\/index.php\\\/ados\\\/\",\"name\":\"Ados - Toufflers\",\"isPartOf\":{\"@id\":\"https:\\\/\\\/toufflers.fr\\\/#website\"},\"datePublished\":\"2020-04-28T13:30:54+00:00\",\"dateModified\":\"2026-04-20T14:49:09+00:00\",\"breadcrumb\":{\"@id\":\"https:\\\/\\\/toufflers.fr\\\/index.php\\\/ados\\\/#breadcrumb\"},\"inLanguage\":\"fr-FR\",\"potentialAction\":[{\"@type\":\"ReadAction\",\"target\":[\"https:\\\/\\\/toufflers.fr\\\/index.php\\\/ados\\\/\"]}]},{\"@type\":\"BreadcrumbList\",\"@id\":\"https:\\\/\\\/toufflers.fr\\\/index.php\\\/ados\\\/#breadcrumb\",\"itemListElement\":[{\"@type\":\"ListItem\",\"position\":1,\"name\":\"Accueil\",\"item\":\"https:\\\/\\\/toufflers.fr\\\/\"},{\"@type\":\"ListItem\",\"position\":2,\"name\":\"Ados\"}]},{\"@type\":\"WebSite\",\"@id\":\"https:\\\/\\\/toufflers.fr\\\/#website\",\"url\":\"https:\\\/\\\/toufflers.fr\\\/\",\"name\":\"Toufflers\",\"description\":\"\",\"publisher\":{\"@id\":\"https:\\\/\\\/toufflers.fr\\\/#organization\"},\"potentialAction\":[{\"@type\":\"SearchAction\",\"target\":{\"@type\":\"EntryPoint\",\"urlTemplate\":\"https:\\\/\\\/toufflers.fr\\\/?s={search_term_string}\"},\"query-input\":{\"@type\":\"PropertyValueSpecification\",\"valueRequired\":true,\"valueName\":\"search_term_string\"}}],\"inLanguage\":\"fr-FR\"},{\"@type\":\"Organization\",\"@id\":\"https:\\\/\\\/toufflers.fr\\\/#organization\",\"name\":\"Toufflers\",\"url\":\"https:\\\/\\\/toufflers.fr\\\/\",\"logo\":{\"@type\":\"ImageObject\",\"inLanguage\":\"fr-FR\",\"@id\":\"https:\\\/\\\/toufflers.fr\\\/#\\\/schema\\\/logo\\\/image\\\/\",\"url\":\"https:\\\/\\\/toufflers.fr\\\/wp-content\\\/uploads\\\/2024\\\/02\\\/Logo-site.png\",\"contentUrl\":\"https:\\\/\\\/toufflers.fr\\\/wp-content\\\/uploads\\\/2024\\\/02\\\/Logo-site.png\",\"width\":2560,\"height\":721,\"caption\":\"Toufflers\"},\"image\":{\"@id\":\"https:\\\/\\\/toufflers.fr\\\/#\\\/schema\\\/logo\\\/image\\\/\"},\"sameAs\":[\"https:\\\/\\\/www.facebook.com\\\/people\\\/Mairie-de-Toufflers\\\/100064872632846\\\/?fref=ts\"]}]}<\/script>\n<!-- \/ Yoast SEO plugin. -->","yoast_head_json":{"title":"Ados - Toufflers","robots":{"index":"index","follow":"follow","max-snippet":"max-snippet:-1","max-image-preview":"max-image-preview:large","max-video-preview":"max-video-preview:-1"},"canonical":"https:\/\/toufflers.fr\/index.php\/ados\/","og_locale":"fr_FR","og_type":"article","og_title":"Ados - Toufflers","og_description":"[spb_text_block animation=&#8221;none&#8221; animation_delay=&#8221;0&#8243; simplified_controls=&#8221;yes&#8221; custom_css_percentage=&#8221;no&#8221; padding_vertical=&#8221;0&#8243; padding_horizontal=&#8221;0&#8243; margin_vertical=&#8221;0&#8243; custom_css=&#8221;margin-top: 0px;margin-bottom: 0px;&#8221; border_size=&#8221;0&#8243; border_styling_global=&#8221;default&#8221; width=&#8221;1\/1&#8243; el_position=&#8221;first last&#8221;] La Mairie de Toufflers propose aux jeunes ados diff\u00e9rents temps d\u2019accueil, adapt\u00e9s \u00e0 leur \u00e2ge et \u00e0 leurs besoins. Tout au long de l\u2019ann\u00e9e, la Maison des Jeunes accueille les coll\u00e9giens en p\u00e9riode scolaire, le Centre Ados prend le relais pendant les vacances, compl\u00e9t\u00e9 [&hellip;]","og_url":"https:\/\/toufflers.fr\/index.php\/ados\/","og_site_name":"Toufflers","article_publisher":"https:\/\/www.facebook.com\/people\/Mairie-de-Toufflers\/100064872632846\/?fref=ts","article_modified_time":"2026-04-20T14:49:09+00:00","twitter_card":"summary_large_image","twitter_misc":{"Dur\u00e9e de lecture estim\u00e9e":"3 minutes"},"schema":{"@context":"https:\/\/schema.org","@graph":[{"@type":"WebPage","@id":"https:\/\/toufflers.fr\/index.php\/ados\/","url":"https:\/\/toufflers.fr\/index.php\/ados\/","name":"Ados - Toufflers","isPartOf":{"@id":"https:\/\/toufflers.fr\/#website"},"datePublished":"2020-04-28T13:30:54+00:00","dateModified":"2026-04-20T14:49:09+00:00","breadcrumb":{"@id":"https:\/\/toufflers.fr\/index.php\/ados\/#breadcrumb"},"inLanguage":"fr-FR","potentialAction":[{"@type":"ReadAction","target":["https:\/\/toufflers.fr\/index.php\/ados\/"]}]},{"@type":"BreadcrumbList","@id":"https:\/\/toufflers.fr\/index.php\/ados\/#breadcrumb","itemListElement":[{"@type":"ListItem","position":1,"name":"Accueil","item":"https:\/\/toufflers.fr\/"},{"@type":"ListItem","position":2,"name":"Ados"}]},{"@type":"WebSite","@id":"https:\/\/toufflers.fr\/#website","url":"https:\/\/toufflers.fr\/","name":"Toufflers","description":"","publisher":{"@id":"https:\/\/toufflers.fr\/#organization"},"potentialAction":[{"@type":"SearchAction","target":{"@type":"EntryPoint","urlTemplate":"https:\/\/toufflers.fr\/?s={search_term_string}"},"query-input":{"@type":"PropertyValueSpecification","valueRequired":true,"valueName":"search_term_string"}}],"inLanguage":"fr-FR"},{"@type":"Organization","@id":"https:\/\/toufflers.fr\/#organization","name":"Toufflers","url":"https:\/\/toufflers.fr\/","logo":{"@type":"ImageObject","inLanguage":"fr-FR","@id":"https:\/\/toufflers.fr\/#\/schema\/logo\/image\/","url":"https:\/\/toufflers.fr\/wp-content\/uploads\/2024\/02\/Logo-site.png","contentUrl":"https:\/\/toufflers.fr\/wp-content\/uploads\/2024\/02\/Logo-site.png","width":2560,"height":721,"caption":"Toufflers"},"image":{"@id":"https:\/\/toufflers.fr\/#\/schema\/logo\/image\/"},"sameAs":["https:\/\/www.facebook.com\/people\/Mairie-de-Toufflers\/100064872632846\/?fref=ts"]}]}},"_links":{"self":[{"href":"https:\/\/toufflers.fr\/index.php\/wp-json\/wp\/v2\/pages\/2527","targetHints":{"allow":["GET"]}}],"collection":[{"href":"https:\/\/toufflers.fr\/index.php\/wp-json\/wp\/v2\/pages"}],"about":[{"href":"https:\/\/toufflers.fr\/index.php\/wp-json\/wp\/v2\/types\/page"}],"author":[{"embeddable":true,"href":"https:\/\/toufflers.fr\/index.php\/wp-json\/wp\/v2\/users\/1"}],"replies":[{"embeddable":true,"href":"https:\/\/toufflers.fr\/index.php\/wp-json\/wp\/v2\/comments?post=2527"}],"version-history":[{"count":5,"href":"https:\/\/toufflers.fr\/index.php\/wp-json\/wp\/v2\/pages\/2527\/revisions"}],"predecessor-version":[{"id":7673,"href":"https:\/\/toufflers.fr\/index.php\/wp-json\/wp\/v2\/pages\/2527\/revisions\/7673"}],"wp:attachment":[{"href":"https:\/\/toufflers.fr\/index.php\/wp-json\/wp\/v2\/media?parent=2527"}],"curies":[{"name":"wp","href":"https:\/\/api.w.org\/{rel}","templated":true}]}}