{"id":2510,"date":"2020-04-21T14:53:03","date_gmt":"2020-04-21T12:53:03","guid":{"rendered":"http:\/\/toufflers.fr\/?page_id=2510"},"modified":"2024-02-06T10:57:35","modified_gmt":"2024-02-06T09:57:35","slug":"mission-locale","status":"publish","type":"page","link":"https:\/\/toufflers.fr\/index.php\/mission-locale\/","title":{"rendered":"Mission Locale"},"content":{"rendered":"<p>Si vous avez entre <b>16 et 25 ans<\/b>, la <b>Mission Locale Val de Marque<\/b> vous accueille et vous met en relation avec un conseiller unique. Ce conseiller vous proposera une \u00e9coute et un <b>accompagnement individualis\u00e9<\/b> afin de vous aider dans votre parcours d\u2019<b>insertion sociale et professionnelle<\/b> : recherche d\u2019emploi, formation, orientation,\u2026 ainsi que dans vos probl\u00e9matiques personnelles en lien avec la sant\u00e9, le logement, la mobilit\u00e9 europ\u00e9enne, la citoyennet\u00e9,\u2026<\/p>\n<div class=\"entry-content clearfix\">\n<div id=\"modal-ready\">\n<div class=\"bloctexte\">\n<div class=\"su-row\">\n<div class=\"su-column su-column-size-1-4\">\n<div class=\"su-column-inner su-clearfix\"><b>Du lundi au jeudi : 8h30 \u2013 16h30<\/b><\/div>\n<\/div>\n<\/div>\n<p><b>Vendredi : 8h30 \u2013 12h00<\/b><\/p>\n<p><a href=\"http:\/\/www.mde-valdemarque.fr\" target=\"_blank\" rel=\"noopener noreferrer\">www.mde-valdemarque.fr<\/a><\/p>\n<\/div>\n<div class=\"bloctexte\">\n<p><b>GIP AGIRE Parvis Berthelot \u2013 59510 HEM \u2013 03.20.66.70.75<\/b><\/p>\n<hr \/>\n<h4 class=\"fusion-responsive-typography-calculated\" style=\"--fontsize: 18; line-height: 1.4; --minfontsize: 18;\" data-fontsize=\"18\" data-lineheight=\"25.2px\">Le CLAP : Comit\u00e9 Local d\u2019Aide Aux Projets<\/h4>\n<p>Vous avez entre <b>18 et 30 ans<\/b> et vous souhaitez cr\u00e9er votre entreprise ? Le CLAP vous accompagne dans cette d\u00e9marche de fa\u00e7on personnalis\u00e9e.<\/p>\n<p><a href=\"https:\/\/www.clap-metropole-lilloise.fr\/index.php\/les-clap-de-la-metropole-lilloise\/clap-val-de-marque\" target=\"_blank\" rel=\"noopener noreferrer\">Site du CLAP<\/a><\/p>\n<\/div>\n<\/div>\n<\/div>\n","protected":false},"excerpt":{"rendered":"<p>Si vous avez entre 16 et 25 ans, la Mission Locale Val de Marque vous accueille et vous met en relation avec un conseiller unique. Ce conseiller vous proposera une \u00e9coute et un accompagnement individualis\u00e9 afin de vous aider dans votre parcours d\u2019insertion sociale et professionnelle : recherche d\u2019emploi, formation, orientation,\u2026 ainsi que dans vos probl\u00e9matiques personnelles en lien avec [&hellip;]<\/p>\n","protected":false},"author":1,"featured_media":0,"parent":0,"menu_order":0,"comment_status":"closed","ping_status":"closed","template":"","meta":{"footnotes":""},"class_list":["post-2510","page","type-page","status-publish","hentry"],"yoast_head":"<!-- This site is optimized with the Yoast SEO plugin v27.3 - https:\/\/yoast.com\/product\/yoast-seo-wordpress\/ -->\n<title>Mission Locale - Toufflers<\/title>\n<meta name=\"robots\" content=\"index, follow, max-snippet:-1, max-image-preview:large, max-video-preview:-1\" \/>\n<link rel=\"canonical\" href=\"https:\/\/toufflers.fr\/index.php\/mission-locale\/\" \/>\n<meta property=\"og:locale\" content=\"fr_FR\" \/>\n<meta property=\"og:type\" content=\"article\" \/>\n<meta property=\"og:title\" content=\"Mission Locale - Toufflers\" \/>\n<meta property=\"og:description\" content=\"Si vous avez entre 16 et 25 ans, la Mission Locale Val de Marque vous accueille et vous met en relation avec un conseiller unique. Ce conseiller vous proposera une \u00e9coute et un accompagnement individualis\u00e9 afin de vous aider dans votre parcours d\u2019insertion sociale et professionnelle : recherche d\u2019emploi, formation, orientation,\u2026 ainsi que dans vos probl\u00e9matiques personnelles en lien avec [&hellip;]\" \/>\n<meta property=\"og:url\" content=\"https:\/\/toufflers.fr\/index.php\/mission-locale\/\" \/>\n<meta property=\"og:site_name\" content=\"Toufflers\" \/>\n<meta property=\"article:publisher\" content=\"https:\/\/www.facebook.com\/people\/Mairie-de-Toufflers\/100064872632846\/?fref=ts\" \/>\n<meta property=\"article:modified_time\" content=\"2024-02-06T09:57:35+00:00\" \/>\n<meta name=\"twitter:card\" content=\"summary_large_image\" \/>\n<meta name=\"twitter:label1\" content=\"Dur\u00e9e de lecture estim\u00e9e\" \/>\n\t<meta name=\"twitter:data1\" content=\"1 minute\" \/>\n<script type=\"application\/ld+json\" class=\"yoast-schema-graph\">{\"@context\":\"https:\\\/\\\/schema.org\",\"@graph\":[{\"@type\":\"WebPage\",\"@id\":\"https:\\\/\\\/toufflers.fr\\\/index.php\\\/mission-locale\\\/\",\"url\":\"https:\\\/\\\/toufflers.fr\\\/index.php\\\/mission-locale\\\/\",\"name\":\"Mission Locale - Toufflers\",\"isPartOf\":{\"@id\":\"https:\\\/\\\/toufflers.fr\\\/#website\"},\"datePublished\":\"2020-04-21T12:53:03+00:00\",\"dateModified\":\"2024-02-06T09:57:35+00:00\",\"breadcrumb\":{\"@id\":\"https:\\\/\\\/toufflers.fr\\\/index.php\\\/mission-locale\\\/#breadcrumb\"},\"inLanguage\":\"fr-FR\",\"potentialAction\":[{\"@type\":\"ReadAction\",\"target\":[\"https:\\\/\\\/toufflers.fr\\\/index.php\\\/mission-locale\\\/\"]}]},{\"@type\":\"BreadcrumbList\",\"@id\":\"https:\\\/\\\/toufflers.fr\\\/index.php\\\/mission-locale\\\/#breadcrumb\",\"itemListElement\":[{\"@type\":\"ListItem\",\"position\":1,\"name\":\"Accueil\",\"item\":\"https:\\\/\\\/toufflers.fr\\\/\"},{\"@type\":\"ListItem\",\"position\":2,\"name\":\"Mission Locale\"}]},{\"@type\":\"WebSite\",\"@id\":\"https:\\\/\\\/toufflers.fr\\\/#website\",\"url\":\"https:\\\/\\\/toufflers.fr\\\/\",\"name\":\"Toufflers\",\"description\":\"\",\"publisher\":{\"@id\":\"https:\\\/\\\/toufflers.fr\\\/#organization\"},\"potentialAction\":[{\"@type\":\"SearchAction\",\"target\":{\"@type\":\"EntryPoint\",\"urlTemplate\":\"https:\\\/\\\/toufflers.fr\\\/?s={search_term_string}\"},\"query-input\":{\"@type\":\"PropertyValueSpecification\",\"valueRequired\":true,\"valueName\":\"search_term_string\"}}],\"inLanguage\":\"fr-FR\"},{\"@type\":\"Organization\",\"@id\":\"https:\\\/\\\/toufflers.fr\\\/#organization\",\"name\":\"Toufflers\",\"url\":\"https:\\\/\\\/toufflers.fr\\\/\",\"logo\":{\"@type\":\"ImageObject\",\"inLanguage\":\"fr-FR\",\"@id\":\"https:\\\/\\\/toufflers.fr\\\/#\\\/schema\\\/logo\\\/image\\\/\",\"url\":\"https:\\\/\\\/toufflers.fr\\\/wp-content\\\/uploads\\\/2024\\\/02\\\/Logo-site.png\",\"contentUrl\":\"https:\\\/\\\/toufflers.fr\\\/wp-content\\\/uploads\\\/2024\\\/02\\\/Logo-site.png\",\"width\":2560,\"height\":721,\"caption\":\"Toufflers\"},\"image\":{\"@id\":\"https:\\\/\\\/toufflers.fr\\\/#\\\/schema\\\/logo\\\/image\\\/\"},\"sameAs\":[\"https:\\\/\\\/www.facebook.com\\\/people\\\/Mairie-de-Toufflers\\\/100064872632846\\\/?fref=ts\"]}]}<\/script>\n<!-- \/ Yoast SEO plugin. -->","yoast_head_json":{"title":"Mission Locale - Toufflers","robots":{"index":"index","follow":"follow","max-snippet":"max-snippet:-1","max-image-preview":"max-image-preview:large","max-video-preview":"max-video-preview:-1"},"canonical":"https:\/\/toufflers.fr\/index.php\/mission-locale\/","og_locale":"fr_FR","og_type":"article","og_title":"Mission Locale - Toufflers","og_description":"Si vous avez entre 16 et 25 ans, la Mission Locale Val de Marque vous accueille et vous met en relation avec un conseiller unique. Ce conseiller vous proposera une \u00e9coute et un accompagnement individualis\u00e9 afin de vous aider dans votre parcours d\u2019insertion sociale et professionnelle : recherche d\u2019emploi, formation, orientation,\u2026 ainsi que dans vos probl\u00e9matiques personnelles en lien avec [&hellip;]","og_url":"https:\/\/toufflers.fr\/index.php\/mission-locale\/","og_site_name":"Toufflers","article_publisher":"https:\/\/www.facebook.com\/people\/Mairie-de-Toufflers\/100064872632846\/?fref=ts","article_modified_time":"2024-02-06T09:57:35+00:00","twitter_card":"summary_large_image","twitter_misc":{"Dur\u00e9e de lecture estim\u00e9e":"1 minute"},"schema":{"@context":"https:\/\/schema.org","@graph":[{"@type":"WebPage","@id":"https:\/\/toufflers.fr\/index.php\/mission-locale\/","url":"https:\/\/toufflers.fr\/index.php\/mission-locale\/","name":"Mission Locale - Toufflers","isPartOf":{"@id":"https:\/\/toufflers.fr\/#website"},"datePublished":"2020-04-21T12:53:03+00:00","dateModified":"2024-02-06T09:57:35+00:00","breadcrumb":{"@id":"https:\/\/toufflers.fr\/index.php\/mission-locale\/#breadcrumb"},"inLanguage":"fr-FR","potentialAction":[{"@type":"ReadAction","target":["https:\/\/toufflers.fr\/index.php\/mission-locale\/"]}]},{"@type":"BreadcrumbList","@id":"https:\/\/toufflers.fr\/index.php\/mission-locale\/#breadcrumb","itemListElement":[{"@type":"ListItem","position":1,"name":"Accueil","item":"https:\/\/toufflers.fr\/"},{"@type":"ListItem","position":2,"name":"Mission Locale"}]},{"@type":"WebSite","@id":"https:\/\/toufflers.fr\/#website","url":"https:\/\/toufflers.fr\/","name":"Toufflers","description":"","publisher":{"@id":"https:\/\/toufflers.fr\/#organization"},"potentialAction":[{"@type":"SearchAction","target":{"@type":"EntryPoint","urlTemplate":"https:\/\/toufflers.fr\/?s={search_term_string}"},"query-input":{"@type":"PropertyValueSpecification","valueRequired":true,"valueName":"search_term_string"}}],"inLanguage":"fr-FR"},{"@type":"Organization","@id":"https:\/\/toufflers.fr\/#organization","name":"Toufflers","url":"https:\/\/toufflers.fr\/","logo":{"@type":"ImageObject","inLanguage":"fr-FR","@id":"https:\/\/toufflers.fr\/#\/schema\/logo\/image\/","url":"https:\/\/toufflers.fr\/wp-content\/uploads\/2024\/02\/Logo-site.png","contentUrl":"https:\/\/toufflers.fr\/wp-content\/uploads\/2024\/02\/Logo-site.png","width":2560,"height":721,"caption":"Toufflers"},"image":{"@id":"https:\/\/toufflers.fr\/#\/schema\/logo\/image\/"},"sameAs":["https:\/\/www.facebook.com\/people\/Mairie-de-Toufflers\/100064872632846\/?fref=ts"]}]}},"_links":{"self":[{"href":"https:\/\/toufflers.fr\/index.php\/wp-json\/wp\/v2\/pages\/2510","targetHints":{"allow":["GET"]}}],"collection":[{"href":"https:\/\/toufflers.fr\/index.php\/wp-json\/wp\/v2\/pages"}],"about":[{"href":"https:\/\/toufflers.fr\/index.php\/wp-json\/wp\/v2\/types\/page"}],"author":[{"embeddable":true,"href":"https:\/\/toufflers.fr\/index.php\/wp-json\/wp\/v2\/users\/1"}],"replies":[{"embeddable":true,"href":"https:\/\/toufflers.fr\/index.php\/wp-json\/wp\/v2\/comments?post=2510"}],"version-history":[{"count":2,"href":"https:\/\/toufflers.fr\/index.php\/wp-json\/wp\/v2\/pages\/2510\/revisions"}],"predecessor-version":[{"id":6077,"href":"https:\/\/toufflers.fr\/index.php\/wp-json\/wp\/v2\/pages\/2510\/revisions\/6077"}],"wp:attachment":[{"href":"https:\/\/toufflers.fr\/index.php\/wp-json\/wp\/v2\/media?parent=2510"}],"curies":[{"name":"wp","href":"https:\/\/api.w.org\/{rel}","templated":true}]}}