{"id":2496,"date":"2020-04-21T14:45:37","date_gmt":"2020-04-21T12:45:37","guid":{"rendered":"http:\/\/toufflers.fr\/?page_id=2496"},"modified":"2026-04-19T17:30:06","modified_gmt":"2026-04-19T15:30:06","slug":"registre-personnes-fragile","status":"publish","type":"page","link":"https:\/\/toufflers.fr\/index.php\/registre-personnes-fragile\/","title":{"rendered":"Registre personnes fragiles"},"content":{"rendered":"[spb_text_block animation=&#8221;none&#8221; animation_delay=&#8221;0&#8243; simplified_controls=&#8221;yes&#8221; custom_css_percentage=&#8221;no&#8221; padding_vertical=&#8221;0&#8243; padding_horizontal=&#8221;0&#8243; margin_vertical=&#8221;0&#8243; custom_css=&#8221;margin-top: 0px;margin-bottom: 0px;&#8221; border_size=&#8221;0&#8243; border_styling_global=&#8221;default&#8221; width=&#8221;1\/1&#8243; el_position=&#8221;first last&#8221;]\n<h2>Registre personnes fragiles<\/h2>\n<div class=\"entry-content clearfix\">\n<div id=\"modal-ready\">\n<div class=\"bloctexte\">\n<h4>Le Registre Communal<\/h4>\n<p>Un recensement des personnes \u00e2g\u00e9es et des personnes handicap\u00e9es ou en grandes difficult\u00e9s isol\u00e9es \u00e0 domicile est<\/p>\n<div id=\"img-registre\"><\/div>\n<p><span style=\"text-decoration: underline;\"><strong>Registre personnes fragiles<\/strong><\/span><\/p>\n<p>Fondamental dans le cadre de la pr\u00e9vention des risques exceptionnels (canicule, fortes intemp\u00e9ries, \u00e9pid\u00e9mies,\u2026) et du d\u00e9clenchement de tout plan d\u2019urgence (plan canicule, grand froid, inondation,\u2026).<\/p>\n<p><b>Un registre est tenu en Mairie afin de localiser au mieux les plus fragiles (loi du 30 juin 2004 relative \u00e0 l\u2019autonomie des personnes \u00e2g\u00e9es et handicap\u00e9es).<\/b><\/p>\n<p>Ce registre a pour finalit\u00e9, en cas de n\u00e9cessit\u00e9 , l\u2019intervention efficace et cibl\u00e9e des services sanitaires et sociaux dans les meilleures conditions aupr\u00e8s des personnes vuln\u00e9rables, fragiles et\/ou isol\u00e9es (personnes \u00e2g\u00e9es, handicap\u00e9es,\u2026)<\/p>\n<p><b>L\u2019inscription sur ce registre est facultative et n\u00e9cessite une d\u00e9marche volontaire des personnes.<br \/>\nSi vous pensez en avoir besoin ou si vous avez connaissance de personnes susceptibles d\u2019\u00eatre concern\u00e9es, n\u2019h\u00e9sitez pas \u00e0 contacter la Mairie au 03.20.75.27.71.<\/b><\/p>\n<p><b><br \/>\n<\/b><span style=\"text-decoration: underline;\"><strong>Plan canicule<\/strong><\/span><\/p>\n<p>Chaque p\u00e9riode estivale, la municipalit\u00e9 met en place un dispositif de surveillance pour pr\u00e9venir les risques en cas de canicule.<\/p>\n<p>En cas de canicule d\u00e9cr\u00e9t\u00e9e par arr\u00eat pr\u00e9fectoral, la municipalit\u00e9 peut prendre de vos nouvelles les jours de fortes chaleurs. Une personne de la Mairie vous appellera chez vous pour s\u2019assurer que vous allez bien. Sans r\u00e9ponse de votre part, elle contactera un de proches dont vous lui aurez donn\u00e9 les coordonn\u00e9es pour qu\u2019il fasse \u00e9ventuellement le n\u00e9cessaire.<\/p>\n<\/div>\n<\/div>\n<\/div>\n[\/spb_text_block]\n","protected":false},"excerpt":{"rendered":"<p>[spb_text_block animation=&#8221;none&#8221; animation_delay=&#8221;0&#8243; simplified_controls=&#8221;yes&#8221; custom_css_percentage=&#8221;no&#8221; padding_vertical=&#8221;0&#8243; padding_horizontal=&#8221;0&#8243; margin_vertical=&#8221;0&#8243; custom_css=&#8221;margin-top: 0px;margin-bottom: 0px;&#8221; border_size=&#8221;0&#8243; border_styling_global=&#8221;default&#8221; width=&#8221;1\/1&#8243; el_position=&#8221;first last&#8221;] Registre personnes fragiles Le Registre Communal Un recensement des personnes \u00e2g\u00e9es et des personnes handicap\u00e9es ou en grandes difficult\u00e9s isol\u00e9es \u00e0 domicile est Registre personnes fragiles Fondamental dans le cadre de la pr\u00e9vention des risques exceptionnels (canicule, fortes intemp\u00e9ries, \u00e9pid\u00e9mies,\u2026) et du d\u00e9clenchement de [&hellip;]<\/p>\n","protected":false},"author":1,"featured_media":0,"parent":0,"menu_order":0,"comment_status":"closed","ping_status":"closed","template":"","meta":{"footnotes":""},"class_list":["post-2496","page","type-page","status-publish","hentry"],"yoast_head":"<!-- This site is optimized with the Yoast SEO plugin v27.5 - https:\/\/yoast.com\/product\/yoast-seo-wordpress\/ -->\n<title>Registre personnes fragiles - Toufflers<\/title>\n<meta name=\"robots\" content=\"index, follow, max-snippet:-1, max-image-preview:large, max-video-preview:-1\" \/>\n<link rel=\"canonical\" href=\"https:\/\/toufflers.fr\/index.php\/registre-personnes-fragile\/\" \/>\n<meta property=\"og:locale\" content=\"fr_FR\" \/>\n<meta property=\"og:type\" content=\"article\" \/>\n<meta property=\"og:title\" content=\"Registre personnes fragiles - Toufflers\" \/>\n<meta property=\"og:description\" content=\"[spb_text_block animation=&#8221;none&#8221; animation_delay=&#8221;0&#8243; simplified_controls=&#8221;yes&#8221; custom_css_percentage=&#8221;no&#8221; padding_vertical=&#8221;0&#8243; padding_horizontal=&#8221;0&#8243; margin_vertical=&#8221;0&#8243; custom_css=&#8221;margin-top: 0px;margin-bottom: 0px;&#8221; border_size=&#8221;0&#8243; border_styling_global=&#8221;default&#8221; width=&#8221;1\/1&#8243; el_position=&#8221;first last&#8221;] Registre personnes fragiles Le Registre Communal Un recensement des personnes \u00e2g\u00e9es et des personnes handicap\u00e9es ou en grandes difficult\u00e9s isol\u00e9es \u00e0 domicile est Registre personnes fragiles Fondamental dans le cadre de la pr\u00e9vention des risques exceptionnels (canicule, fortes intemp\u00e9ries, \u00e9pid\u00e9mies,\u2026) et du d\u00e9clenchement de [&hellip;]\" \/>\n<meta property=\"og:url\" content=\"https:\/\/toufflers.fr\/index.php\/registre-personnes-fragile\/\" \/>\n<meta property=\"og:site_name\" content=\"Toufflers\" \/>\n<meta property=\"article:publisher\" content=\"https:\/\/www.facebook.com\/people\/Mairie-de-Toufflers\/100064872632846\/?fref=ts\" \/>\n<meta property=\"article:modified_time\" content=\"2026-04-19T15:30:06+00:00\" \/>\n<meta name=\"twitter:card\" content=\"summary_large_image\" \/>\n<meta name=\"twitter:label1\" content=\"Dur\u00e9e de lecture estim\u00e9e\" \/>\n\t<meta name=\"twitter:data1\" content=\"2 minutes\" \/>\n<script type=\"application\/ld+json\" class=\"yoast-schema-graph\">{\"@context\":\"https:\\\/\\\/schema.org\",\"@graph\":[{\"@type\":\"WebPage\",\"@id\":\"https:\\\/\\\/toufflers.fr\\\/index.php\\\/registre-personnes-fragile\\\/\",\"url\":\"https:\\\/\\\/toufflers.fr\\\/index.php\\\/registre-personnes-fragile\\\/\",\"name\":\"Registre personnes fragiles - Toufflers\",\"isPartOf\":{\"@id\":\"https:\\\/\\\/toufflers.fr\\\/#website\"},\"datePublished\":\"2020-04-21T12:45:37+00:00\",\"dateModified\":\"2026-04-19T15:30:06+00:00\",\"breadcrumb\":{\"@id\":\"https:\\\/\\\/toufflers.fr\\\/index.php\\\/registre-personnes-fragile\\\/#breadcrumb\"},\"inLanguage\":\"fr-FR\",\"potentialAction\":[{\"@type\":\"ReadAction\",\"target\":[\"https:\\\/\\\/toufflers.fr\\\/index.php\\\/registre-personnes-fragile\\\/\"]}]},{\"@type\":\"BreadcrumbList\",\"@id\":\"https:\\\/\\\/toufflers.fr\\\/index.php\\\/registre-personnes-fragile\\\/#breadcrumb\",\"itemListElement\":[{\"@type\":\"ListItem\",\"position\":1,\"name\":\"Accueil\",\"item\":\"https:\\\/\\\/toufflers.fr\\\/\"},{\"@type\":\"ListItem\",\"position\":2,\"name\":\"Registre personnes fragiles\"}]},{\"@type\":\"WebSite\",\"@id\":\"https:\\\/\\\/toufflers.fr\\\/#website\",\"url\":\"https:\\\/\\\/toufflers.fr\\\/\",\"name\":\"Toufflers\",\"description\":\"\",\"publisher\":{\"@id\":\"https:\\\/\\\/toufflers.fr\\\/#organization\"},\"potentialAction\":[{\"@type\":\"SearchAction\",\"target\":{\"@type\":\"EntryPoint\",\"urlTemplate\":\"https:\\\/\\\/toufflers.fr\\\/?s={search_term_string}\"},\"query-input\":{\"@type\":\"PropertyValueSpecification\",\"valueRequired\":true,\"valueName\":\"search_term_string\"}}],\"inLanguage\":\"fr-FR\"},{\"@type\":\"Organization\",\"@id\":\"https:\\\/\\\/toufflers.fr\\\/#organization\",\"name\":\"Toufflers\",\"url\":\"https:\\\/\\\/toufflers.fr\\\/\",\"logo\":{\"@type\":\"ImageObject\",\"inLanguage\":\"fr-FR\",\"@id\":\"https:\\\/\\\/toufflers.fr\\\/#\\\/schema\\\/logo\\\/image\\\/\",\"url\":\"https:\\\/\\\/toufflers.fr\\\/wp-content\\\/uploads\\\/2024\\\/02\\\/Logo-site.png\",\"contentUrl\":\"https:\\\/\\\/toufflers.fr\\\/wp-content\\\/uploads\\\/2024\\\/02\\\/Logo-site.png\",\"width\":2560,\"height\":721,\"caption\":\"Toufflers\"},\"image\":{\"@id\":\"https:\\\/\\\/toufflers.fr\\\/#\\\/schema\\\/logo\\\/image\\\/\"},\"sameAs\":[\"https:\\\/\\\/www.facebook.com\\\/people\\\/Mairie-de-Toufflers\\\/100064872632846\\\/?fref=ts\"]}]}<\/script>\n<!-- \/ Yoast SEO plugin. -->","yoast_head_json":{"title":"Registre personnes fragiles - Toufflers","robots":{"index":"index","follow":"follow","max-snippet":"max-snippet:-1","max-image-preview":"max-image-preview:large","max-video-preview":"max-video-preview:-1"},"canonical":"https:\/\/toufflers.fr\/index.php\/registre-personnes-fragile\/","og_locale":"fr_FR","og_type":"article","og_title":"Registre personnes fragiles - Toufflers","og_description":"[spb_text_block animation=&#8221;none&#8221; animation_delay=&#8221;0&#8243; simplified_controls=&#8221;yes&#8221; custom_css_percentage=&#8221;no&#8221; padding_vertical=&#8221;0&#8243; padding_horizontal=&#8221;0&#8243; margin_vertical=&#8221;0&#8243; custom_css=&#8221;margin-top: 0px;margin-bottom: 0px;&#8221; border_size=&#8221;0&#8243; border_styling_global=&#8221;default&#8221; width=&#8221;1\/1&#8243; el_position=&#8221;first last&#8221;] Registre personnes fragiles Le Registre Communal Un recensement des personnes \u00e2g\u00e9es et des personnes handicap\u00e9es ou en grandes difficult\u00e9s isol\u00e9es \u00e0 domicile est Registre personnes fragiles Fondamental dans le cadre de la pr\u00e9vention des risques exceptionnels (canicule, fortes intemp\u00e9ries, \u00e9pid\u00e9mies,\u2026) et du d\u00e9clenchement de [&hellip;]","og_url":"https:\/\/toufflers.fr\/index.php\/registre-personnes-fragile\/","og_site_name":"Toufflers","article_publisher":"https:\/\/www.facebook.com\/people\/Mairie-de-Toufflers\/100064872632846\/?fref=ts","article_modified_time":"2026-04-19T15:30:06+00:00","twitter_card":"summary_large_image","twitter_misc":{"Dur\u00e9e de lecture estim\u00e9e":"2 minutes"},"schema":{"@context":"https:\/\/schema.org","@graph":[{"@type":"WebPage","@id":"https:\/\/toufflers.fr\/index.php\/registre-personnes-fragile\/","url":"https:\/\/toufflers.fr\/index.php\/registre-personnes-fragile\/","name":"Registre personnes fragiles - Toufflers","isPartOf":{"@id":"https:\/\/toufflers.fr\/#website"},"datePublished":"2020-04-21T12:45:37+00:00","dateModified":"2026-04-19T15:30:06+00:00","breadcrumb":{"@id":"https:\/\/toufflers.fr\/index.php\/registre-personnes-fragile\/#breadcrumb"},"inLanguage":"fr-FR","potentialAction":[{"@type":"ReadAction","target":["https:\/\/toufflers.fr\/index.php\/registre-personnes-fragile\/"]}]},{"@type":"BreadcrumbList","@id":"https:\/\/toufflers.fr\/index.php\/registre-personnes-fragile\/#breadcrumb","itemListElement":[{"@type":"ListItem","position":1,"name":"Accueil","item":"https:\/\/toufflers.fr\/"},{"@type":"ListItem","position":2,"name":"Registre personnes fragiles"}]},{"@type":"WebSite","@id":"https:\/\/toufflers.fr\/#website","url":"https:\/\/toufflers.fr\/","name":"Toufflers","description":"","publisher":{"@id":"https:\/\/toufflers.fr\/#organization"},"potentialAction":[{"@type":"SearchAction","target":{"@type":"EntryPoint","urlTemplate":"https:\/\/toufflers.fr\/?s={search_term_string}"},"query-input":{"@type":"PropertyValueSpecification","valueRequired":true,"valueName":"search_term_string"}}],"inLanguage":"fr-FR"},{"@type":"Organization","@id":"https:\/\/toufflers.fr\/#organization","name":"Toufflers","url":"https:\/\/toufflers.fr\/","logo":{"@type":"ImageObject","inLanguage":"fr-FR","@id":"https:\/\/toufflers.fr\/#\/schema\/logo\/image\/","url":"https:\/\/toufflers.fr\/wp-content\/uploads\/2024\/02\/Logo-site.png","contentUrl":"https:\/\/toufflers.fr\/wp-content\/uploads\/2024\/02\/Logo-site.png","width":2560,"height":721,"caption":"Toufflers"},"image":{"@id":"https:\/\/toufflers.fr\/#\/schema\/logo\/image\/"},"sameAs":["https:\/\/www.facebook.com\/people\/Mairie-de-Toufflers\/100064872632846\/?fref=ts"]}]}},"_links":{"self":[{"href":"https:\/\/toufflers.fr\/index.php\/wp-json\/wp\/v2\/pages\/2496","targetHints":{"allow":["GET"]}}],"collection":[{"href":"https:\/\/toufflers.fr\/index.php\/wp-json\/wp\/v2\/pages"}],"about":[{"href":"https:\/\/toufflers.fr\/index.php\/wp-json\/wp\/v2\/types\/page"}],"author":[{"embeddable":true,"href":"https:\/\/toufflers.fr\/index.php\/wp-json\/wp\/v2\/users\/1"}],"replies":[{"embeddable":true,"href":"https:\/\/toufflers.fr\/index.php\/wp-json\/wp\/v2\/comments?post=2496"}],"version-history":[{"count":4,"href":"https:\/\/toufflers.fr\/index.php\/wp-json\/wp\/v2\/pages\/2496\/revisions"}],"predecessor-version":[{"id":6768,"href":"https:\/\/toufflers.fr\/index.php\/wp-json\/wp\/v2\/pages\/2496\/revisions\/6768"}],"wp:attachment":[{"href":"https:\/\/toufflers.fr\/index.php\/wp-json\/wp\/v2\/media?parent=2496"}],"curies":[{"name":"wp","href":"https:\/\/api.w.org\/{rel}","templated":true}]}}