{"id":2459,"date":"2020-04-20T16:07:36","date_gmt":"2020-04-20T14:07:36","guid":{"rendered":"http:\/\/toufflers.fr\/?page_id=2459"},"modified":"2026-04-19T17:30:07","modified_gmt":"2026-04-19T15:30:07","slug":"marches-publics","status":"publish","type":"page","link":"https:\/\/toufflers.fr\/index.php\/marches-publics\/","title":{"rendered":"March\u00e9s publics"},"content":{"rendered":"<div><strong>REFECTION SALLE JEAN DEVYS ET CREATION D&#8217;UNE STRUCTURE D&#8217;ESCALADE<\/strong><\/div>\n<div>\n<div>Le dossier de consultation des entreprises est consultable et t\u00e9l\u00e9chargeable gratuitement \u00e0 partir du site :<\/div>\n<div>MARCHES PUBLICS DEMATERIALISES du CDG59 (Centre de Gestion du Nord)<\/div>\n<p><a href=\"https:\/\/marchespublics596280.fr\/app.php\/consultation\/516986?orgAcronyme=50598\" target=\"_blank\" rel=\"noopener noreferrer\">https:\/\/marchespublics596280.fr\/app.php\/consultation\/516986?orgAcronyme=50598<\/a><\/p>\n<\/div>\n<div><\/div>\n","protected":false},"excerpt":{"rendered":"<p>REFECTION SALLE JEAN DEVYS ET CREATION D&#8217;UNE STRUCTURE D&#8217;ESCALADE Le dossier de consultation des entreprises est consultable et t\u00e9l\u00e9chargeable gratuitement \u00e0 partir du site : MARCHES PUBLICS DEMATERIALISES du CDG59 (Centre de Gestion du Nord) https:\/\/marchespublics596280.fr\/app.php\/consultation\/516986?orgAcronyme=50598<\/p>\n","protected":false},"author":1,"featured_media":0,"parent":0,"menu_order":0,"comment_status":"closed","ping_status":"closed","template":"","meta":{"footnotes":""},"class_list":["post-2459","page","type-page","status-publish","hentry"],"yoast_head":"<!-- This site is optimized with the Yoast SEO plugin v27.4 - https:\/\/yoast.com\/product\/yoast-seo-wordpress\/ -->\n<title>March\u00e9s publics - Toufflers<\/title>\n<meta name=\"robots\" content=\"index, follow, max-snippet:-1, max-image-preview:large, max-video-preview:-1\" \/>\n<link rel=\"canonical\" href=\"https:\/\/toufflers.fr\/index.php\/marches-publics\/\" \/>\n<meta property=\"og:locale\" content=\"fr_FR\" \/>\n<meta property=\"og:type\" content=\"article\" \/>\n<meta property=\"og:title\" content=\"March\u00e9s publics - Toufflers\" \/>\n<meta property=\"og:description\" content=\"REFECTION SALLE JEAN DEVYS ET CREATION D&#8217;UNE STRUCTURE D&#8217;ESCALADE Le dossier de consultation des entreprises est consultable et t\u00e9l\u00e9chargeable gratuitement \u00e0 partir du site : MARCHES PUBLICS DEMATERIALISES du CDG59 (Centre de Gestion du Nord) https:\/\/marchespublics596280.fr\/app.php\/consultation\/516986?orgAcronyme=50598\" \/>\n<meta property=\"og:url\" content=\"https:\/\/toufflers.fr\/index.php\/marches-publics\/\" \/>\n<meta property=\"og:site_name\" content=\"Toufflers\" \/>\n<meta property=\"article:publisher\" content=\"https:\/\/www.facebook.com\/people\/Mairie-de-Toufflers\/100064872632846\/?fref=ts\" \/>\n<meta property=\"article:modified_time\" content=\"2026-04-19T15:30:07+00:00\" \/>\n<meta name=\"twitter:card\" content=\"summary_large_image\" \/>\n<meta name=\"twitter:label1\" content=\"Dur\u00e9e de lecture estim\u00e9e\" \/>\n\t<meta name=\"twitter:data1\" content=\"1 minute\" \/>\n<script type=\"application\/ld+json\" class=\"yoast-schema-graph\">{\"@context\":\"https:\\\/\\\/schema.org\",\"@graph\":[{\"@type\":\"WebPage\",\"@id\":\"https:\\\/\\\/toufflers.fr\\\/index.php\\\/marches-publics\\\/\",\"url\":\"https:\\\/\\\/toufflers.fr\\\/index.php\\\/marches-publics\\\/\",\"name\":\"March\u00e9s publics - Toufflers\",\"isPartOf\":{\"@id\":\"https:\\\/\\\/toufflers.fr\\\/#website\"},\"datePublished\":\"2020-04-20T14:07:36+00:00\",\"dateModified\":\"2026-04-19T15:30:07+00:00\",\"breadcrumb\":{\"@id\":\"https:\\\/\\\/toufflers.fr\\\/index.php\\\/marches-publics\\\/#breadcrumb\"},\"inLanguage\":\"fr-FR\",\"potentialAction\":[{\"@type\":\"ReadAction\",\"target\":[\"https:\\\/\\\/toufflers.fr\\\/index.php\\\/marches-publics\\\/\"]}]},{\"@type\":\"BreadcrumbList\",\"@id\":\"https:\\\/\\\/toufflers.fr\\\/index.php\\\/marches-publics\\\/#breadcrumb\",\"itemListElement\":[{\"@type\":\"ListItem\",\"position\":1,\"name\":\"Accueil\",\"item\":\"https:\\\/\\\/toufflers.fr\\\/\"},{\"@type\":\"ListItem\",\"position\":2,\"name\":\"March\u00e9s publics\"}]},{\"@type\":\"WebSite\",\"@id\":\"https:\\\/\\\/toufflers.fr\\\/#website\",\"url\":\"https:\\\/\\\/toufflers.fr\\\/\",\"name\":\"Toufflers\",\"description\":\"\",\"publisher\":{\"@id\":\"https:\\\/\\\/toufflers.fr\\\/#organization\"},\"potentialAction\":[{\"@type\":\"SearchAction\",\"target\":{\"@type\":\"EntryPoint\",\"urlTemplate\":\"https:\\\/\\\/toufflers.fr\\\/?s={search_term_string}\"},\"query-input\":{\"@type\":\"PropertyValueSpecification\",\"valueRequired\":true,\"valueName\":\"search_term_string\"}}],\"inLanguage\":\"fr-FR\"},{\"@type\":\"Organization\",\"@id\":\"https:\\\/\\\/toufflers.fr\\\/#organization\",\"name\":\"Toufflers\",\"url\":\"https:\\\/\\\/toufflers.fr\\\/\",\"logo\":{\"@type\":\"ImageObject\",\"inLanguage\":\"fr-FR\",\"@id\":\"https:\\\/\\\/toufflers.fr\\\/#\\\/schema\\\/logo\\\/image\\\/\",\"url\":\"https:\\\/\\\/toufflers.fr\\\/wp-content\\\/uploads\\\/2024\\\/02\\\/Logo-site.png\",\"contentUrl\":\"https:\\\/\\\/toufflers.fr\\\/wp-content\\\/uploads\\\/2024\\\/02\\\/Logo-site.png\",\"width\":2560,\"height\":721,\"caption\":\"Toufflers\"},\"image\":{\"@id\":\"https:\\\/\\\/toufflers.fr\\\/#\\\/schema\\\/logo\\\/image\\\/\"},\"sameAs\":[\"https:\\\/\\\/www.facebook.com\\\/people\\\/Mairie-de-Toufflers\\\/100064872632846\\\/?fref=ts\"]}]}<\/script>\n<!-- \/ Yoast SEO plugin. -->","yoast_head_json":{"title":"March\u00e9s publics - Toufflers","robots":{"index":"index","follow":"follow","max-snippet":"max-snippet:-1","max-image-preview":"max-image-preview:large","max-video-preview":"max-video-preview:-1"},"canonical":"https:\/\/toufflers.fr\/index.php\/marches-publics\/","og_locale":"fr_FR","og_type":"article","og_title":"March\u00e9s publics - Toufflers","og_description":"REFECTION SALLE JEAN DEVYS ET CREATION D&#8217;UNE STRUCTURE D&#8217;ESCALADE Le dossier de consultation des entreprises est consultable et t\u00e9l\u00e9chargeable gratuitement \u00e0 partir du site : MARCHES PUBLICS DEMATERIALISES du CDG59 (Centre de Gestion du Nord) https:\/\/marchespublics596280.fr\/app.php\/consultation\/516986?orgAcronyme=50598","og_url":"https:\/\/toufflers.fr\/index.php\/marches-publics\/","og_site_name":"Toufflers","article_publisher":"https:\/\/www.facebook.com\/people\/Mairie-de-Toufflers\/100064872632846\/?fref=ts","article_modified_time":"2026-04-19T15:30:07+00:00","twitter_card":"summary_large_image","twitter_misc":{"Dur\u00e9e de lecture estim\u00e9e":"1 minute"},"schema":{"@context":"https:\/\/schema.org","@graph":[{"@type":"WebPage","@id":"https:\/\/toufflers.fr\/index.php\/marches-publics\/","url":"https:\/\/toufflers.fr\/index.php\/marches-publics\/","name":"March\u00e9s publics - Toufflers","isPartOf":{"@id":"https:\/\/toufflers.fr\/#website"},"datePublished":"2020-04-20T14:07:36+00:00","dateModified":"2026-04-19T15:30:07+00:00","breadcrumb":{"@id":"https:\/\/toufflers.fr\/index.php\/marches-publics\/#breadcrumb"},"inLanguage":"fr-FR","potentialAction":[{"@type":"ReadAction","target":["https:\/\/toufflers.fr\/index.php\/marches-publics\/"]}]},{"@type":"BreadcrumbList","@id":"https:\/\/toufflers.fr\/index.php\/marches-publics\/#breadcrumb","itemListElement":[{"@type":"ListItem","position":1,"name":"Accueil","item":"https:\/\/toufflers.fr\/"},{"@type":"ListItem","position":2,"name":"March\u00e9s publics"}]},{"@type":"WebSite","@id":"https:\/\/toufflers.fr\/#website","url":"https:\/\/toufflers.fr\/","name":"Toufflers","description":"","publisher":{"@id":"https:\/\/toufflers.fr\/#organization"},"potentialAction":[{"@type":"SearchAction","target":{"@type":"EntryPoint","urlTemplate":"https:\/\/toufflers.fr\/?s={search_term_string}"},"query-input":{"@type":"PropertyValueSpecification","valueRequired":true,"valueName":"search_term_string"}}],"inLanguage":"fr-FR"},{"@type":"Organization","@id":"https:\/\/toufflers.fr\/#organization","name":"Toufflers","url":"https:\/\/toufflers.fr\/","logo":{"@type":"ImageObject","inLanguage":"fr-FR","@id":"https:\/\/toufflers.fr\/#\/schema\/logo\/image\/","url":"https:\/\/toufflers.fr\/wp-content\/uploads\/2024\/02\/Logo-site.png","contentUrl":"https:\/\/toufflers.fr\/wp-content\/uploads\/2024\/02\/Logo-site.png","width":2560,"height":721,"caption":"Toufflers"},"image":{"@id":"https:\/\/toufflers.fr\/#\/schema\/logo\/image\/"},"sameAs":["https:\/\/www.facebook.com\/people\/Mairie-de-Toufflers\/100064872632846\/?fref=ts"]}]}},"_links":{"self":[{"href":"https:\/\/toufflers.fr\/index.php\/wp-json\/wp\/v2\/pages\/2459","targetHints":{"allow":["GET"]}}],"collection":[{"href":"https:\/\/toufflers.fr\/index.php\/wp-json\/wp\/v2\/pages"}],"about":[{"href":"https:\/\/toufflers.fr\/index.php\/wp-json\/wp\/v2\/types\/page"}],"author":[{"embeddable":true,"href":"https:\/\/toufflers.fr\/index.php\/wp-json\/wp\/v2\/users\/1"}],"replies":[{"embeddable":true,"href":"https:\/\/toufflers.fr\/index.php\/wp-json\/wp\/v2\/comments?post=2459"}],"version-history":[{"count":1,"href":"https:\/\/toufflers.fr\/index.php\/wp-json\/wp\/v2\/pages\/2459\/revisions"}],"predecessor-version":[{"id":6064,"href":"https:\/\/toufflers.fr\/index.php\/wp-json\/wp\/v2\/pages\/2459\/revisions\/6064"}],"wp:attachment":[{"href":"https:\/\/toufflers.fr\/index.php\/wp-json\/wp\/v2\/media?parent=2459"}],"curies":[{"name":"wp","href":"https:\/\/api.w.org\/{rel}","templated":true}]}}