{"id":2457,"date":"2020-04-20T16:06:55","date_gmt":"2020-04-20T14:06:55","guid":{"rendered":"http:\/\/toufflers.fr\/?page_id=2457"},"modified":"2026-04-19T17:30:07","modified_gmt":"2026-04-19T15:30:07","slug":"urbanisme","status":"publish","type":"page","link":"https:\/\/toufflers.fr\/index.php\/urbanisme\/","title":{"rendered":"Urbanisme"},"content":{"rendered":"[spb_text_block animation=&#8221;none&#8221; animation_delay=&#8221;0&#8243; simplified_controls=&#8221;yes&#8221; custom_css_percentage=&#8221;no&#8221; padding_vertical=&#8221;0&#8243; padding_horizontal=&#8221;0&#8243; margin_vertical=&#8221;0&#8243; custom_css=&#8221;margin-top: 0px;margin-bottom: 0px;&#8221; border_size=&#8221;0&#8243; border_styling_global=&#8221;default&#8221; width=&#8221;1\/1&#8243; el_position=&#8221;first last&#8221;]\n<div class=\"bloctexte\">\n<div class=\"su-row\">\n<div class=\"su-column su-column-size-1-2\">\n<div class=\"su-column-inner su-clearfix\">\n<h2>Les autorisations d\u2019urbanisme<\/h2>\n<p>Le certificat d\u2019urbanisme est un acte administratif qui indique l\u2019\u00e9tat des r\u00e8gles d\u2019urbanisme applicables pour un terrain donn\u00e9. Il d\u00e9livre une information sur la constructibilit\u00e9 et sur les droits et obligations attach\u00e9s \u00e0 ce terrain. Le certificat d\u2019urbanisme n\u2019est pas une autorisation, il ne remplace pas le permis de construire.<\/p>\n<p>Pour t\u00e9l\u00e9charger les formulaires de demande d\u2019autorisations d\u2019urbanisme (d\u00e9clarations pr\u00e9alables, permis de construire) : <a href=\"https:\/\/www.service-public.fr\/\" target=\"_blank\" rel=\"noopener noreferrer\">www.service-public.fr<\/a><\/p>\n<\/div>\n<p>Pour acc\u00e9der au <strong>Guichet Num\u00e9rique des Autorisations d&#8217;Urbanisme<\/strong> : <a href=\"https:\/\/gnau.lillemetropole.fr\/gnau\/#\/\" target=\"_blank\" rel=\"noopener\">https:\/\/gnau.lillemetropole.fr\/gnau\/#\/<\/a><\/p>\n<div class=\"su-column-inner su-clearfix\">\n<p>Pour pouvez t\u00e9l\u00e9charger le document d\u2019<a href=\"https:\/\/toufflers.fr\/wp-content\/uploads\/2025\/05\/DEMANDE-DAUTORISATION-DOCCUPATION-DE-LESPACE-PUBLIC-simplifie.pdf\" target=\"_blank\" rel=\"noopener\">autorisation d\u2019occupation du domaine public<\/a> (\u00e9chafaudage, benne, camion,\u2026).<\/p>\n<\/div>\n<\/div>\n<div class=\"su-column su-column-size-1-2\"><\/div>\n<\/div>\n<\/div>\n<hr \/>\n<h2>Le Plan Local d\u2019Urbanisme<\/h2>\n<p>Le PLU est un document d\u2019urbanisme, un outil de planification qui d\u00e9finit les grandes orientations d\u2019am\u00e9nagement et les perspectives de d\u00e9veloppement du territoire communal sur une dizaine d\u2019ann\u00e9es. Il d\u00e9termine, pour l\u2019ensemble de la commune, les zones actuelles et futures r\u00e9serv\u00e9es aux constructions, la nature de celles-ci, ainsi que les espaces agricoles et naturels.<\/p>\n<p>Il fixe par ailleurs les types d\u2019infrastructures existantes ou \u00e0 cr\u00e9er, ainsi que les r\u00e8gles g\u00e9n\u00e9rales et les servitudes d\u2019utilisation des sols. Si vous souhaitez construire, acheter ou vous installer \u00e0 Toufflers, le PLU vous donnera les premi\u00e8res indications sur la zone o\u00f9 se situe votre projet.<\/p>\n<p>Des enqu\u00eates publiques sur les dispositions du projet de modification du PLU se d\u00e9roulent r\u00e9guli\u00e8rement.<\/p>\n<p><a href=\"https:\/\/geomel.lillemetropole.fr\/adws\/app\/21813840-344c-11ef-8374-81a99f9b970e\/\" target=\"_blank\" rel=\"noopener\">Consulter le PLU de Toufflers<\/a><br \/>\n<a href=\"https:\/\/www.cadastre.gouv.fr\/scpc\/accueil.do\" target=\"_blank\" rel=\"noopener noreferrer\">Service de consultation du Plan Cadastral en ligne<\/a><\/p>\n[\/spb_text_block]\n","protected":false},"excerpt":{"rendered":"<p>[spb_text_block animation=&#8221;none&#8221; animation_delay=&#8221;0&#8243; simplified_controls=&#8221;yes&#8221; custom_css_percentage=&#8221;no&#8221; padding_vertical=&#8221;0&#8243; padding_horizontal=&#8221;0&#8243; margin_vertical=&#8221;0&#8243; custom_css=&#8221;margin-top: 0px;margin-bottom: 0px;&#8221; border_size=&#8221;0&#8243; border_styling_global=&#8221;default&#8221; width=&#8221;1\/1&#8243; el_position=&#8221;first last&#8221;] Les autorisations d\u2019urbanisme Le certificat d\u2019urbanisme est un acte administratif qui indique l\u2019\u00e9tat des r\u00e8gles d\u2019urbanisme applicables pour un terrain donn\u00e9. Il d\u00e9livre une information sur la constructibilit\u00e9 et sur les droits et obligations attach\u00e9s \u00e0 ce terrain. Le certificat d\u2019urbanisme n\u2019est pas une [&hellip;]<\/p>\n","protected":false},"author":1,"featured_media":0,"parent":0,"menu_order":0,"comment_status":"closed","ping_status":"closed","template":"","meta":{"footnotes":""},"class_list":["post-2457","page","type-page","status-publish","hentry"],"yoast_head":"<!-- This site is optimized with the Yoast SEO plugin v27.4 - https:\/\/yoast.com\/product\/yoast-seo-wordpress\/ -->\n<title>Urbanisme - Toufflers<\/title>\n<meta name=\"robots\" content=\"index, follow, max-snippet:-1, max-image-preview:large, max-video-preview:-1\" \/>\n<link rel=\"canonical\" href=\"https:\/\/toufflers.fr\/index.php\/urbanisme\/\" \/>\n<meta property=\"og:locale\" content=\"fr_FR\" \/>\n<meta property=\"og:type\" content=\"article\" \/>\n<meta property=\"og:title\" content=\"Urbanisme - Toufflers\" \/>\n<meta property=\"og:description\" content=\"[spb_text_block animation=&#8221;none&#8221; animation_delay=&#8221;0&#8243; simplified_controls=&#8221;yes&#8221; custom_css_percentage=&#8221;no&#8221; padding_vertical=&#8221;0&#8243; padding_horizontal=&#8221;0&#8243; margin_vertical=&#8221;0&#8243; custom_css=&#8221;margin-top: 0px;margin-bottom: 0px;&#8221; border_size=&#8221;0&#8243; border_styling_global=&#8221;default&#8221; width=&#8221;1\/1&#8243; el_position=&#8221;first last&#8221;] Les autorisations d\u2019urbanisme Le certificat d\u2019urbanisme est un acte administratif qui indique l\u2019\u00e9tat des r\u00e8gles d\u2019urbanisme applicables pour un terrain donn\u00e9. Il d\u00e9livre une information sur la constructibilit\u00e9 et sur les droits et obligations attach\u00e9s \u00e0 ce terrain. Le certificat d\u2019urbanisme n\u2019est pas une [&hellip;]\" \/>\n<meta property=\"og:url\" content=\"https:\/\/toufflers.fr\/index.php\/urbanisme\/\" \/>\n<meta property=\"og:site_name\" content=\"Toufflers\" \/>\n<meta property=\"article:publisher\" content=\"https:\/\/www.facebook.com\/people\/Mairie-de-Toufflers\/100064872632846\/?fref=ts\" \/>\n<meta property=\"article:modified_time\" content=\"2026-04-19T15:30:07+00:00\" \/>\n<meta name=\"twitter:card\" content=\"summary_large_image\" \/>\n<meta name=\"twitter:label1\" content=\"Dur\u00e9e de lecture estim\u00e9e\" \/>\n\t<meta name=\"twitter:data1\" content=\"2 minutes\" \/>\n<script type=\"application\/ld+json\" class=\"yoast-schema-graph\">{\"@context\":\"https:\\\/\\\/schema.org\",\"@graph\":[{\"@type\":\"WebPage\",\"@id\":\"https:\\\/\\\/toufflers.fr\\\/index.php\\\/urbanisme\\\/\",\"url\":\"https:\\\/\\\/toufflers.fr\\\/index.php\\\/urbanisme\\\/\",\"name\":\"Urbanisme - Toufflers\",\"isPartOf\":{\"@id\":\"https:\\\/\\\/toufflers.fr\\\/#website\"},\"datePublished\":\"2020-04-20T14:06:55+00:00\",\"dateModified\":\"2026-04-19T15:30:07+00:00\",\"breadcrumb\":{\"@id\":\"https:\\\/\\\/toufflers.fr\\\/index.php\\\/urbanisme\\\/#breadcrumb\"},\"inLanguage\":\"fr-FR\",\"potentialAction\":[{\"@type\":\"ReadAction\",\"target\":[\"https:\\\/\\\/toufflers.fr\\\/index.php\\\/urbanisme\\\/\"]}]},{\"@type\":\"BreadcrumbList\",\"@id\":\"https:\\\/\\\/toufflers.fr\\\/index.php\\\/urbanisme\\\/#breadcrumb\",\"itemListElement\":[{\"@type\":\"ListItem\",\"position\":1,\"name\":\"Accueil\",\"item\":\"https:\\\/\\\/toufflers.fr\\\/\"},{\"@type\":\"ListItem\",\"position\":2,\"name\":\"Urbanisme\"}]},{\"@type\":\"WebSite\",\"@id\":\"https:\\\/\\\/toufflers.fr\\\/#website\",\"url\":\"https:\\\/\\\/toufflers.fr\\\/\",\"name\":\"Toufflers\",\"description\":\"\",\"publisher\":{\"@id\":\"https:\\\/\\\/toufflers.fr\\\/#organization\"},\"potentialAction\":[{\"@type\":\"SearchAction\",\"target\":{\"@type\":\"EntryPoint\",\"urlTemplate\":\"https:\\\/\\\/toufflers.fr\\\/?s={search_term_string}\"},\"query-input\":{\"@type\":\"PropertyValueSpecification\",\"valueRequired\":true,\"valueName\":\"search_term_string\"}}],\"inLanguage\":\"fr-FR\"},{\"@type\":\"Organization\",\"@id\":\"https:\\\/\\\/toufflers.fr\\\/#organization\",\"name\":\"Toufflers\",\"url\":\"https:\\\/\\\/toufflers.fr\\\/\",\"logo\":{\"@type\":\"ImageObject\",\"inLanguage\":\"fr-FR\",\"@id\":\"https:\\\/\\\/toufflers.fr\\\/#\\\/schema\\\/logo\\\/image\\\/\",\"url\":\"https:\\\/\\\/toufflers.fr\\\/wp-content\\\/uploads\\\/2024\\\/02\\\/Logo-site.png\",\"contentUrl\":\"https:\\\/\\\/toufflers.fr\\\/wp-content\\\/uploads\\\/2024\\\/02\\\/Logo-site.png\",\"width\":2560,\"height\":721,\"caption\":\"Toufflers\"},\"image\":{\"@id\":\"https:\\\/\\\/toufflers.fr\\\/#\\\/schema\\\/logo\\\/image\\\/\"},\"sameAs\":[\"https:\\\/\\\/www.facebook.com\\\/people\\\/Mairie-de-Toufflers\\\/100064872632846\\\/?fref=ts\"]}]}<\/script>\n<!-- \/ Yoast SEO plugin. -->","yoast_head_json":{"title":"Urbanisme - Toufflers","robots":{"index":"index","follow":"follow","max-snippet":"max-snippet:-1","max-image-preview":"max-image-preview:large","max-video-preview":"max-video-preview:-1"},"canonical":"https:\/\/toufflers.fr\/index.php\/urbanisme\/","og_locale":"fr_FR","og_type":"article","og_title":"Urbanisme - Toufflers","og_description":"[spb_text_block animation=&#8221;none&#8221; animation_delay=&#8221;0&#8243; simplified_controls=&#8221;yes&#8221; custom_css_percentage=&#8221;no&#8221; padding_vertical=&#8221;0&#8243; padding_horizontal=&#8221;0&#8243; margin_vertical=&#8221;0&#8243; custom_css=&#8221;margin-top: 0px;margin-bottom: 0px;&#8221; border_size=&#8221;0&#8243; border_styling_global=&#8221;default&#8221; width=&#8221;1\/1&#8243; el_position=&#8221;first last&#8221;] Les autorisations d\u2019urbanisme Le certificat d\u2019urbanisme est un acte administratif qui indique l\u2019\u00e9tat des r\u00e8gles d\u2019urbanisme applicables pour un terrain donn\u00e9. Il d\u00e9livre une information sur la constructibilit\u00e9 et sur les droits et obligations attach\u00e9s \u00e0 ce terrain. Le certificat d\u2019urbanisme n\u2019est pas une [&hellip;]","og_url":"https:\/\/toufflers.fr\/index.php\/urbanisme\/","og_site_name":"Toufflers","article_publisher":"https:\/\/www.facebook.com\/people\/Mairie-de-Toufflers\/100064872632846\/?fref=ts","article_modified_time":"2026-04-19T15:30:07+00:00","twitter_card":"summary_large_image","twitter_misc":{"Dur\u00e9e de lecture estim\u00e9e":"2 minutes"},"schema":{"@context":"https:\/\/schema.org","@graph":[{"@type":"WebPage","@id":"https:\/\/toufflers.fr\/index.php\/urbanisme\/","url":"https:\/\/toufflers.fr\/index.php\/urbanisme\/","name":"Urbanisme - Toufflers","isPartOf":{"@id":"https:\/\/toufflers.fr\/#website"},"datePublished":"2020-04-20T14:06:55+00:00","dateModified":"2026-04-19T15:30:07+00:00","breadcrumb":{"@id":"https:\/\/toufflers.fr\/index.php\/urbanisme\/#breadcrumb"},"inLanguage":"fr-FR","potentialAction":[{"@type":"ReadAction","target":["https:\/\/toufflers.fr\/index.php\/urbanisme\/"]}]},{"@type":"BreadcrumbList","@id":"https:\/\/toufflers.fr\/index.php\/urbanisme\/#breadcrumb","itemListElement":[{"@type":"ListItem","position":1,"name":"Accueil","item":"https:\/\/toufflers.fr\/"},{"@type":"ListItem","position":2,"name":"Urbanisme"}]},{"@type":"WebSite","@id":"https:\/\/toufflers.fr\/#website","url":"https:\/\/toufflers.fr\/","name":"Toufflers","description":"","publisher":{"@id":"https:\/\/toufflers.fr\/#organization"},"potentialAction":[{"@type":"SearchAction","target":{"@type":"EntryPoint","urlTemplate":"https:\/\/toufflers.fr\/?s={search_term_string}"},"query-input":{"@type":"PropertyValueSpecification","valueRequired":true,"valueName":"search_term_string"}}],"inLanguage":"fr-FR"},{"@type":"Organization","@id":"https:\/\/toufflers.fr\/#organization","name":"Toufflers","url":"https:\/\/toufflers.fr\/","logo":{"@type":"ImageObject","inLanguage":"fr-FR","@id":"https:\/\/toufflers.fr\/#\/schema\/logo\/image\/","url":"https:\/\/toufflers.fr\/wp-content\/uploads\/2024\/02\/Logo-site.png","contentUrl":"https:\/\/toufflers.fr\/wp-content\/uploads\/2024\/02\/Logo-site.png","width":2560,"height":721,"caption":"Toufflers"},"image":{"@id":"https:\/\/toufflers.fr\/#\/schema\/logo\/image\/"},"sameAs":["https:\/\/www.facebook.com\/people\/Mairie-de-Toufflers\/100064872632846\/?fref=ts"]}]}},"_links":{"self":[{"href":"https:\/\/toufflers.fr\/index.php\/wp-json\/wp\/v2\/pages\/2457","targetHints":{"allow":["GET"]}}],"collection":[{"href":"https:\/\/toufflers.fr\/index.php\/wp-json\/wp\/v2\/pages"}],"about":[{"href":"https:\/\/toufflers.fr\/index.php\/wp-json\/wp\/v2\/types\/page"}],"author":[{"embeddable":true,"href":"https:\/\/toufflers.fr\/index.php\/wp-json\/wp\/v2\/users\/1"}],"replies":[{"embeddable":true,"href":"https:\/\/toufflers.fr\/index.php\/wp-json\/wp\/v2\/comments?post=2457"}],"version-history":[{"count":3,"href":"https:\/\/toufflers.fr\/index.php\/wp-json\/wp\/v2\/pages\/2457\/revisions"}],"predecessor-version":[{"id":6928,"href":"https:\/\/toufflers.fr\/index.php\/wp-json\/wp\/v2\/pages\/2457\/revisions\/6928"}],"wp:attachment":[{"href":"https:\/\/toufflers.fr\/index.php\/wp-json\/wp\/v2\/media?parent=2457"}],"curies":[{"name":"wp","href":"https:\/\/api.w.org\/{rel}","templated":true}]}}