{"id":2304,"date":"2020-03-03T11:31:46","date_gmt":"2020-03-03T10:31:46","guid":{"rendered":"http:\/\/toufflers.fr\/?page_id=2304"},"modified":"2026-04-19T17:30:08","modified_gmt":"2026-04-19T15:30:08","slug":"conseil-municipal-des-jeunes","status":"publish","type":"page","link":"https:\/\/toufflers.fr\/index.php\/conseil-municipal\/conseil-municipal-des-jeunes\/","title":{"rendered":"Conseil Municipal des jeunes"},"content":{"rendered":"[spb_text_block animation=&#8221;none&#8221; animation_delay=&#8221;0&#8243; simplified_controls=&#8221;yes&#8221; custom_css_percentage=&#8221;no&#8221; padding_vertical=&#8221;0&#8243; padding_horizontal=&#8221;0&#8243; margin_vertical=&#8221;0&#8243; custom_css=&#8221;margin-top: 0px;margin-bottom: 0px;&#8221; border_size=&#8221;0&#8243; border_styling_global=&#8221;default&#8221; width=&#8221;1\/1&#8243; el_position=&#8221;first last&#8221;]\n<p><img loading=\"lazy\" decoding=\"async\" class=\"alignnone size-medium wp-image-6006\" src=\"http:\/\/2024.toufflers.fr\/wp-content\/uploads\/2024\/02\/DSCN9235-1-300x225.jpg\" alt=\"\" width=\"300\" height=\"225\" srcset=\"https:\/\/toufflers.fr\/wp-content\/uploads\/2024\/02\/DSCN9235-1-300x225.jpg 300w, https:\/\/toufflers.fr\/wp-content\/uploads\/2024\/02\/DSCN9235-1-768x576.jpg 768w, https:\/\/toufflers.fr\/wp-content\/uploads\/2024\/02\/DSCN9235-1-600x450.jpg 600w, https:\/\/toufflers.fr\/wp-content\/uploads\/2024\/02\/DSCN9235-1-900x675.jpg 900w, https:\/\/toufflers.fr\/wp-content\/uploads\/2024\/02\/DSCN9235-1.jpg 1000w\" sizes=\"auto, (max-width: 300px) 100vw, 300px\" \/><\/p>\n<p>Le <b>Conseil Municipal des Jeunes<\/b> (CMJ) est non seulement un lieu d\u2019<b>apprentissage de la citoyennet\u00e9<\/b>, mais aussi un partenaire privil\u00e9gi\u00e9 de la commune pour l\u2019\u00e9laboration de sa <b>politique jeunesse<\/b>.<\/p>\n<p>Cr\u00e9\u00e9 le 19 d\u00e9cembre 2006 par d\u00e9lib\u00e9ration du Conseil Municipal, le CMJ est une instance o\u00f9 si\u00e8gent des enfants des \u00e9coles de la commune en classe de CM1 et CM2. Install\u00e9s en 2006, les repr\u00e9sentants si\u00e8gent aux c\u00f4t\u00e9s du maire membre de droit, lors des s\u00e9ances pl\u00e9ni\u00e8res r\u00e9parties sur l\u2019ann\u00e9e scolaire.<\/p>\n<p>Ils sont \u00e9lus au suffrage universel direct par les jeunes de l\u2019\u00e9cole Jacques Pr\u00e9vert et de l\u2019\u00e9cole Saint Pierre. Les s\u00e9ances se d\u00e9roulent en mairie et un compte-rendu est effectu\u00e9. Les \u00e9changes sont anim\u00e9s et souvent riches d\u2019enseignements.<\/p>\n<p>Le Conseil Municipal des Jeunes est notamment \u00e0 l\u2019origine de la cr\u00e9ation du Jardin Participatif qui se trouve dans le jardin de la Mairie ou encore des collectes de bouchons au profit de l\u2019association <a href=\"http:\/\/www.bouchonsdamour.com\/\" target=\"_blank\" rel=\"noopener noreferrer\">Bouchons d\u2019Amour<\/a>, par exemple.<\/p>\n[\/spb_text_block]\n","protected":false},"excerpt":{"rendered":"<p>[spb_text_block animation=&#8221;none&#8221; animation_delay=&#8221;0&#8243; simplified_controls=&#8221;yes&#8221; custom_css_percentage=&#8221;no&#8221; padding_vertical=&#8221;0&#8243; padding_horizontal=&#8221;0&#8243; margin_vertical=&#8221;0&#8243; custom_css=&#8221;margin-top: 0px;margin-bottom: 0px;&#8221; border_size=&#8221;0&#8243; border_styling_global=&#8221;default&#8221; width=&#8221;1\/1&#8243; el_position=&#8221;first last&#8221;] Le Conseil Municipal des Jeunes (CMJ) est non seulement un lieu d\u2019apprentissage de la citoyennet\u00e9, mais aussi un partenaire privil\u00e9gi\u00e9 de la commune pour l\u2019\u00e9laboration de sa politique jeunesse. Cr\u00e9\u00e9 le 19 d\u00e9cembre 2006 par d\u00e9lib\u00e9ration du Conseil Municipal, le CMJ est une instance [&hellip;]<\/p>\n","protected":false},"author":1,"featured_media":6006,"parent":2538,"menu_order":0,"comment_status":"closed","ping_status":"closed","template":"","meta":{"footnotes":""},"class_list":["post-2304","page","type-page","status-publish","has-post-thumbnail","hentry"],"yoast_head":"<!-- This site is optimized with the Yoast SEO plugin v27.4 - https:\/\/yoast.com\/product\/yoast-seo-wordpress\/ -->\n<title>Conseil Municipal des jeunes - Toufflers<\/title>\n<meta name=\"robots\" content=\"index, follow, max-snippet:-1, max-image-preview:large, max-video-preview:-1\" \/>\n<link rel=\"canonical\" href=\"https:\/\/toufflers.fr\/index.php\/conseil-municipal\/conseil-municipal-des-jeunes\/\" \/>\n<meta property=\"og:locale\" content=\"fr_FR\" \/>\n<meta property=\"og:type\" content=\"article\" \/>\n<meta property=\"og:title\" content=\"Conseil Municipal des jeunes - Toufflers\" \/>\n<meta property=\"og:description\" content=\"[spb_text_block animation=&#8221;none&#8221; animation_delay=&#8221;0&#8243; simplified_controls=&#8221;yes&#8221; custom_css_percentage=&#8221;no&#8221; padding_vertical=&#8221;0&#8243; padding_horizontal=&#8221;0&#8243; margin_vertical=&#8221;0&#8243; custom_css=&#8221;margin-top: 0px;margin-bottom: 0px;&#8221; border_size=&#8221;0&#8243; border_styling_global=&#8221;default&#8221; width=&#8221;1\/1&#8243; el_position=&#8221;first last&#8221;] Le Conseil Municipal des Jeunes (CMJ) est non seulement un lieu d\u2019apprentissage de la citoyennet\u00e9, mais aussi un partenaire privil\u00e9gi\u00e9 de la commune pour l\u2019\u00e9laboration de sa politique jeunesse. Cr\u00e9\u00e9 le 19 d\u00e9cembre 2006 par d\u00e9lib\u00e9ration du Conseil Municipal, le CMJ est une instance [&hellip;]\" \/>\n<meta property=\"og:url\" content=\"https:\/\/toufflers.fr\/index.php\/conseil-municipal\/conseil-municipal-des-jeunes\/\" \/>\n<meta property=\"og:site_name\" content=\"Toufflers\" \/>\n<meta property=\"article:publisher\" content=\"https:\/\/www.facebook.com\/people\/Mairie-de-Toufflers\/100064872632846\/?fref=ts\" \/>\n<meta property=\"article:modified_time\" content=\"2026-04-19T15:30:08+00:00\" \/>\n<meta property=\"og:image\" content=\"https:\/\/toufflers.fr\/wp-content\/uploads\/2024\/02\/DSCN9235-1.jpg\" \/>\n\t<meta property=\"og:image:width\" content=\"1000\" \/>\n\t<meta property=\"og:image:height\" content=\"750\" \/>\n\t<meta property=\"og:image:type\" content=\"image\/jpeg\" \/>\n<meta name=\"twitter:card\" content=\"summary_large_image\" \/>\n<meta name=\"twitter:label1\" content=\"Dur\u00e9e de lecture estim\u00e9e\" \/>\n\t<meta name=\"twitter:data1\" content=\"2 minutes\" \/>\n<script type=\"application\/ld+json\" class=\"yoast-schema-graph\">{\"@context\":\"https:\\\/\\\/schema.org\",\"@graph\":[{\"@type\":\"WebPage\",\"@id\":\"https:\\\/\\\/toufflers.fr\\\/index.php\\\/conseil-municipal\\\/conseil-municipal-des-jeunes\\\/\",\"url\":\"https:\\\/\\\/toufflers.fr\\\/index.php\\\/conseil-municipal\\\/conseil-municipal-des-jeunes\\\/\",\"name\":\"Conseil Municipal des jeunes - Toufflers\",\"isPartOf\":{\"@id\":\"https:\\\/\\\/toufflers.fr\\\/#website\"},\"primaryImageOfPage\":{\"@id\":\"https:\\\/\\\/toufflers.fr\\\/index.php\\\/conseil-municipal\\\/conseil-municipal-des-jeunes\\\/#primaryimage\"},\"image\":{\"@id\":\"https:\\\/\\\/toufflers.fr\\\/index.php\\\/conseil-municipal\\\/conseil-municipal-des-jeunes\\\/#primaryimage\"},\"thumbnailUrl\":\"https:\\\/\\\/toufflers.fr\\\/wp-content\\\/uploads\\\/2024\\\/02\\\/DSCN9235-1.jpg\",\"datePublished\":\"2020-03-03T10:31:46+00:00\",\"dateModified\":\"2026-04-19T15:30:08+00:00\",\"breadcrumb\":{\"@id\":\"https:\\\/\\\/toufflers.fr\\\/index.php\\\/conseil-municipal\\\/conseil-municipal-des-jeunes\\\/#breadcrumb\"},\"inLanguage\":\"fr-FR\",\"potentialAction\":[{\"@type\":\"ReadAction\",\"target\":[\"https:\\\/\\\/toufflers.fr\\\/index.php\\\/conseil-municipal\\\/conseil-municipal-des-jeunes\\\/\"]}]},{\"@type\":\"ImageObject\",\"inLanguage\":\"fr-FR\",\"@id\":\"https:\\\/\\\/toufflers.fr\\\/index.php\\\/conseil-municipal\\\/conseil-municipal-des-jeunes\\\/#primaryimage\",\"url\":\"https:\\\/\\\/toufflers.fr\\\/wp-content\\\/uploads\\\/2024\\\/02\\\/DSCN9235-1.jpg\",\"contentUrl\":\"https:\\\/\\\/toufflers.fr\\\/wp-content\\\/uploads\\\/2024\\\/02\\\/DSCN9235-1.jpg\",\"width\":1000,\"height\":750},{\"@type\":\"BreadcrumbList\",\"@id\":\"https:\\\/\\\/toufflers.fr\\\/index.php\\\/conseil-municipal\\\/conseil-municipal-des-jeunes\\\/#breadcrumb\",\"itemListElement\":[{\"@type\":\"ListItem\",\"position\":1,\"name\":\"Accueil\",\"item\":\"https:\\\/\\\/toufflers.fr\\\/\"},{\"@type\":\"ListItem\",\"position\":2,\"name\":\"Priv\u00e9\u00a0: Le Conseil Municipal\",\"item\":\"https:\\\/\\\/toufflers.fr\\\/index.php\\\/conseil-municipal\\\/\"},{\"@type\":\"ListItem\",\"position\":3,\"name\":\"Conseil Municipal des jeunes\"}]},{\"@type\":\"WebSite\",\"@id\":\"https:\\\/\\\/toufflers.fr\\\/#website\",\"url\":\"https:\\\/\\\/toufflers.fr\\\/\",\"name\":\"Toufflers\",\"description\":\"\",\"publisher\":{\"@id\":\"https:\\\/\\\/toufflers.fr\\\/#organization\"},\"potentialAction\":[{\"@type\":\"SearchAction\",\"target\":{\"@type\":\"EntryPoint\",\"urlTemplate\":\"https:\\\/\\\/toufflers.fr\\\/?s={search_term_string}\"},\"query-input\":{\"@type\":\"PropertyValueSpecification\",\"valueRequired\":true,\"valueName\":\"search_term_string\"}}],\"inLanguage\":\"fr-FR\"},{\"@type\":\"Organization\",\"@id\":\"https:\\\/\\\/toufflers.fr\\\/#organization\",\"name\":\"Toufflers\",\"url\":\"https:\\\/\\\/toufflers.fr\\\/\",\"logo\":{\"@type\":\"ImageObject\",\"inLanguage\":\"fr-FR\",\"@id\":\"https:\\\/\\\/toufflers.fr\\\/#\\\/schema\\\/logo\\\/image\\\/\",\"url\":\"https:\\\/\\\/toufflers.fr\\\/wp-content\\\/uploads\\\/2024\\\/02\\\/Logo-site.png\",\"contentUrl\":\"https:\\\/\\\/toufflers.fr\\\/wp-content\\\/uploads\\\/2024\\\/02\\\/Logo-site.png\",\"width\":2560,\"height\":721,\"caption\":\"Toufflers\"},\"image\":{\"@id\":\"https:\\\/\\\/toufflers.fr\\\/#\\\/schema\\\/logo\\\/image\\\/\"},\"sameAs\":[\"https:\\\/\\\/www.facebook.com\\\/people\\\/Mairie-de-Toufflers\\\/100064872632846\\\/?fref=ts\"]}]}<\/script>\n<!-- \/ Yoast SEO plugin. -->","yoast_head_json":{"title":"Conseil Municipal des jeunes - Toufflers","robots":{"index":"index","follow":"follow","max-snippet":"max-snippet:-1","max-image-preview":"max-image-preview:large","max-video-preview":"max-video-preview:-1"},"canonical":"https:\/\/toufflers.fr\/index.php\/conseil-municipal\/conseil-municipal-des-jeunes\/","og_locale":"fr_FR","og_type":"article","og_title":"Conseil Municipal des jeunes - Toufflers","og_description":"[spb_text_block animation=&#8221;none&#8221; animation_delay=&#8221;0&#8243; simplified_controls=&#8221;yes&#8221; custom_css_percentage=&#8221;no&#8221; padding_vertical=&#8221;0&#8243; padding_horizontal=&#8221;0&#8243; margin_vertical=&#8221;0&#8243; custom_css=&#8221;margin-top: 0px;margin-bottom: 0px;&#8221; border_size=&#8221;0&#8243; border_styling_global=&#8221;default&#8221; width=&#8221;1\/1&#8243; el_position=&#8221;first last&#8221;] Le Conseil Municipal des Jeunes (CMJ) est non seulement un lieu d\u2019apprentissage de la citoyennet\u00e9, mais aussi un partenaire privil\u00e9gi\u00e9 de la commune pour l\u2019\u00e9laboration de sa politique jeunesse. Cr\u00e9\u00e9 le 19 d\u00e9cembre 2006 par d\u00e9lib\u00e9ration du Conseil Municipal, le CMJ est une instance [&hellip;]","og_url":"https:\/\/toufflers.fr\/index.php\/conseil-municipal\/conseil-municipal-des-jeunes\/","og_site_name":"Toufflers","article_publisher":"https:\/\/www.facebook.com\/people\/Mairie-de-Toufflers\/100064872632846\/?fref=ts","article_modified_time":"2026-04-19T15:30:08+00:00","og_image":[{"width":1000,"height":750,"url":"https:\/\/toufflers.fr\/wp-content\/uploads\/2024\/02\/DSCN9235-1.jpg","type":"image\/jpeg"}],"twitter_card":"summary_large_image","twitter_misc":{"Dur\u00e9e de lecture estim\u00e9e":"2 minutes"},"schema":{"@context":"https:\/\/schema.org","@graph":[{"@type":"WebPage","@id":"https:\/\/toufflers.fr\/index.php\/conseil-municipal\/conseil-municipal-des-jeunes\/","url":"https:\/\/toufflers.fr\/index.php\/conseil-municipal\/conseil-municipal-des-jeunes\/","name":"Conseil Municipal des jeunes - Toufflers","isPartOf":{"@id":"https:\/\/toufflers.fr\/#website"},"primaryImageOfPage":{"@id":"https:\/\/toufflers.fr\/index.php\/conseil-municipal\/conseil-municipal-des-jeunes\/#primaryimage"},"image":{"@id":"https:\/\/toufflers.fr\/index.php\/conseil-municipal\/conseil-municipal-des-jeunes\/#primaryimage"},"thumbnailUrl":"https:\/\/toufflers.fr\/wp-content\/uploads\/2024\/02\/DSCN9235-1.jpg","datePublished":"2020-03-03T10:31:46+00:00","dateModified":"2026-04-19T15:30:08+00:00","breadcrumb":{"@id":"https:\/\/toufflers.fr\/index.php\/conseil-municipal\/conseil-municipal-des-jeunes\/#breadcrumb"},"inLanguage":"fr-FR","potentialAction":[{"@type":"ReadAction","target":["https:\/\/toufflers.fr\/index.php\/conseil-municipal\/conseil-municipal-des-jeunes\/"]}]},{"@type":"ImageObject","inLanguage":"fr-FR","@id":"https:\/\/toufflers.fr\/index.php\/conseil-municipal\/conseil-municipal-des-jeunes\/#primaryimage","url":"https:\/\/toufflers.fr\/wp-content\/uploads\/2024\/02\/DSCN9235-1.jpg","contentUrl":"https:\/\/toufflers.fr\/wp-content\/uploads\/2024\/02\/DSCN9235-1.jpg","width":1000,"height":750},{"@type":"BreadcrumbList","@id":"https:\/\/toufflers.fr\/index.php\/conseil-municipal\/conseil-municipal-des-jeunes\/#breadcrumb","itemListElement":[{"@type":"ListItem","position":1,"name":"Accueil","item":"https:\/\/toufflers.fr\/"},{"@type":"ListItem","position":2,"name":"Priv\u00e9\u00a0: Le Conseil Municipal","item":"https:\/\/toufflers.fr\/index.php\/conseil-municipal\/"},{"@type":"ListItem","position":3,"name":"Conseil Municipal des jeunes"}]},{"@type":"WebSite","@id":"https:\/\/toufflers.fr\/#website","url":"https:\/\/toufflers.fr\/","name":"Toufflers","description":"","publisher":{"@id":"https:\/\/toufflers.fr\/#organization"},"potentialAction":[{"@type":"SearchAction","target":{"@type":"EntryPoint","urlTemplate":"https:\/\/toufflers.fr\/?s={search_term_string}"},"query-input":{"@type":"PropertyValueSpecification","valueRequired":true,"valueName":"search_term_string"}}],"inLanguage":"fr-FR"},{"@type":"Organization","@id":"https:\/\/toufflers.fr\/#organization","name":"Toufflers","url":"https:\/\/toufflers.fr\/","logo":{"@type":"ImageObject","inLanguage":"fr-FR","@id":"https:\/\/toufflers.fr\/#\/schema\/logo\/image\/","url":"https:\/\/toufflers.fr\/wp-content\/uploads\/2024\/02\/Logo-site.png","contentUrl":"https:\/\/toufflers.fr\/wp-content\/uploads\/2024\/02\/Logo-site.png","width":2560,"height":721,"caption":"Toufflers"},"image":{"@id":"https:\/\/toufflers.fr\/#\/schema\/logo\/image\/"},"sameAs":["https:\/\/www.facebook.com\/people\/Mairie-de-Toufflers\/100064872632846\/?fref=ts"]}]}},"_links":{"self":[{"href":"https:\/\/toufflers.fr\/index.php\/wp-json\/wp\/v2\/pages\/2304","targetHints":{"allow":["GET"]}}],"collection":[{"href":"https:\/\/toufflers.fr\/index.php\/wp-json\/wp\/v2\/pages"}],"about":[{"href":"https:\/\/toufflers.fr\/index.php\/wp-json\/wp\/v2\/types\/page"}],"author":[{"embeddable":true,"href":"https:\/\/toufflers.fr\/index.php\/wp-json\/wp\/v2\/users\/1"}],"replies":[{"embeddable":true,"href":"https:\/\/toufflers.fr\/index.php\/wp-json\/wp\/v2\/comments?post=2304"}],"version-history":[{"count":3,"href":"https:\/\/toufflers.fr\/index.php\/wp-json\/wp\/v2\/pages\/2304\/revisions"}],"predecessor-version":[{"id":6007,"href":"https:\/\/toufflers.fr\/index.php\/wp-json\/wp\/v2\/pages\/2304\/revisions\/6007"}],"up":[{"embeddable":true,"href":"https:\/\/toufflers.fr\/index.php\/wp-json\/wp\/v2\/pages\/2538"}],"wp:featuredmedia":[{"embeddable":true,"href":"https:\/\/toufflers.fr\/index.php\/wp-json\/wp\/v2\/media\/6006"}],"wp:attachment":[{"href":"https:\/\/toufflers.fr\/index.php\/wp-json\/wp\/v2\/media?parent=2304"}],"curies":[{"name":"wp","href":"https:\/\/api.w.org\/{rel}","templated":true}]}}